{"id":39413,"date":"2026-01-28T12:09:19","date_gmt":"2026-01-28T12:09:19","guid":{"rendered":"https:\/\/www.freeshopfrontiera.ch\/shop\/rabanne-phantom-in-red-parfum-elixir-100ml\/"},"modified":"2026-01-28T12:13:35","modified_gmt":"2026-01-28T12:13:35","slug":"rabanne-phantom-in-red-parfum-elixir-100ml","status":"publish","type":"product","link":"https:\/\/www.freeshopfrontiera.ch\/fr\/shop\/rabanne-phantom-in-red-parfum-elixir-100ml\/","title":{"rendered":"RABANNE Phantom In Red Parfum Elixir 100ml"},"content":{"rendered":"<p><strong data-start=\"2835\" data-end=\"2887\">RABANNE Phantom In Red Parfum Elixir Vapo 100\u202fml<\/strong> est un parfum audacieux et moderne qui incarne une nouvelle vision de la s\u00e9duction lumineuse et magn\u00e9tique, con\u00e7u pour celles et ceux qui aiment exprimer leur personnalit\u00e9, leur \u00e9nergie et leur style sans compromis. Faisant partie de la famille <strong data-start=\"3133\" data-end=\"3159\">Floral Fruit\u00e9 Gourmand<\/strong>, cette composition olfactive surprend d\u00e8s les premi\u00e8res notes avec une explosion fruit\u00e9e de framboises juteuses et de jus de poire fra\u00eeche, apportant imm\u00e9diatement un caract\u00e8re vibrant, lumineux et irr\u00e9sistiblement s\u00e9duisant.<\/p>\n<p>Au c\u0153ur, un accord riche de rose intense et de p\u00e9tales de pivoine velout\u00e9s enveloppe le parfum d\u2019une f\u00e9minit\u00e9 sophistiqu\u00e9e, d\u00e9licate mais affirm\u00e9e, tandis que de subtiles nuances aromatiques ajoutent profondeur et mouvement \u00e0 la structure. La base est chaude et opulente, domin\u00e9e par l\u2019<strong data-start=\"3672\" data-end=\"3702\">absolu de vanille cr\u00e9meuse<\/strong>, enrichie de touches d\u2019ambre doux et de musc sensuel, assurant une tenue longue dur\u00e9e et une sillage enveloppant qui captive et laisse une empreinte. Le r\u00e9sultat est un parfum qui allie fra\u00eecheur fruit\u00e9e, \u00e9l\u00e9gance florale et gourmandise enveloppante dans un \u00e9quilibre parfait, id\u00e9al pour celles et ceux qui recherchent une fragrance \u00e0 la fois \u00e9nergique, s\u00e9duisante et m\u00e9morable. Le flacon refl\u00e8te l\u2019esth\u00e9tique audacieuse de Phantom, avec des lignes modernes et des d\u00e9tails vibrants, symbole d\u2019un charme contemporain et assur\u00e9.<\/p>\n<p>&nbsp;<\/p>\n<p>Follow us!\u00a0 <a href=\"https:\/\/www.instagram.com\/freeshopswiss\/\" target=\"_blank\" rel=\"noopener\">@freeshopswiss<\/a><\/p>\n","protected":false},"excerpt":{"rendered":"<p><strong data-start=\"2835\" data-end=\"2887\">RABANNE Phantom In Red Parfum Elixir Vapo 100\u202fml<\/strong> est un parfum audacieux et moderne qui incarne une nouvelle vision de la s\u00e9duction lumineuse et magn\u00e9tique, con\u00e7u pour celles et ceux qui aiment exprimer leur personnalit\u00e9, leur \u00e9nergie et leur style sans compromis.<\/p>\n","protected":false},"featured_media":39409,"comment_status":"open","ping_status":"closed","template":"","meta":[],"pwb-brand":[378],"product_brand":[],"product_cat":[87,89],"product_tag":[252,1629,143,97],"class_list":{"0":"post-39413","1":"product","2":"type-product","3":"status-publish","4":"has-post-thumbnail","6":"pwb-brand-rabanne","7":"product_cat-parfums","8":"product_cat-pour-lui","9":"product_tag-eau-de-parfum-fr","10":"product_tag-mens-fragrances-fr","11":"product_tag-homme","12":"product_tag-parfums","14":"first","15":"instock","16":"sale","17":"taxable","18":"shipping-taxable","19":"purchasable","20":"product-type-variable","21":"has-default-attributes"},"brands":[{"id":378,"name":"Rabanne","slug":"rabanne"}],"_links":{"self":[{"href":"https:\/\/www.freeshopfrontiera.ch\/fr\/wp-json\/wp\/v2\/product\/39413","targetHints":{"allow":["GET"]}}],"collection":[{"href":"https:\/\/www.freeshopfrontiera.ch\/fr\/wp-json\/wp\/v2\/product"}],"about":[{"href":"https:\/\/www.freeshopfrontiera.ch\/fr\/wp-json\/wp\/v2\/types\/product"}],"replies":[{"embeddable":true,"href":"https:\/\/www.freeshopfrontiera.ch\/fr\/wp-json\/wp\/v2\/comments?post=39413"}],"version-history":[{"count":1,"href":"https:\/\/www.freeshopfrontiera.ch\/fr\/wp-json\/wp\/v2\/product\/39413\/revisions"}],"predecessor-version":[{"id":39417,"href":"https:\/\/www.freeshopfrontiera.ch\/fr\/wp-json\/wp\/v2\/product\/39413\/revisions\/39417"}],"wp:featuredmedia":[{"embeddable":true,"href":"https:\/\/www.freeshopfrontiera.ch\/fr\/wp-json\/wp\/v2\/media\/39409"}],"wp:attachment":[{"href":"https:\/\/www.freeshopfrontiera.ch\/fr\/wp-json\/wp\/v2\/media?parent=39413"}],"wp:term":[{"taxonomy":"pwb-brand","embeddable":true,"href":"https:\/\/www.freeshopfrontiera.ch\/fr\/wp-json\/wp\/v2\/pwb-brand?post=39413"},{"taxonomy":"product_brand","embeddable":true,"href":"https:\/\/www.freeshopfrontiera.ch\/fr\/wp-json\/wp\/v2\/product_brand?post=39413"},{"taxonomy":"product_cat","embeddable":true,"href":"https:\/\/www.freeshopfrontiera.ch\/fr\/wp-json\/wp\/v2\/product_cat?post=39413"},{"taxonomy":"product_tag","embeddable":true,"href":"https:\/\/www.freeshopfrontiera.ch\/fr\/wp-json\/wp\/v2\/product_tag?post=39413"}],"curies":[{"name":"wp","href":"https:\/\/api.w.org\/{rel}","templated":true}]}}