{"id":39649,"date":"2026-01-09T14:44:48","date_gmt":"2026-01-09T14:44:48","guid":{"rendered":"https:\/\/www.freeshopfrontiera.ch\/shop\/tom-ford-set-oud-minerale\/"},"modified":"2026-02-09T14:47:59","modified_gmt":"2026-02-09T14:47:59","slug":"tom-ford-set-oud-minerale","status":"publish","type":"product","link":"https:\/\/www.freeshopfrontiera.ch\/fr\/shop\/tom-ford-set-oud-minerale\/","title":{"rendered":"TOM FORD SET Oud Minerale"},"content":{"rendered":"<p data-start=\"2489\" data-end=\"2813\"><strong data-start=\"2489\" data-end=\"2564\">TOM FORD SET Oud Minerale Eau de Parfum Vapo 100 ml + Travel Size 10 ml<\/strong> est un coffret exclusif r\u00e9unissant l\u2019une des fragrances les plus fascinantes et sophistiqu\u00e9es de la collection Tom Ford. Un set id\u00e9al pour les amateurs de parfums intenses, modernes et non conventionnels, parfait \u00e9galement comme cadeau de prestige.<\/p>\n<p data-start=\"2815\" data-end=\"3229\"><strong data-start=\"2815\" data-end=\"2831\">Oud Minerale<\/strong> est une fragrance unique qui associe la profondeur myst\u00e9rieuse de l\u2019oud \u00e0 des accents marins et min\u00e9raux. L\u2019ouverture \u00e9voque la puissance de l\u2019oc\u00e9an et des roches baign\u00e9es par la mer, avec des notes fra\u00eeches et salines qui se fondent harmonieusement dans un c\u0153ur chaud et bois\u00e9 d\u2019oud. Le r\u00e9sultat est un contraste captivant entre fra\u00eecheur marine et intensit\u00e9 bois\u00e9e, \u00e0 la fois \u00e9l\u00e9gant et sensuel.<\/p>\n<p data-start=\"3231\" data-end=\"3464\">La composition est enrichie de nuances terreuses et fum\u00e9es qui apportent caract\u00e8re, profondeur et une tenue raffin\u00e9e sur la peau. Une fragrance unisexe, audacieuse et contemporaine, con\u00e7ue pour celles et ceux qui aiment se d\u00e9marquer.<\/p>\n<p data-start=\"3466\" data-end=\"3722\">Le coffret comprend le <strong data-start=\"3489\" data-end=\"3509\">flacon de 100 ml<\/strong> pour un usage quotidien ainsi qu\u2019un <strong data-start=\"3546\" data-end=\"3572\">format voyage de 10 ml<\/strong>, pratique et id\u00e9al \u00e0 emporter partout. <strong data-start=\"3612\" data-end=\"3637\">Tom Ford Oud Minerale<\/strong> incarne parfaitement le luxe moderne, la force naturelle et un style sans compromis.<\/p>\n<p data-start=\"1106\" data-end=\"1352\">Follow us!\u00a0<a href=\"https:\/\/www.instagram.com\/freeshopswiss\/\" target=\"_blank\" rel=\"noopener\">@freeshopswiss<\/a><\/p>\n","protected":false},"excerpt":{"rendered":"<p><strong data-start=\"2489\" data-end=\"2564\">TOM FORD SET Oud Minerale Eau de Parfum Vapo 100 ml + Travel Size 10 ml<\/strong> est un coffret exclusif r\u00e9unissant l\u2019une des fragrances les plus fascinantes et sophistiqu\u00e9es de la collection Tom Ford.<\/p>\n","protected":false},"featured_media":39645,"comment_status":"open","ping_status":"closed","template":"","meta":[],"pwb-brand":[396],"product_brand":[],"product_cat":[87,109],"product_tag":[459,464,252,1629,97,594],"class_list":{"0":"post-39649","1":"product","2":"type-product","3":"status-publish","4":"has-post-thumbnail","6":"pwb-brand-tom-ford","7":"product_cat-parfums","8":"product_cat-pour-elle","9":"product_tag-coffret","10":"product_tag-coffret-homme","11":"product_tag-eau-de-parfum-fr","12":"product_tag-mens-fragrances-fr","13":"product_tag-parfums","14":"product_tag-unisex-fr-2","16":"first","17":"instock","18":"sale","19":"taxable","20":"shipping-taxable","21":"purchasable","22":"product-type-simple"},"brands":[{"id":396,"name":"Tom Ford","slug":"tom-ford"}],"_links":{"self":[{"href":"https:\/\/www.freeshopfrontiera.ch\/fr\/wp-json\/wp\/v2\/product\/39649","targetHints":{"allow":["GET"]}}],"collection":[{"href":"https:\/\/www.freeshopfrontiera.ch\/fr\/wp-json\/wp\/v2\/product"}],"about":[{"href":"https:\/\/www.freeshopfrontiera.ch\/fr\/wp-json\/wp\/v2\/types\/product"}],"replies":[{"embeddable":true,"href":"https:\/\/www.freeshopfrontiera.ch\/fr\/wp-json\/wp\/v2\/comments?post=39649"}],"version-history":[{"count":1,"href":"https:\/\/www.freeshopfrontiera.ch\/fr\/wp-json\/wp\/v2\/product\/39649\/revisions"}],"predecessor-version":[{"id":39653,"href":"https:\/\/www.freeshopfrontiera.ch\/fr\/wp-json\/wp\/v2\/product\/39649\/revisions\/39653"}],"wp:featuredmedia":[{"embeddable":true,"href":"https:\/\/www.freeshopfrontiera.ch\/fr\/wp-json\/wp\/v2\/media\/39645"}],"wp:attachment":[{"href":"https:\/\/www.freeshopfrontiera.ch\/fr\/wp-json\/wp\/v2\/media?parent=39649"}],"wp:term":[{"taxonomy":"pwb-brand","embeddable":true,"href":"https:\/\/www.freeshopfrontiera.ch\/fr\/wp-json\/wp\/v2\/pwb-brand?post=39649"},{"taxonomy":"product_brand","embeddable":true,"href":"https:\/\/www.freeshopfrontiera.ch\/fr\/wp-json\/wp\/v2\/product_brand?post=39649"},{"taxonomy":"product_cat","embeddable":true,"href":"https:\/\/www.freeshopfrontiera.ch\/fr\/wp-json\/wp\/v2\/product_cat?post=39649"},{"taxonomy":"product_tag","embeddable":true,"href":"https:\/\/www.freeshopfrontiera.ch\/fr\/wp-json\/wp\/v2\/product_tag?post=39649"}],"curies":[{"name":"wp","href":"https:\/\/api.w.org\/{rel}","templated":true}]}}