{"id":39809,"date":"2025-02-11T11:14:58","date_gmt":"2025-02-11T11:14:58","guid":{"rendered":"https:\/\/www.freeshopfrontiera.ch\/shop\/abercrombiefitch-away-tonight-homme-30ml\/"},"modified":"2026-02-11T11:18:12","modified_gmt":"2026-02-11T11:18:12","slug":"abercrombiefitch-away-tonight-homme-30ml","status":"publish","type":"product","link":"https:\/\/www.freeshopfrontiera.ch\/fr\/shop\/abercrombiefitch-away-tonight-homme-30ml\/","title":{"rendered":"ABERCROMBIE&#038;FITCH Away Tonight Homme 30ml"},"content":{"rendered":"<p><strong>Abercrombie &amp; Fitch Away Tonight Homme Eau de Toilette Vapo 30 ml<\/strong> est un parfum masculin moderne et dynamique, con\u00e7u pour \u00e9voquer l\u2019\u00e9nergie et l\u2019atmosph\u00e8re \u00e9lectrisante d\u2019une soir\u00e9e entre amis. Appartenant \u00e0 la famille olfactive aromatique bois\u00e9e, il s\u2019ouvre sur des notes fra\u00eeches et p\u00e9tillantes de bergamote et de pamplemousse rose, sublim\u00e9es par une touche \u00e9pic\u00e9e de poivre rose qui apporte du caract\u00e8re d\u00e8s les premi\u00e8res notes. Le c\u0153ur r\u00e9v\u00e8le une facette plus intense et raffin\u00e9e gr\u00e2ce au v\u00e9tiver et au g\u00e9ranium, qui ajoutent \u00e9l\u00e9gance et profondeur avec des nuances vertes et l\u00e9g\u00e8rement terreuses. Le fond d\u00e9voile des notes bois\u00e9es chaleureuses de bois de santal, de c\u00e8dre et de patchouli, offrant tenue, sensualit\u00e9 et un sillage enveloppant et \u00e9quilibr\u00e9. Le r\u00e9sultat est un parfum polyvalent, id\u00e9al pour le soir et les saisons plus douces, exprimant confiance, spontan\u00e9it\u00e9 et charme contemporain. Le format 30 ml est pratique et parfait \u00e0 emporter. Away Tonight Homme est le choix id\u00e9al pour l\u2019homme qui aime vivre l\u2019instant avec style.<\/p>\n<p>&nbsp;<\/p>\n<p>Follow us!\u00a0 <a href=\"https:\/\/www.instagram.com\/freeshopswiss\/\" target=\"_blank\" rel=\"noopener\">@freeshopswiss<\/a><\/p>\n","protected":false},"excerpt":{"rendered":"<p><strong>Abercrombie &amp; Fitch Away Tonight Homme Eau de Toilette Vapo 30 ml<\/strong> est un parfum masculin moderne et dynamique, con\u00e7u pour \u00e9voquer l\u2019\u00e9nergie et l\u2019atmosph\u00e8re \u00e9lectrisante d\u2019une soir\u00e9e entre amis.<\/p>\n","protected":false},"featured_media":39804,"comment_status":"open","ping_status":"closed","template":"","meta":[],"pwb-brand":[288],"product_brand":[],"product_cat":[89,4195],"product_tag":[141,1629,143,4367],"class_list":{"0":"post-39809","1":"product","2":"type-product","3":"status-publish","4":"has-post-thumbnail","6":"pwb-brand-abercrombiefitch","7":"product_cat-pour-lui","8":"product_cat-parfums-offer","9":"product_tag-eau-de-toilette-fr","10":"product_tag-mens-fragrances-fr","11":"product_tag-homme","12":"product_tag-special-printemps","14":"first","15":"instock","16":"sale","17":"taxable","18":"shipping-taxable","19":"purchasable","20":"product-type-simple"},"brands":[{"id":288,"name":"Abercrombie&amp;Fitch","slug":"abercrombiefitch"}],"_links":{"self":[{"href":"https:\/\/www.freeshopfrontiera.ch\/fr\/wp-json\/wp\/v2\/product\/39809","targetHints":{"allow":["GET"]}}],"collection":[{"href":"https:\/\/www.freeshopfrontiera.ch\/fr\/wp-json\/wp\/v2\/product"}],"about":[{"href":"https:\/\/www.freeshopfrontiera.ch\/fr\/wp-json\/wp\/v2\/types\/product"}],"replies":[{"embeddable":true,"href":"https:\/\/www.freeshopfrontiera.ch\/fr\/wp-json\/wp\/v2\/comments?post=39809"}],"version-history":[{"count":2,"href":"https:\/\/www.freeshopfrontiera.ch\/fr\/wp-json\/wp\/v2\/product\/39809\/revisions"}],"predecessor-version":[{"id":39815,"href":"https:\/\/www.freeshopfrontiera.ch\/fr\/wp-json\/wp\/v2\/product\/39809\/revisions\/39815"}],"wp:featuredmedia":[{"embeddable":true,"href":"https:\/\/www.freeshopfrontiera.ch\/fr\/wp-json\/wp\/v2\/media\/39804"}],"wp:attachment":[{"href":"https:\/\/www.freeshopfrontiera.ch\/fr\/wp-json\/wp\/v2\/media?parent=39809"}],"wp:term":[{"taxonomy":"pwb-brand","embeddable":true,"href":"https:\/\/www.freeshopfrontiera.ch\/fr\/wp-json\/wp\/v2\/pwb-brand?post=39809"},{"taxonomy":"product_brand","embeddable":true,"href":"https:\/\/www.freeshopfrontiera.ch\/fr\/wp-json\/wp\/v2\/product_brand?post=39809"},{"taxonomy":"product_cat","embeddable":true,"href":"https:\/\/www.freeshopfrontiera.ch\/fr\/wp-json\/wp\/v2\/product_cat?post=39809"},{"taxonomy":"product_tag","embeddable":true,"href":"https:\/\/www.freeshopfrontiera.ch\/fr\/wp-json\/wp\/v2\/product_tag?post=39809"}],"curies":[{"name":"wp","href":"https:\/\/api.w.org\/{rel}","templated":true}]}}