{"id":39928,"date":"2026-01-02T12:51:11","date_gmt":"2026-01-02T12:51:11","guid":{"rendered":"https:\/\/www.freeshopfrontiera.ch\/shop\/ahmed-al-maghribi-marj-60ml\/"},"modified":"2026-02-16T12:53:41","modified_gmt":"2026-02-16T12:53:41","slug":"ahmed-al-maghribi-marj-60ml","status":"publish","type":"product","link":"https:\/\/www.freeshopfrontiera.ch\/fr\/shop\/ahmed-al-maghribi-marj-60ml\/","title":{"rendered":"AHMED AL MAGHRIBI Marj 60ml"},"content":{"rendered":"<p data-start=\"2298\" data-end=\"2644\"><strong data-start=\"2298\" data-end=\"2349\">AHMED AL MAGHRIBI Marj Eau de Parfum Vapo 60\u202fml<\/strong> est une fragrance orientale intense et sophistiqu\u00e9e, con\u00e7ue pour ceux qui souhaitent un parfum qui laisse une impression durable. L\u2019ouverture est lumineuse et captivante, avec des notes de <strong data-start=\"2539\" data-end=\"2605\">bergamote, mandarine, poivre rose, \u00e9l\u00e9mi, muscade, miel et oud<\/strong>, cr\u00e9ant un premier impact s\u00e9duisant.<\/p>\n<p data-start=\"2646\" data-end=\"2860\">Au c\u0153ur, <strong data-start=\"2655\" data-end=\"2698\">patchouli, bois de cachemire et v\u00e9tiver<\/strong> se m\u00ealent \u00e0 un bouquet floral de <strong data-start=\"2732\" data-end=\"2768\">rose, jasmin et fleurs d\u2019oranger<\/strong>, enrichi d\u2019\u00e9pices chaudes comme <strong data-start=\"2801\" data-end=\"2823\">safran et cannelle<\/strong>, apportant profondeur et \u00e9l\u00e9gance.<\/p>\n<p data-start=\"2862\" data-end=\"3088\">La base, riche et persistante, combine <strong data-start=\"2901\" data-end=\"3004\">musc, ambre gris, bois de santal, cuir, fruits rouges comme framboise et poire, v\u00e9tiver et violette<\/strong>, avec des touches d\u2019<strong data-start=\"3025\" data-end=\"3043\">oud et d\u2019ambre<\/strong>, pour un sillage sophistiqu\u00e9 et m\u00e9morable.<\/p>\n<p data-start=\"3090\" data-end=\"3317\">Ce parfum unisexe est parfait pour les soir\u00e9es, les \u00e9v\u00e9nements \u00e9l\u00e9gants ou les moments o\u00f9 l\u2019on souhaite se d\u00e9marquer. <strong data-start=\"3208\" data-end=\"3216\">Marj<\/strong> marie tradition orientale et cr\u00e9ativit\u00e9 moderne dans une exp\u00e9rience olfactive intense et raffin\u00e9e.<\/p>\n<p data-start=\"1035\" data-end=\"1255\">Follow us!\u00a0 <a href=\"https:\/\/www.instagram.com\/freeshopswiss\/\" target=\"_blank\" rel=\"noopener\">@freeshopswiss<\/a><\/p>\n","protected":false},"excerpt":{"rendered":"<p><strong data-start=\"2298\" data-end=\"2349\">AHMED AL MAGHRIBI Marj Eau de Parfum Vapo 60\u202fml<\/strong> est une fragrance orientale intense et sophistiqu\u00e9e, con\u00e7ue pour ceux qui souhaitent un parfum qui laisse une impression durable.<\/p>\n","protected":false},"featured_media":39922,"comment_status":"open","ping_status":"closed","template":"","meta":[],"pwb-brand":[4229],"product_brand":[],"product_cat":[87,109,89],"product_tag":[252,296,789,1629,143,97,594],"class_list":{"0":"post-39928","1":"product","2":"type-product","3":"status-publish","4":"has-post-thumbnail","6":"pwb-brand-ahmed-al-maghribi","7":"product_cat-parfums","8":"product_cat-pour-elle","9":"product_cat-pour-lui","10":"product_tag-eau-de-parfum-fr","11":"product_tag-femme","12":"product_tag-womens-fragrances-fr","13":"product_tag-mens-fragrances-fr","14":"product_tag-homme","15":"product_tag-parfums","16":"product_tag-unisex-fr-2","18":"first","19":"instock","20":"sale","21":"taxable","22":"shipping-taxable","23":"purchasable","24":"product-type-simple"},"brands":[{"id":4229,"name":"AHMED AL MAGHRIBI","slug":"ahmed-al-maghribi"}],"_links":{"self":[{"href":"https:\/\/www.freeshopfrontiera.ch\/fr\/wp-json\/wp\/v2\/product\/39928","targetHints":{"allow":["GET"]}}],"collection":[{"href":"https:\/\/www.freeshopfrontiera.ch\/fr\/wp-json\/wp\/v2\/product"}],"about":[{"href":"https:\/\/www.freeshopfrontiera.ch\/fr\/wp-json\/wp\/v2\/types\/product"}],"replies":[{"embeddable":true,"href":"https:\/\/www.freeshopfrontiera.ch\/fr\/wp-json\/wp\/v2\/comments?post=39928"}],"version-history":[{"count":1,"href":"https:\/\/www.freeshopfrontiera.ch\/fr\/wp-json\/wp\/v2\/product\/39928\/revisions"}],"predecessor-version":[{"id":39931,"href":"https:\/\/www.freeshopfrontiera.ch\/fr\/wp-json\/wp\/v2\/product\/39928\/revisions\/39931"}],"wp:featuredmedia":[{"embeddable":true,"href":"https:\/\/www.freeshopfrontiera.ch\/fr\/wp-json\/wp\/v2\/media\/39922"}],"wp:attachment":[{"href":"https:\/\/www.freeshopfrontiera.ch\/fr\/wp-json\/wp\/v2\/media?parent=39928"}],"wp:term":[{"taxonomy":"pwb-brand","embeddable":true,"href":"https:\/\/www.freeshopfrontiera.ch\/fr\/wp-json\/wp\/v2\/pwb-brand?post=39928"},{"taxonomy":"product_brand","embeddable":true,"href":"https:\/\/www.freeshopfrontiera.ch\/fr\/wp-json\/wp\/v2\/product_brand?post=39928"},{"taxonomy":"product_cat","embeddable":true,"href":"https:\/\/www.freeshopfrontiera.ch\/fr\/wp-json\/wp\/v2\/product_cat?post=39928"},{"taxonomy":"product_tag","embeddable":true,"href":"https:\/\/www.freeshopfrontiera.ch\/fr\/wp-json\/wp\/v2\/product_tag?post=39928"}],"curies":[{"name":"wp","href":"https:\/\/api.w.org\/{rel}","templated":true}]}}