{"id":39964,"date":"2026-01-01T10:52:21","date_gmt":"2026-01-01T10:52:21","guid":{"rendered":"https:\/\/www.freeshopfrontiera.ch\/shop\/ahmed-al-maghribi-pearl-oud-75ml\/"},"modified":"2026-02-17T10:54:33","modified_gmt":"2026-02-17T10:54:33","slug":"ahmed-al-maghribi-pearl-oud-75ml","status":"publish","type":"product","link":"https:\/\/www.freeshopfrontiera.ch\/fr\/shop\/ahmed-al-maghribi-pearl-oud-75ml\/","title":{"rendered":"AHMED AL MAGHRIBI Pearl Oud 75ml"},"content":{"rendered":"<p data-start=\"1366\" data-end=\"1631\"><strong data-start=\"1366\" data-end=\"1416\">AHMED AL MAGHRIBI Pearl Oud Eau de Parfum 75ml<\/strong> est un parfum raffin\u00e9 de la famille Oriental Floral, con\u00e7u pour la femme moderne et sophistiqu\u00e9e. Lanc\u00e9 en 2020, ce parfum capture l\u2019\u00e9l\u00e9gance des fragrances orientales avec une touche contemporaine et s\u00e9duisante.<\/p>\n<p data-start=\"1633\" data-end=\"2147\">Les notes de t\u00eate de Poire et de Poivre Rose cr\u00e9ent une ouverture fra\u00eeche, fruit\u00e9e et l\u00e9g\u00e8rement \u00e9pic\u00e9e, \u00e9veillant les sens et captant imm\u00e9diatement l\u2019attention. Le c\u0153ur r\u00e9v\u00e8le la richesse des fleurs blanches avec Tub\u00e9reuse, Jasmin et Ylang Ylang, harmonis\u00e9es avec le Bois d\u2019Agar (Oud), apportant profondeur, chaleur et une aura de myst\u00e8re. Les notes de fond de Musc, Patchouli et Ambre compl\u00e8tent la fragrance avec une persistance \u00e9l\u00e9gante et enveloppante, laissant une trace raffin\u00e9e et s\u00e9duisante sur la peau.<\/p>\n<p data-start=\"2149\" data-end=\"2489\">Le flacon de 75ml, aux lignes \u00e9pur\u00e9es et \u00e9l\u00e9gantes, est parfait pour celles qui appr\u00e9cient un parfum faisant \u00e9galement office d\u2019objet de style \u00e0 exposer sur leur coiffeuse. <strong data-start=\"2322\" data-end=\"2335\">Pearl Oud<\/strong> n\u2019est pas seulement un parfum, mais une exp\u00e9rience sensorielle qui accompagne celle qui le porte avec charme et raffinement tout au long de la journ\u00e9e.<\/p>\n<p data-start=\"2491\" data-end=\"2658\">Id\u00e9al comme cadeau exclusif ou compagnon quotidien, ce parfum sublime la personnalit\u00e9 et l\u2019\u00e9l\u00e9gance f\u00e9minine, transformant chaque moment en une exp\u00e9rience m\u00e9morable.<\/p>\n<p data-start=\"1272\" data-end=\"1450\">Follow us!\u00a0 <a href=\"https:\/\/www.instagram.com\/freeshopswiss\/\" target=\"_blank\" rel=\"noopener\">@freeshopswiss<\/a><\/p>\n","protected":false},"excerpt":{"rendered":"<p><strong data-start=\"1366\" data-end=\"1416\">AHMED AL MAGHRIBI Pearl Oud Eau de Parfum 75ml<\/strong> est un parfum raffin\u00e9 de la famille Oriental Floral, con\u00e7u pour la femme moderne et sophistiqu\u00e9e.<\/p>\n","protected":false},"featured_media":39959,"comment_status":"open","ping_status":"closed","template":"","meta":[],"pwb-brand":[4229],"product_brand":[],"product_cat":[87,109],"product_tag":[252,296,789,97,4367],"class_list":{"0":"post-39964","1":"product","2":"type-product","3":"status-publish","4":"has-post-thumbnail","6":"pwb-brand-ahmed-al-maghribi","7":"product_cat-parfums","8":"product_cat-pour-elle","9":"product_tag-eau-de-parfum-fr","10":"product_tag-femme","11":"product_tag-womens-fragrances-fr","12":"product_tag-parfums","13":"product_tag-special-printemps","15":"first","16":"instock","17":"sale","18":"taxable","19":"shipping-taxable","20":"purchasable","21":"product-type-simple"},"brands":[{"id":4229,"name":"AHMED AL MAGHRIBI","slug":"ahmed-al-maghribi"}],"_links":{"self":[{"href":"https:\/\/www.freeshopfrontiera.ch\/fr\/wp-json\/wp\/v2\/product\/39964","targetHints":{"allow":["GET"]}}],"collection":[{"href":"https:\/\/www.freeshopfrontiera.ch\/fr\/wp-json\/wp\/v2\/product"}],"about":[{"href":"https:\/\/www.freeshopfrontiera.ch\/fr\/wp-json\/wp\/v2\/types\/product"}],"replies":[{"embeddable":true,"href":"https:\/\/www.freeshopfrontiera.ch\/fr\/wp-json\/wp\/v2\/comments?post=39964"}],"version-history":[{"count":1,"href":"https:\/\/www.freeshopfrontiera.ch\/fr\/wp-json\/wp\/v2\/product\/39964\/revisions"}],"predecessor-version":[{"id":39967,"href":"https:\/\/www.freeshopfrontiera.ch\/fr\/wp-json\/wp\/v2\/product\/39964\/revisions\/39967"}],"wp:featuredmedia":[{"embeddable":true,"href":"https:\/\/www.freeshopfrontiera.ch\/fr\/wp-json\/wp\/v2\/media\/39959"}],"wp:attachment":[{"href":"https:\/\/www.freeshopfrontiera.ch\/fr\/wp-json\/wp\/v2\/media?parent=39964"}],"wp:term":[{"taxonomy":"pwb-brand","embeddable":true,"href":"https:\/\/www.freeshopfrontiera.ch\/fr\/wp-json\/wp\/v2\/pwb-brand?post=39964"},{"taxonomy":"product_brand","embeddable":true,"href":"https:\/\/www.freeshopfrontiera.ch\/fr\/wp-json\/wp\/v2\/product_brand?post=39964"},{"taxonomy":"product_cat","embeddable":true,"href":"https:\/\/www.freeshopfrontiera.ch\/fr\/wp-json\/wp\/v2\/product_cat?post=39964"},{"taxonomy":"product_tag","embeddable":true,"href":"https:\/\/www.freeshopfrontiera.ch\/fr\/wp-json\/wp\/v2\/product_tag?post=39964"}],"curies":[{"name":"wp","href":"https:\/\/api.w.org\/{rel}","templated":true}]}}