{"id":39978,"date":"2026-01-02T11:07:37","date_gmt":"2026-01-02T11:07:37","guid":{"rendered":"https:\/\/www.freeshopfrontiera.ch\/shop\/ahmed-al-maghribi-ruby-eau-de-parfum-100ml\/"},"modified":"2026-02-17T11:13:04","modified_gmt":"2026-02-17T11:13:04","slug":"ahmed-al-maghribi-ruby-eau-de-parfum-100ml","status":"publish","type":"product","link":"https:\/\/www.freeshopfrontiera.ch\/fr\/shop\/ahmed-al-maghribi-ruby-eau-de-parfum-100ml\/","title":{"rendered":"AHMED AL MAGHRIBI Ruby Eau de Parfum 100ml"},"content":{"rendered":"<p data-start=\"1353\" data-end=\"1653\"><strong data-start=\"1353\" data-end=\"1399\">AHMED AL MAGHRIBI Ruby Eau de Parfum 100ml<\/strong> est un parfum pr\u00e9cieux et s\u00e9duisant, con\u00e7u pour la femme \u00e9l\u00e9gante et s\u00fbre d\u2019elle. Ce parfum raffin\u00e9 capture la passion et le raffinement des fragrances orientales, en m\u00ealant des notes enveloppantes et f\u00e9minines qui laissent une impression inoubliable.<\/p>\n<p data-start=\"1655\" data-end=\"2106\">Les <strong data-start=\"1659\" data-end=\"1676\">notes de t\u00eate<\/strong> offrent une ouverture fra\u00eeche et fruit\u00e9e qui \u00e9veille les sens et attire imm\u00e9diatement l\u2019attention. Le <strong data-start=\"1779\" data-end=\"1787\">c\u0153ur<\/strong> r\u00e9v\u00e8le des fleurs blanches et des \u00e9pices d\u00e9licates, ajoutant \u00e9l\u00e9gance et profondeur, tandis que le bois pr\u00e9cieux et l\u2019Oud apportent chaleur et une touche de myst\u00e8re sophistiqu\u00e9e. Les <strong data-start=\"1971\" data-end=\"1988\">notes de fond<\/strong> de Musc, Ambre et Patchouli compl\u00e8tent la composition, laissant une empreinte sensuelle et persistante sur la peau.<\/p>\n<p data-start=\"2108\" data-end=\"2398\">Le flacon de 100ml, \u00e9l\u00e9gant et raffin\u00e9, refl\u00e8te le luxe discret du parfum et devient un objet de style \u00e0 exposer sur sa coiffeuse. <strong data-start=\"2239\" data-end=\"2247\">Ruby<\/strong> n\u2019est pas seulement un parfum, mais une exp\u00e9rience sensorielle qui accompagne celle qui le porte avec charme et charisme tout au long de la journ\u00e9e.<\/p>\n<p data-start=\"2400\" data-end=\"2583\">Parfait comme cadeau exclusif ou compagnon quotidien, cette Eau de Parfum sublime la personnalit\u00e9 et la f\u00e9minit\u00e9, transformant chaque moment en une exp\u00e9rience m\u00e9morable et raffin\u00e9e.<\/p>\n<p data-start=\"1198\" data-end=\"1381\">Follow us!\u00a0 <a href=\"https:\/\/www.instagram.com\/freeshopswiss\/\" target=\"_blank\" rel=\"noopener\">@freeshopswiss<\/a><\/p>\n","protected":false},"excerpt":{"rendered":"<p><strong data-start=\"1353\" data-end=\"1399\">AHMED AL MAGHRIBI Ruby Eau de Parfum 100ml<\/strong> est un parfum pr\u00e9cieux et s\u00e9duisant, con\u00e7u pour la femme \u00e9l\u00e9gante et s\u00fbre d\u2019elle.<\/p>\n","protected":false},"featured_media":39973,"comment_status":"open","ping_status":"closed","template":"","meta":[],"pwb-brand":[4229],"product_brand":[],"product_cat":[87,109,4195],"product_tag":[252,296,789,97],"class_list":{"0":"post-39978","1":"product","2":"type-product","3":"status-publish","4":"has-post-thumbnail","6":"pwb-brand-ahmed-al-maghribi","7":"product_cat-parfums","8":"product_cat-pour-elle","9":"product_cat-parfums-offer","10":"product_tag-eau-de-parfum-fr","11":"product_tag-femme","12":"product_tag-womens-fragrances-fr","13":"product_tag-parfums","15":"first","16":"instock","17":"sale","18":"taxable","19":"shipping-taxable","20":"purchasable","21":"product-type-simple"},"brands":[{"id":4229,"name":"AHMED AL MAGHRIBI","slug":"ahmed-al-maghribi"}],"_links":{"self":[{"href":"https:\/\/www.freeshopfrontiera.ch\/fr\/wp-json\/wp\/v2\/product\/39978","targetHints":{"allow":["GET"]}}],"collection":[{"href":"https:\/\/www.freeshopfrontiera.ch\/fr\/wp-json\/wp\/v2\/product"}],"about":[{"href":"https:\/\/www.freeshopfrontiera.ch\/fr\/wp-json\/wp\/v2\/types\/product"}],"replies":[{"embeddable":true,"href":"https:\/\/www.freeshopfrontiera.ch\/fr\/wp-json\/wp\/v2\/comments?post=39978"}],"version-history":[{"count":1,"href":"https:\/\/www.freeshopfrontiera.ch\/fr\/wp-json\/wp\/v2\/product\/39978\/revisions"}],"predecessor-version":[{"id":39981,"href":"https:\/\/www.freeshopfrontiera.ch\/fr\/wp-json\/wp\/v2\/product\/39978\/revisions\/39981"}],"wp:featuredmedia":[{"embeddable":true,"href":"https:\/\/www.freeshopfrontiera.ch\/fr\/wp-json\/wp\/v2\/media\/39973"}],"wp:attachment":[{"href":"https:\/\/www.freeshopfrontiera.ch\/fr\/wp-json\/wp\/v2\/media?parent=39978"}],"wp:term":[{"taxonomy":"pwb-brand","embeddable":true,"href":"https:\/\/www.freeshopfrontiera.ch\/fr\/wp-json\/wp\/v2\/pwb-brand?post=39978"},{"taxonomy":"product_brand","embeddable":true,"href":"https:\/\/www.freeshopfrontiera.ch\/fr\/wp-json\/wp\/v2\/product_brand?post=39978"},{"taxonomy":"product_cat","embeddable":true,"href":"https:\/\/www.freeshopfrontiera.ch\/fr\/wp-json\/wp\/v2\/product_cat?post=39978"},{"taxonomy":"product_tag","embeddable":true,"href":"https:\/\/www.freeshopfrontiera.ch\/fr\/wp-json\/wp\/v2\/product_tag?post=39978"}],"curies":[{"name":"wp","href":"https:\/\/api.w.org\/{rel}","templated":true}]}}