{"id":39992,"date":"2026-01-01T11:34:30","date_gmt":"2026-01-01T11:34:30","guid":{"rendered":"https:\/\/www.freeshopfrontiera.ch\/shop\/ahmed-al-maghribi-sapphire-eau-de-parfum-100ml\/"},"modified":"2026-02-17T11:42:42","modified_gmt":"2026-02-17T11:42:42","slug":"ahmed-al-maghribi-sapphire-eau-de-parfum-100ml","status":"publish","type":"product","link":"https:\/\/www.freeshopfrontiera.ch\/fr\/shop\/ahmed-al-maghribi-sapphire-eau-de-parfum-100ml\/","title":{"rendered":"AHMED AL MAGHRIBI Sapphire Eau de Parfum 100ml"},"content":{"rendered":"<p data-start=\"1332\" data-end=\"1629\"><strong data-start=\"1332\" data-end=\"1382\">AHMED AL MAGHRIBI Sapphire Eau de Parfum 100ml<\/strong> est un parfum \u00e9l\u00e9gant et lumineux, con\u00e7u pour la femme s\u00fbre d\u2019elle qui aime se d\u00e9marquer. Ce parfum combine la fra\u00eecheur des fleurs orientales avec la profondeur de notes pr\u00e9cieuses, cr\u00e9ant une exp\u00e9rience olfactive sophistiqu\u00e9e et enveloppante.<\/p>\n<p data-start=\"1631\" data-end=\"2059\">Les <strong data-start=\"1635\" data-end=\"1652\">notes de t\u00eate<\/strong> offrent une ouverture brillante et fruit\u00e9e, qui attire imm\u00e9diatement l\u2019attention et \u00e9veille les sens. Le <strong data-start=\"1758\" data-end=\"1766\">c\u0153ur<\/strong> s\u2019ouvre sur un bouquet de fleurs blanches et d\u2019\u00e9pices d\u00e9licates, harmonis\u00e9 avec le Bois d\u2019Agar (Oud), apportant chaleur, \u00e9l\u00e9gance et une aura de myst\u00e8re. Les <strong data-start=\"1925\" data-end=\"1942\">notes de fond<\/strong> de Musc, Ambre et Patchouli compl\u00e8tent la composition, laissant une empreinte persistante et raffin\u00e9e sur la peau.<\/p>\n<p data-start=\"2061\" data-end=\"2373\">Le flacon de 100ml, aux lignes \u00e9pur\u00e9es et \u00e9l\u00e9gantes, refl\u00e8te la sophistication du parfum et devient un objet de style \u00e0 exposer sur sa coiffeuse. <strong data-start=\"2207\" data-end=\"2219\">Sapphire<\/strong> n\u2019est pas seulement un parfum, mais une exp\u00e9rience sensorielle qui accompagne celle qui le porte avec charme et raffinement tout au long de la journ\u00e9e.<\/p>\n<p data-start=\"2375\" data-end=\"2555\">Parfait comme cadeau exclusif ou compagnon quotidien, cette Eau de Parfum sublime la f\u00e9minit\u00e9 et la personnalit\u00e9, transformant chaque moment en un instant sp\u00e9cial et inoubliable.<\/p>\n<p data-start=\"1171\" data-end=\"1362\">Follow us!\u00a0 <a href=\"https:\/\/www.instagram.com\/freeshopswiss\/\" target=\"_blank\" rel=\"noopener\">@freeshopswiss<\/a><\/p>\n","protected":false},"excerpt":{"rendered":"<p><strong data-start=\"1332\" data-end=\"1382\">AHMED AL MAGHRIBI Sapphire Eau de Parfum 100ml<\/strong> est un parfum \u00e9l\u00e9gant et lumineux, con\u00e7u pour la femme s\u00fbre d\u2019elle qui aime se d\u00e9marquer.<\/p>\n","protected":false},"featured_media":39988,"comment_status":"open","ping_status":"closed","template":"","meta":[],"pwb-brand":[4229],"product_brand":[],"product_cat":[87,109],"product_tag":[252,296,789,97],"class_list":{"0":"post-39992","1":"product","2":"type-product","3":"status-publish","4":"has-post-thumbnail","6":"pwb-brand-ahmed-al-maghribi","7":"product_cat-parfums","8":"product_cat-pour-elle","9":"product_tag-eau-de-parfum-fr","10":"product_tag-femme","11":"product_tag-womens-fragrances-fr","12":"product_tag-parfums","14":"first","15":"instock","16":"sale","17":"taxable","18":"shipping-taxable","19":"purchasable","20":"product-type-simple"},"brands":[{"id":4229,"name":"AHMED AL MAGHRIBI","slug":"ahmed-al-maghribi"}],"_links":{"self":[{"href":"https:\/\/www.freeshopfrontiera.ch\/fr\/wp-json\/wp\/v2\/product\/39992","targetHints":{"allow":["GET"]}}],"collection":[{"href":"https:\/\/www.freeshopfrontiera.ch\/fr\/wp-json\/wp\/v2\/product"}],"about":[{"href":"https:\/\/www.freeshopfrontiera.ch\/fr\/wp-json\/wp\/v2\/types\/product"}],"replies":[{"embeddable":true,"href":"https:\/\/www.freeshopfrontiera.ch\/fr\/wp-json\/wp\/v2\/comments?post=39992"}],"version-history":[{"count":3,"href":"https:\/\/www.freeshopfrontiera.ch\/fr\/wp-json\/wp\/v2\/product\/39992\/revisions"}],"predecessor-version":[{"id":40000,"href":"https:\/\/www.freeshopfrontiera.ch\/fr\/wp-json\/wp\/v2\/product\/39992\/revisions\/40000"}],"wp:featuredmedia":[{"embeddable":true,"href":"https:\/\/www.freeshopfrontiera.ch\/fr\/wp-json\/wp\/v2\/media\/39988"}],"wp:attachment":[{"href":"https:\/\/www.freeshopfrontiera.ch\/fr\/wp-json\/wp\/v2\/media?parent=39992"}],"wp:term":[{"taxonomy":"pwb-brand","embeddable":true,"href":"https:\/\/www.freeshopfrontiera.ch\/fr\/wp-json\/wp\/v2\/pwb-brand?post=39992"},{"taxonomy":"product_brand","embeddable":true,"href":"https:\/\/www.freeshopfrontiera.ch\/fr\/wp-json\/wp\/v2\/product_brand?post=39992"},{"taxonomy":"product_cat","embeddable":true,"href":"https:\/\/www.freeshopfrontiera.ch\/fr\/wp-json\/wp\/v2\/product_cat?post=39992"},{"taxonomy":"product_tag","embeddable":true,"href":"https:\/\/www.freeshopfrontiera.ch\/fr\/wp-json\/wp\/v2\/product_tag?post=39992"}],"curies":[{"name":"wp","href":"https:\/\/api.w.org\/{rel}","templated":true}]}}