{"id":40010,"date":"2026-01-01T11:59:29","date_gmt":"2026-01-01T11:59:29","guid":{"rendered":"https:\/\/www.freeshopfrontiera.ch\/shop\/ahmed-al-maghribi-xtasy-eau-de-parfum-100ml\/"},"modified":"2026-02-17T12:02:13","modified_gmt":"2026-02-17T12:02:13","slug":"ahmed-al-maghribi-xtasy-eau-de-parfum-100ml","status":"publish","type":"product","link":"https:\/\/www.freeshopfrontiera.ch\/fr\/shop\/ahmed-al-maghribi-xtasy-eau-de-parfum-100ml\/","title":{"rendered":"AHMED AL MAGHRIBI Xtasy Eau de Parfum 100ml"},"content":{"rendered":"<p data-start=\"1276\" data-end=\"1545\"><strong data-start=\"1276\" data-end=\"1323\">AHMED AL MAGHRIBI Xtasy Eau de Parfum 100ml<\/strong> est un parfum intense et s\u00e9duisant, con\u00e7u pour la femme audacieuse et sophistiqu\u00e9e. Ce parfum associe des notes florales et orientales \u00e0 des accents sensuels, cr\u00e9ant une exp\u00e9rience olfactive enveloppante et inoubliable.<\/p>\n<p data-start=\"1547\" data-end=\"1959\">Les <strong data-start=\"1551\" data-end=\"1568\">notes de t\u00eate<\/strong> offrent une ouverture brillante et fruit\u00e9e qui capte imm\u00e9diatement l\u2019attention. Le <strong data-start=\"1652\" data-end=\"1660\">c\u0153ur<\/strong> r\u00e9v\u00e8le des fleurs blanches et des \u00e9pices d\u00e9licates, harmonis\u00e9es avec des bois pr\u00e9cieux et de l\u2019Oud, apportant profondeur, chaleur et une aura de myst\u00e8re. Les <strong data-start=\"1819\" data-end=\"1836\">notes de fond<\/strong> d\u2019Ambre, de Musc et de Patchouli compl\u00e8tent la fragrance, laissant une trace durable, \u00e9l\u00e9gante et sensuelle sur la peau.<\/p>\n<p data-start=\"1961\" data-end=\"2269\">Le flacon de 100ml, aux lignes raffin\u00e9es et modernes, refl\u00e8te le luxe discret du parfum et constitue un objet \u00e9l\u00e9gant \u00e0 exposer sur sa coiffeuse. <strong data-start=\"2107\" data-end=\"2116\">Xtasy<\/strong> n\u2019est pas seulement un parfum, mais une exp\u00e9rience sensorielle qui accompagne celle qui le porte avec charme et magn\u00e9tisme tout au long de la journ\u00e9e.<\/p>\n<p data-start=\"2271\" data-end=\"2476\">Parfait comme cadeau exclusif ou compagnon quotidien, cet Eau de Parfum met en valeur la f\u00e9minit\u00e9 et la personnalit\u00e9, transformant chaque moment en une exp\u00e9rience sp\u00e9ciale, m\u00e9morable et pleine de charme.<\/p>\n<p data-start=\"1109\" data-end=\"1312\">Follow us!\u00a0 <a href=\"https:\/\/www.instagram.com\/freeshopswiss\/\" target=\"_blank\" rel=\"noopener\">@freeshopswiss<\/a><\/p>\n","protected":false},"excerpt":{"rendered":"<p><strong data-start=\"1276\" data-end=\"1323\">AHMED AL MAGHRIBI Xtasy Eau de Parfum 100ml<\/strong> est un parfum intense et s\u00e9duisant, con\u00e7u pour la femme audacieuse et sophistiqu\u00e9e.<\/p>\n","protected":false},"featured_media":40005,"comment_status":"open","ping_status":"closed","template":"","meta":[],"pwb-brand":[4229],"product_brand":[],"product_cat":[87,109],"product_tag":[252,296,789,97],"class_list":{"0":"post-40010","1":"product","2":"type-product","3":"status-publish","4":"has-post-thumbnail","6":"pwb-brand-ahmed-al-maghribi","7":"product_cat-parfums","8":"product_cat-pour-elle","9":"product_tag-eau-de-parfum-fr","10":"product_tag-femme","11":"product_tag-womens-fragrances-fr","12":"product_tag-parfums","14":"first","15":"instock","16":"sale","17":"taxable","18":"shipping-taxable","19":"purchasable","20":"product-type-simple"},"brands":[{"id":4229,"name":"AHMED AL MAGHRIBI","slug":"ahmed-al-maghribi"}],"_links":{"self":[{"href":"https:\/\/www.freeshopfrontiera.ch\/fr\/wp-json\/wp\/v2\/product\/40010","targetHints":{"allow":["GET"]}}],"collection":[{"href":"https:\/\/www.freeshopfrontiera.ch\/fr\/wp-json\/wp\/v2\/product"}],"about":[{"href":"https:\/\/www.freeshopfrontiera.ch\/fr\/wp-json\/wp\/v2\/types\/product"}],"replies":[{"embeddable":true,"href":"https:\/\/www.freeshopfrontiera.ch\/fr\/wp-json\/wp\/v2\/comments?post=40010"}],"version-history":[{"count":2,"href":"https:\/\/www.freeshopfrontiera.ch\/fr\/wp-json\/wp\/v2\/product\/40010\/revisions"}],"predecessor-version":[{"id":40017,"href":"https:\/\/www.freeshopfrontiera.ch\/fr\/wp-json\/wp\/v2\/product\/40010\/revisions\/40017"}],"wp:featuredmedia":[{"embeddable":true,"href":"https:\/\/www.freeshopfrontiera.ch\/fr\/wp-json\/wp\/v2\/media\/40005"}],"wp:attachment":[{"href":"https:\/\/www.freeshopfrontiera.ch\/fr\/wp-json\/wp\/v2\/media?parent=40010"}],"wp:term":[{"taxonomy":"pwb-brand","embeddable":true,"href":"https:\/\/www.freeshopfrontiera.ch\/fr\/wp-json\/wp\/v2\/pwb-brand?post=40010"},{"taxonomy":"product_brand","embeddable":true,"href":"https:\/\/www.freeshopfrontiera.ch\/fr\/wp-json\/wp\/v2\/product_brand?post=40010"},{"taxonomy":"product_cat","embeddable":true,"href":"https:\/\/www.freeshopfrontiera.ch\/fr\/wp-json\/wp\/v2\/product_cat?post=40010"},{"taxonomy":"product_tag","embeddable":true,"href":"https:\/\/www.freeshopfrontiera.ch\/fr\/wp-json\/wp\/v2\/product_tag?post=40010"}],"curies":[{"name":"wp","href":"https:\/\/api.w.org\/{rel}","templated":true}]}}