{"id":40064,"date":"2026-01-03T10:53:28","date_gmt":"2026-01-03T10:53:28","guid":{"rendered":"https:\/\/www.freeshopfrontiera.ch\/shop\/lattafa-give-me-gourmand-eau-de-parfum-vapo-75-ml-cookie-crave\/"},"modified":"2026-02-20T11:10:18","modified_gmt":"2026-02-20T11:10:18","slug":"lattafa-give-me-gourmand-eau-de-parfum-vapo-75-ml-cookie-crave","status":"publish","type":"product","link":"https:\/\/www.freeshopfrontiera.ch\/fr\/shop\/lattafa-give-me-gourmand-eau-de-parfum-vapo-75-ml-cookie-crave\/","title":{"rendered":"LATTAFA Give Me Gourmand Eau de Parfum Vapo 75 ml-Cookie Crave"},"content":{"rendered":"<p data-start=\"2119\" data-end=\"2722\"><strong data-start=\"2119\" data-end=\"2182\">Lattafa Give Me Gourmand Eau de Parfum 75 ml \u2013 Cookie Crave<\/strong> est un parfum irr\u00e9sistible con\u00e7u pour ceux qui aiment les senteurs douces, enveloppantes et ultra-gourmandes. Inspir\u00e9 de l\u2019univers gourmand, cet eau de parfum combine des notes cr\u00e9meuses et sucr\u00e9es rappelant les biscuits fra\u00eechement sortis du four, la vanille chaude et de d\u00e9licates touches caram\u00e9lis\u00e9es, cr\u00e9ant une trace intense et r\u00e9confortante. Parfait pour ceux qui recherchent un parfum f\u00e9minin moderne et sensuel, Cookie Crave s\u00e9duit d\u00e8s la premi\u00e8re vaporisation gr\u00e2ce \u00e0 son \u00e9quilibre entre douceur raffin\u00e9e et profondeur \u00e9l\u00e9gante.<\/p>\n<p data-start=\"2724\" data-end=\"2970\">La concentration Eau de Parfum garantit une longue tenue sur la peau, id\u00e9ale pour un usage quotidien ou pour les soir\u00e9es sp\u00e9ciales. Le format spray de 75 ml est pratique et parfait pour une collection personnelle ou comme id\u00e9e cadeau originale.<\/p>\n<p data-start=\"2972\" data-end=\"3139\">Id\u00e9al pour les amateurs de parfums gourmands, Lattafa Give Me Gourmand laisse une signature olfactive unique, chaleureuse et m\u00e9morable, adapt\u00e9e \u00e0 toutes les saisons.<\/p>\n<p data-start=\"0\" data-end=\"556\"><a href=\"https:\/\/www.instagram.com\/freeshopswiss\/\" target=\"_blank\" rel=\"noopener\">hopswiss<\/a><\/p>\n","protected":false},"excerpt":{"rendered":"<p><strong data-start=\"2119\" data-end=\"2182\">Lattafa Give Me Gourmand Eau de Parfum 75 ml \u2013 Cookie Crave<\/strong> est un parfum irr\u00e9sistible con\u00e7u pour ceux qui aiment les senteurs douces, enveloppantes et ultra-gourmandes.<\/p>\n","protected":false},"featured_media":40059,"comment_status":"open","ping_status":"closed","template":"","meta":[],"pwb-brand":[772],"product_brand":[],"product_cat":[87,109,89],"product_tag":[141,296,4348,789,1629,143,97,594],"class_list":{"0":"post-40064","1":"product","2":"type-product","3":"status-publish","4":"has-post-thumbnail","6":"pwb-brand-lattafa","7":"product_cat-parfums","8":"product_cat-pour-elle","9":"product_cat-pour-lui","10":"product_tag-eau-de-toilette-fr","11":"product_tag-femme","12":"product_tag-fete-des-femmes","13":"product_tag-womens-fragrances-fr","14":"product_tag-mens-fragrances-fr","15":"product_tag-homme","16":"product_tag-parfums","17":"product_tag-unisex-fr-2","19":"first","20":"instock","21":"sale","22":"taxable","23":"shipping-taxable","24":"purchasable","25":"product-type-simple"},"brands":[{"id":772,"name":"Lattafa","slug":"lattafa"}],"_links":{"self":[{"href":"https:\/\/www.freeshopfrontiera.ch\/fr\/wp-json\/wp\/v2\/product\/40064","targetHints":{"allow":["GET"]}}],"collection":[{"href":"https:\/\/www.freeshopfrontiera.ch\/fr\/wp-json\/wp\/v2\/product"}],"about":[{"href":"https:\/\/www.freeshopfrontiera.ch\/fr\/wp-json\/wp\/v2\/types\/product"}],"replies":[{"embeddable":true,"href":"https:\/\/www.freeshopfrontiera.ch\/fr\/wp-json\/wp\/v2\/comments?post=40064"}],"version-history":[{"count":1,"href":"https:\/\/www.freeshopfrontiera.ch\/fr\/wp-json\/wp\/v2\/product\/40064\/revisions"}],"predecessor-version":[{"id":40068,"href":"https:\/\/www.freeshopfrontiera.ch\/fr\/wp-json\/wp\/v2\/product\/40064\/revisions\/40068"}],"wp:featuredmedia":[{"embeddable":true,"href":"https:\/\/www.freeshopfrontiera.ch\/fr\/wp-json\/wp\/v2\/media\/40059"}],"wp:attachment":[{"href":"https:\/\/www.freeshopfrontiera.ch\/fr\/wp-json\/wp\/v2\/media?parent=40064"}],"wp:term":[{"taxonomy":"pwb-brand","embeddable":true,"href":"https:\/\/www.freeshopfrontiera.ch\/fr\/wp-json\/wp\/v2\/pwb-brand?post=40064"},{"taxonomy":"product_brand","embeddable":true,"href":"https:\/\/www.freeshopfrontiera.ch\/fr\/wp-json\/wp\/v2\/product_brand?post=40064"},{"taxonomy":"product_cat","embeddable":true,"href":"https:\/\/www.freeshopfrontiera.ch\/fr\/wp-json\/wp\/v2\/product_cat?post=40064"},{"taxonomy":"product_tag","embeddable":true,"href":"https:\/\/www.freeshopfrontiera.ch\/fr\/wp-json\/wp\/v2\/product_tag?post=40064"}],"curies":[{"name":"wp","href":"https:\/\/api.w.org\/{rel}","templated":true}]}}