{"id":40086,"date":"2026-01-03T11:30:12","date_gmt":"2026-01-03T11:30:12","guid":{"rendered":"https:\/\/www.freeshopfrontiera.ch\/?post_type=product&#038;p=40086"},"modified":"2026-02-20T11:38:30","modified_gmt":"2026-02-20T11:38:30","slug":"lattafa-give-me-gourmand-eau-de-parfum-vapo-75-ml-berry-on-top","status":"publish","type":"product","link":"https:\/\/www.freeshopfrontiera.ch\/fr\/shop\/lattafa-give-me-gourmand-eau-de-parfum-vapo-75-ml-berry-on-top\/","title":{"rendered":"LATTAFA Give Me Gourmand Eau de Parfum Vapo 75 ml- Berry On Top"},"content":{"rendered":"<p data-start=\"2585\" data-end=\"3126\"><strong data-start=\"2585\" data-end=\"2648\">Lattafa Give Me Gourmand Eau de Parfum 75\u202fml \u2013 Berry On Top<\/strong> est une fragrance douce, fruit\u00e9e et d\u00e9licieusement ludique, con\u00e7ue pour les amateurs de senteurs gourmandes avec une touche de fruits rouges. Inspir\u00e9 des desserts \u00e0 la fraise, cet eau de parfum s\u2019ouvre sur des notes juteuses de <strong data-start=\"2877\" data-end=\"2921\">fraise fra\u00eeche et cr\u00e8me chantilly l\u00e9g\u00e8re<\/strong>, suivies d\u2019un c\u0153ur de <strong data-start=\"2944\" data-end=\"2994\">confiture de fraises, sucre et fleurs blanches<\/strong> qui apporte luminosit\u00e9 et gourmandise. Une base de <strong data-start=\"3046\" data-end=\"3079\">vanille cr\u00e9meuse et musc doux<\/strong> laisse une empreinte chaleureuse et sensuelle.<\/p>\n<p data-start=\"3128\" data-end=\"3426\">Parfait pour ceux qui recherchent un parfum moderne et f\u00e9minin, Berry On Top s\u00e9duit d\u00e8s la premi\u00e8re vaporisation gr\u00e2ce \u00e0 l\u2019\u00e9quilibre entre douceur fruit\u00e9e et \u00e9l\u00e9gante profondeur. La concentration <strong data-start=\"3324\" data-end=\"3341\">Eau de Parfum<\/strong> assure une tenue durable, id\u00e9ale pour un usage quotidien ou des occasions sp\u00e9ciales.<\/p>\n<p data-start=\"3428\" data-end=\"3541\">Le format spray pratique de <strong data-start=\"3456\" data-end=\"3465\">75\u202fml<\/strong> est parfait pour une collection personnelle ou comme id\u00e9e cadeau originale.<\/p>\n<p data-start=\"1083\" data-end=\"1161\">Follow us!\u00a0 <a href=\"https:\/\/www.instagram.com\/freeshopswiss\/\" target=\"_blank\" rel=\"noopener\">@freeshopswiss<\/a><\/p>\n","protected":false},"excerpt":{"rendered":"<p><strong data-start=\"2585\" data-end=\"2648\">Lattafa Give Me Gourmand Eau de Parfum 75\u202fml \u2013 Berry On Top<\/strong> est une fragrance douce, fruit\u00e9e et d\u00e9licieusement ludique, con\u00e7ue pour les amateurs de senteurs gourmandes avec une touche de fruits rouges.<\/p>\n","protected":false},"featured_media":40089,"comment_status":"open","ping_status":"closed","template":"","meta":[],"pwb-brand":[772],"product_brand":[],"product_cat":[87,109,89],"product_tag":[141,4348,789,1629,143,97,594],"class_list":{"0":"post-40086","1":"product","2":"type-product","3":"status-publish","4":"has-post-thumbnail","6":"pwb-brand-lattafa","7":"product_cat-parfums","8":"product_cat-pour-elle","9":"product_cat-pour-lui","10":"product_tag-eau-de-toilette-fr","11":"product_tag-fete-des-femmes","12":"product_tag-womens-fragrances-fr","13":"product_tag-mens-fragrances-fr","14":"product_tag-homme","15":"product_tag-parfums","16":"product_tag-unisex-fr-2","18":"first","19":"instock","20":"sale","21":"taxable","22":"shipping-taxable","23":"purchasable","24":"product-type-simple"},"brands":[{"id":772,"name":"Lattafa","slug":"lattafa"}],"_links":{"self":[{"href":"https:\/\/www.freeshopfrontiera.ch\/fr\/wp-json\/wp\/v2\/product\/40086","targetHints":{"allow":["GET"]}}],"collection":[{"href":"https:\/\/www.freeshopfrontiera.ch\/fr\/wp-json\/wp\/v2\/product"}],"about":[{"href":"https:\/\/www.freeshopfrontiera.ch\/fr\/wp-json\/wp\/v2\/types\/product"}],"replies":[{"embeddable":true,"href":"https:\/\/www.freeshopfrontiera.ch\/fr\/wp-json\/wp\/v2\/comments?post=40086"}],"version-history":[{"count":2,"href":"https:\/\/www.freeshopfrontiera.ch\/fr\/wp-json\/wp\/v2\/product\/40086\/revisions"}],"predecessor-version":[{"id":40098,"href":"https:\/\/www.freeshopfrontiera.ch\/fr\/wp-json\/wp\/v2\/product\/40086\/revisions\/40098"}],"wp:featuredmedia":[{"embeddable":true,"href":"https:\/\/www.freeshopfrontiera.ch\/fr\/wp-json\/wp\/v2\/media\/40089"}],"wp:attachment":[{"href":"https:\/\/www.freeshopfrontiera.ch\/fr\/wp-json\/wp\/v2\/media?parent=40086"}],"wp:term":[{"taxonomy":"pwb-brand","embeddable":true,"href":"https:\/\/www.freeshopfrontiera.ch\/fr\/wp-json\/wp\/v2\/pwb-brand?post=40086"},{"taxonomy":"product_brand","embeddable":true,"href":"https:\/\/www.freeshopfrontiera.ch\/fr\/wp-json\/wp\/v2\/product_brand?post=40086"},{"taxonomy":"product_cat","embeddable":true,"href":"https:\/\/www.freeshopfrontiera.ch\/fr\/wp-json\/wp\/v2\/product_cat?post=40086"},{"taxonomy":"product_tag","embeddable":true,"href":"https:\/\/www.freeshopfrontiera.ch\/fr\/wp-json\/wp\/v2\/product_tag?post=40086"}],"curies":[{"name":"wp","href":"https:\/\/api.w.org\/{rel}","templated":true}]}}