{"id":40114,"date":"2026-01-12T11:49:00","date_gmt":"2026-01-12T11:49:00","guid":{"rendered":"https:\/\/www.freeshopfrontiera.ch\/shop\/lattafa-give-me-gourmand-eau-de-parfum-vapo-75-ml-mallow-madness\/"},"modified":"2026-02-24T11:54:52","modified_gmt":"2026-02-24T11:54:52","slug":"lattafa-give-me-gourmand-eau-de-parfum-vapo-75-ml-mallow-madness","status":"publish","type":"product","link":"https:\/\/www.freeshopfrontiera.ch\/fr\/shop\/lattafa-give-me-gourmand-eau-de-parfum-vapo-75-ml-mallow-madness\/","title":{"rendered":"LATTAFA Give Me Gourmand Eau de Parfum Vapo 75 ml-Mallow Madness"},"content":{"rendered":"<p data-start=\"160\" data-end=\"227\"><strong data-start=\"160\" data-end=\"225\">Lattafa Give Me Gourmand \u2013 Mallow Madness Eau de Parfum 75\u202fml<\/strong><\/p>\n<p data-start=\"229\" data-end=\"1206\">Lattafa Give Me Gourmand \u2013 <em data-start=\"256\" data-end=\"272\">Mallow Madness<\/em> est un parfum gourmand, fruit\u00e9 et sucr\u00e9, con\u00e7u pour ceux qui aiment les fragrances ludiques, enveloppantes et r\u00e9confortantes. Appartenant \u00e0 la famille olfactive <strong data-start=\"434\" data-end=\"460\">Floral\u202fFruity\u202fGourmand<\/strong>, cet Eau de Parfum s\u2019ouvre sur une explosion de <strong data-start=\"509\" data-end=\"544\">notes de fraise et de framboise<\/strong> juteuses et brillantes, \u00e9voquant la joie d\u2019un dessert fruit\u00e9. Au c\u0153ur, un accord doux de <strong data-start=\"634\" data-end=\"676\">guimauve se m\u00eale \u00e0 la fleur de freesia<\/strong>, apportant une texture cr\u00e9meuse et d\u00e9licate rappelant un nuage sucr\u00e9. La base enveloppe les sens avec <strong data-start=\"779\" data-end=\"838\">vanille chaude, cr\u00e8me fouett\u00e9e velout\u00e9e et musc sensuel<\/strong>, cr\u00e9ant un sillage doux, sucr\u00e9 et irr\u00e9sistible qui persiste sur la peau. Cette composition olfactive combine harmonieusement des \u00e9l\u00e9ments fruit\u00e9s, floraux et gourmands, offrant un parfum \u00e0 la fois doux, moderne et confortable, parfait pour ceux qui souhaitent une fragrance ludique mais sophistiqu\u00e9e \u00e0 porter lors de journ\u00e9es d\u00e9contract\u00e9es ou de soir\u00e9es relaxantes.<\/p>\n<p data-start=\"69\" data-end=\"1035\" data-is-last-node=\"\" data-is-only-node=\"\">Follow us!\u00a0 <a href=\"https:\/\/www.instagram.com\/freeshopswiss\/\" target=\"_blank\" rel=\"noopener\">@freeshopswiss<\/a><\/p>\n","protected":false},"excerpt":{"rendered":"<p>Lattafa Give Me Gourmand \u2013 <em data-start=\"256\" data-end=\"272\">Mallow Madness<\/em> est un parfum gourmand, fruit\u00e9 et sucr\u00e9, con\u00e7u pour ceux qui aiment les fragrances ludiques, enveloppantes et r\u00e9confortantes.<\/p>\n","protected":false},"featured_media":40109,"comment_status":"open","ping_status":"closed","template":"","meta":[],"pwb-brand":[772],"product_brand":[],"product_cat":[87,109,89],"product_tag":[252,296,4348,789,1629,143,97,594],"class_list":{"0":"post-40114","1":"product","2":"type-product","3":"status-publish","4":"has-post-thumbnail","6":"pwb-brand-lattafa","7":"product_cat-parfums","8":"product_cat-pour-elle","9":"product_cat-pour-lui","10":"product_tag-eau-de-parfum-fr","11":"product_tag-femme","12":"product_tag-fete-des-femmes","13":"product_tag-womens-fragrances-fr","14":"product_tag-mens-fragrances-fr","15":"product_tag-homme","16":"product_tag-parfums","17":"product_tag-unisex-fr-2","19":"first","20":"instock","21":"sale","22":"taxable","23":"shipping-taxable","24":"purchasable","25":"product-type-simple"},"brands":[{"id":772,"name":"Lattafa","slug":"lattafa"}],"_links":{"self":[{"href":"https:\/\/www.freeshopfrontiera.ch\/fr\/wp-json\/wp\/v2\/product\/40114","targetHints":{"allow":["GET"]}}],"collection":[{"href":"https:\/\/www.freeshopfrontiera.ch\/fr\/wp-json\/wp\/v2\/product"}],"about":[{"href":"https:\/\/www.freeshopfrontiera.ch\/fr\/wp-json\/wp\/v2\/types\/product"}],"replies":[{"embeddable":true,"href":"https:\/\/www.freeshopfrontiera.ch\/fr\/wp-json\/wp\/v2\/comments?post=40114"}],"version-history":[{"count":2,"href":"https:\/\/www.freeshopfrontiera.ch\/fr\/wp-json\/wp\/v2\/product\/40114\/revisions"}],"predecessor-version":[{"id":40120,"href":"https:\/\/www.freeshopfrontiera.ch\/fr\/wp-json\/wp\/v2\/product\/40114\/revisions\/40120"}],"wp:featuredmedia":[{"embeddable":true,"href":"https:\/\/www.freeshopfrontiera.ch\/fr\/wp-json\/wp\/v2\/media\/40109"}],"wp:attachment":[{"href":"https:\/\/www.freeshopfrontiera.ch\/fr\/wp-json\/wp\/v2\/media?parent=40114"}],"wp:term":[{"taxonomy":"pwb-brand","embeddable":true,"href":"https:\/\/www.freeshopfrontiera.ch\/fr\/wp-json\/wp\/v2\/pwb-brand?post=40114"},{"taxonomy":"product_brand","embeddable":true,"href":"https:\/\/www.freeshopfrontiera.ch\/fr\/wp-json\/wp\/v2\/product_brand?post=40114"},{"taxonomy":"product_cat","embeddable":true,"href":"https:\/\/www.freeshopfrontiera.ch\/fr\/wp-json\/wp\/v2\/product_cat?post=40114"},{"taxonomy":"product_tag","embeddable":true,"href":"https:\/\/www.freeshopfrontiera.ch\/fr\/wp-json\/wp\/v2\/product_tag?post=40114"}],"curies":[{"name":"wp","href":"https:\/\/api.w.org\/{rel}","templated":true}]}}