{"id":40129,"date":"2026-02-24T12:02:21","date_gmt":"2026-02-24T12:02:21","guid":{"rendered":"https:\/\/www.freeshopfrontiera.ch\/shop\/lattafa-give-me-gourmand-eau-de-parfum-vapo-75-ml-whipped-pleasure\/"},"modified":"2026-02-24T12:05:27","modified_gmt":"2026-02-24T12:05:27","slug":"lattafa-give-me-gourmand-eau-de-parfum-vapo-75-ml-whipped-pleasure","status":"publish","type":"product","link":"https:\/\/www.freeshopfrontiera.ch\/fr\/shop\/lattafa-give-me-gourmand-eau-de-parfum-vapo-75-ml-whipped-pleasure\/","title":{"rendered":"LATTAFA Give Me Gourmand Eau de Parfum Vapo 75 ml-Whipped Pleasure"},"content":{"rendered":"<p data-start=\"222\" data-end=\"291\"><strong data-start=\"222\" data-end=\"289\">Lattafa Give Me Gourmand \u2013 Whipped Pleasure Eau de Parfum 75\u202fml<\/strong><\/p>\n<p data-start=\"293\" data-end=\"1241\">Lattafa Give Me Gourmand \u2013 <em data-start=\"320\" data-end=\"338\">Whipped Pleasure<\/em> est un parfum gourmand oriental\u2011vanill\u00e9, con\u00e7u pour ceux qui aiment les fragrances douces, cr\u00e9meuses et enveloppantes avec un caract\u00e8re moderne et sensuel. D\u00e8s l\u2019ouverture, des notes gourmandes de <strong data-start=\"536\" data-end=\"584\">pop-corn caram\u00e9lis\u00e9, caramel et caramel sal\u00e9<\/strong> se m\u00ealent dans une \u00e9treinte sucr\u00e9e-sal\u00e9e irr\u00e9sistible, \u00e9voquant l\u2019\u00e9nergie d\u2019un dessert fra\u00eechement pr\u00e9par\u00e9. Au c\u0153ur, <strong data-start=\"702\" data-end=\"737\">lait cr\u00e9meux et jasmin lumineux<\/strong> apportent une texture douce et velout\u00e9e, \u00e9quilibrant la gourmandise avec une touche florale raffin\u00e9e. La base repose sur <strong data-start=\"859\" data-end=\"916\">f\u00e8ve tonka chaude, benjoin r\u00e9sineux, musc et ambrofix<\/strong>, cr\u00e9ant un sillage enveloppant, doux et sensuel qui persiste sur la peau. Cette composition harmonise les \u00e9l\u00e9ments gourmands, vanill\u00e9s et musqu\u00e9s, offrant un parfum \u00e0 la fois doux et sophistiqu\u00e9, parfait pour les journ\u00e9es froides, les moments cocooning ou pour ajouter une touche de douceur \u00e9l\u00e9gante aux soir\u00e9es sp\u00e9ciales.<\/p>\n<p data-start=\"71\" data-end=\"1144\">Follow us!\u00a0 <a href=\"https:\/\/www.instagram.com\/freeshopswiss\/\" target=\"_blank\" rel=\"noopener\">@freeshopswiss<\/a><\/p>\n","protected":false},"excerpt":{"rendered":"<p>Lattafa Give Me Gourmand \u2013 <em data-start=\"320\" data-end=\"338\">Whipped Pleasure<\/em> est un parfum gourmand oriental\u2011vanill\u00e9, con\u00e7u pour ceux qui aiment les fragrances douces.<\/p>\n","protected":false},"featured_media":40124,"comment_status":"open","ping_status":"closed","template":"","meta":[],"pwb-brand":[772],"product_brand":[],"product_cat":[87,109,89],"product_tag":[296,4348,789,1629,143,97,594],"class_list":{"0":"post-40129","1":"product","2":"type-product","3":"status-publish","4":"has-post-thumbnail","6":"pwb-brand-lattafa","7":"product_cat-parfums","8":"product_cat-pour-elle","9":"product_cat-pour-lui","10":"product_tag-femme","11":"product_tag-fete-des-femmes","12":"product_tag-womens-fragrances-fr","13":"product_tag-mens-fragrances-fr","14":"product_tag-homme","15":"product_tag-parfums","16":"product_tag-unisex-fr-2","18":"first","19":"instock","20":"sale","21":"taxable","22":"shipping-taxable","23":"purchasable","24":"product-type-simple"},"brands":[{"id":772,"name":"Lattafa","slug":"lattafa"}],"_links":{"self":[{"href":"https:\/\/www.freeshopfrontiera.ch\/fr\/wp-json\/wp\/v2\/product\/40129","targetHints":{"allow":["GET"]}}],"collection":[{"href":"https:\/\/www.freeshopfrontiera.ch\/fr\/wp-json\/wp\/v2\/product"}],"about":[{"href":"https:\/\/www.freeshopfrontiera.ch\/fr\/wp-json\/wp\/v2\/types\/product"}],"replies":[{"embeddable":true,"href":"https:\/\/www.freeshopfrontiera.ch\/fr\/wp-json\/wp\/v2\/comments?post=40129"}],"version-history":[{"count":1,"href":"https:\/\/www.freeshopfrontiera.ch\/fr\/wp-json\/wp\/v2\/product\/40129\/revisions"}],"predecessor-version":[{"id":40133,"href":"https:\/\/www.freeshopfrontiera.ch\/fr\/wp-json\/wp\/v2\/product\/40129\/revisions\/40133"}],"wp:featuredmedia":[{"embeddable":true,"href":"https:\/\/www.freeshopfrontiera.ch\/fr\/wp-json\/wp\/v2\/media\/40124"}],"wp:attachment":[{"href":"https:\/\/www.freeshopfrontiera.ch\/fr\/wp-json\/wp\/v2\/media?parent=40129"}],"wp:term":[{"taxonomy":"pwb-brand","embeddable":true,"href":"https:\/\/www.freeshopfrontiera.ch\/fr\/wp-json\/wp\/v2\/pwb-brand?post=40129"},{"taxonomy":"product_brand","embeddable":true,"href":"https:\/\/www.freeshopfrontiera.ch\/fr\/wp-json\/wp\/v2\/product_brand?post=40129"},{"taxonomy":"product_cat","embeddable":true,"href":"https:\/\/www.freeshopfrontiera.ch\/fr\/wp-json\/wp\/v2\/product_cat?post=40129"},{"taxonomy":"product_tag","embeddable":true,"href":"https:\/\/www.freeshopfrontiera.ch\/fr\/wp-json\/wp\/v2\/product_tag?post=40129"}],"curies":[{"name":"wp","href":"https:\/\/api.w.org\/{rel}","templated":true}]}}