{"id":40143,"date":"2026-02-24T13:05:39","date_gmt":"2026-02-24T13:05:39","guid":{"rendered":"https:\/\/www.freeshopfrontiera.ch\/shop\/lattafa-give-me-gourmand-eau-de-parfum-vapo-75-ml-choco-overdose\/"},"modified":"2026-02-24T13:17:51","modified_gmt":"2026-02-24T13:17:51","slug":"lattafa-give-me-gourmand-eau-de-parfum-vapo-75-ml-choco-overdose","status":"publish","type":"product","link":"https:\/\/www.freeshopfrontiera.ch\/fr\/shop\/lattafa-give-me-gourmand-eau-de-parfum-vapo-75-ml-choco-overdose\/","title":{"rendered":"LATTAFA Give Me Gourmand Eau de Parfum Vapo 75 ml-Choco Overdose"},"content":{"rendered":"<p data-start=\"19\" data-end=\"86\"><strong data-start=\"19\" data-end=\"84\">Lattafa Give Me Gourmand \u2013 Choco Overdose Eau de Parfum 75 ml<\/strong><\/p>\n<p data-start=\"88\" data-end=\"1029\">Lattafa Give Me Gourmand \u2013 <em data-start=\"115\" data-end=\"131\">Choco Overdose<\/em> est un parfum gourmand intense et s\u00e9duisant, con\u00e7u pour ceux qui aiment les fragrances douces, gourmandes et profondes. Appartenant \u00e0 la famille olfactive <strong data-start=\"287\" data-end=\"307\">Gourmand Vanill\u00e9<\/strong>, cette Eau de Parfum s\u2019ouvre sur des notes riches et enveloppantes de <strong data-start=\"378\" data-end=\"413\">chocolat noir et cacao torr\u00e9fi\u00e9<\/strong>, qui captivent imm\u00e9diatement par une douceur sophistiqu\u00e9e. Au c\u0153ur, <strong data-start=\"482\" data-end=\"525\">noisettes grill\u00e9es et cr\u00e8me au chocolat<\/strong> apportent une sensation douce et luxueuse, \u00e9voquant un dessert cr\u00e9meux fra\u00eechement pr\u00e9par\u00e9. La base se d\u00e9veloppe autour de <strong data-start=\"649\" data-end=\"695\">vanille chaude, caramel, musc et bois doux<\/strong>, cr\u00e9ant un sillage profond, velout\u00e9 et irr\u00e9sistible qui persiste sur la peau. Cette composition associe harmonieusement des accords gourmands, chocolat\u00e9s et vanill\u00e9s, offrant un parfum riche et r\u00e9confortant, parfait pour les journ\u00e9es froides ou les soir\u00e9es sp\u00e9ciales o\u00f9 l\u2019on souhaite une touche de douceur \u00e9l\u00e9gante et sophistiqu\u00e9e.<\/p>\n<p data-start=\"67\" data-end=\"1009\">Follow us!\u00a0 <a href=\"https:\/\/www.instagram.com\/freeshopswiss\/\" target=\"_blank\" rel=\"noopener\">@freeshopswiss<\/a><\/p>\n","protected":false},"excerpt":{"rendered":"<p>Lattafa Give Me Gourmand \u2013 <em data-start=\"115\" data-end=\"131\">Choco Overdose<\/em> est un parfum gourmand intense et s\u00e9duisant, con\u00e7u pour ceux qui aiment les fragrances douces.<\/p>\n","protected":false},"featured_media":40139,"comment_status":"open","ping_status":"closed","template":"","meta":[],"pwb-brand":[772],"product_brand":[],"product_cat":[87,109,89],"product_tag":[252,296,789,1629,143,97,594],"class_list":{"0":"post-40143","1":"product","2":"type-product","3":"status-publish","4":"has-post-thumbnail","6":"pwb-brand-lattafa","7":"product_cat-parfums","8":"product_cat-pour-elle","9":"product_cat-pour-lui","10":"product_tag-eau-de-parfum-fr","11":"product_tag-femme","12":"product_tag-womens-fragrances-fr","13":"product_tag-mens-fragrances-fr","14":"product_tag-homme","15":"product_tag-parfums","16":"product_tag-unisex-fr-2","18":"first","19":"outofstock","20":"sale","21":"taxable","22":"shipping-taxable","23":"purchasable","24":"product-type-simple"},"brands":[{"id":772,"name":"Lattafa","slug":"lattafa"}],"_links":{"self":[{"href":"https:\/\/www.freeshopfrontiera.ch\/fr\/wp-json\/wp\/v2\/product\/40143","targetHints":{"allow":["GET"]}}],"collection":[{"href":"https:\/\/www.freeshopfrontiera.ch\/fr\/wp-json\/wp\/v2\/product"}],"about":[{"href":"https:\/\/www.freeshopfrontiera.ch\/fr\/wp-json\/wp\/v2\/types\/product"}],"replies":[{"embeddable":true,"href":"https:\/\/www.freeshopfrontiera.ch\/fr\/wp-json\/wp\/v2\/comments?post=40143"}],"version-history":[{"count":2,"href":"https:\/\/www.freeshopfrontiera.ch\/fr\/wp-json\/wp\/v2\/product\/40143\/revisions"}],"predecessor-version":[{"id":40149,"href":"https:\/\/www.freeshopfrontiera.ch\/fr\/wp-json\/wp\/v2\/product\/40143\/revisions\/40149"}],"wp:featuredmedia":[{"embeddable":true,"href":"https:\/\/www.freeshopfrontiera.ch\/fr\/wp-json\/wp\/v2\/media\/40139"}],"wp:attachment":[{"href":"https:\/\/www.freeshopfrontiera.ch\/fr\/wp-json\/wp\/v2\/media?parent=40143"}],"wp:term":[{"taxonomy":"pwb-brand","embeddable":true,"href":"https:\/\/www.freeshopfrontiera.ch\/fr\/wp-json\/wp\/v2\/pwb-brand?post=40143"},{"taxonomy":"product_brand","embeddable":true,"href":"https:\/\/www.freeshopfrontiera.ch\/fr\/wp-json\/wp\/v2\/product_brand?post=40143"},{"taxonomy":"product_cat","embeddable":true,"href":"https:\/\/www.freeshopfrontiera.ch\/fr\/wp-json\/wp\/v2\/product_cat?post=40143"},{"taxonomy":"product_tag","embeddable":true,"href":"https:\/\/www.freeshopfrontiera.ch\/fr\/wp-json\/wp\/v2\/product_tag?post=40143"}],"curies":[{"name":"wp","href":"https:\/\/api.w.org\/{rel}","templated":true}]}}