{"id":40157,"date":"2026-01-02T14:10:34","date_gmt":"2026-01-02T14:10:34","guid":{"rendered":"https:\/\/www.freeshopfrontiera.ch\/shop\/doctor-babor-set-lifting-plumping-booster\/"},"modified":"2026-02-24T14:13:58","modified_gmt":"2026-02-24T14:13:58","slug":"doctor-babor-set-lifting-plumping-booster","status":"publish","type":"product","link":"https:\/\/www.freeshopfrontiera.ch\/fr\/shop\/doctor-babor-set-lifting-plumping-booster\/","title":{"rendered":"DOCTOR BABOR SET Lifting &#038; Plumping Booster"},"content":{"rendered":"<div class=\"flex flex-col text-sm pb-25\">\n<article class=\"text-token-text-primary w-full focus:outline-none [--shadow-height:45px] has-data-writing-block:pointer-events-none has-data-writing-block:-mt-(--shadow-height) has-data-writing-block:pt-(--shadow-height) [&amp;:has([data-writing-block])&gt;*]:pointer-events-auto scroll-mt-[calc(var(--header-height)+min(200px,max(70px,20svh)))]\" dir=\"auto\" tabindex=\"-1\" data-turn-id=\"request-WEB:3f50f26c-788c-4159-9e0d-bad63a9c43bd-24\" data-testid=\"conversation-turn-36\" data-scroll-anchor=\"true\" data-turn=\"assistant\">\n<div class=\"text-base my-auto mx-auto pb-10 [--thread-content-margin:--spacing(4)] @w-sm\/main:[--thread-content-margin:--spacing(6)] @w-lg\/main:[--thread-content-margin:--spacing(16)] px-(--thread-content-margin)\">\n<div class=\"[--thread-content-max-width:40rem] @w-lg\/main:[--thread-content-max-width:48rem] mx-auto max-w-(--thread-content-max-width) flex-1 group\/turn-messages focus-visible:outline-hidden relative flex w-full min-w-0 flex-col agent-turn\" tabindex=\"-1\">\n<div class=\"flex max-w-full flex-col grow\">\n<div class=\"min-h-8 text-message relative flex w-full flex-col items-end gap-2 text-start break-words whitespace-normal [.text-message+&amp;]:mt-1\" dir=\"auto\" data-message-author-role=\"assistant\" data-message-id=\"f6f29528-a51a-479d-aaca-50e1fb6763da\" data-message-model-slug=\"gpt-5-2\">\n<div class=\"flex w-full flex-col gap-1 empty:hidden first:pt-[1px]\">\n<div class=\"markdown prose dark:prose-invert w-full wrap-break-word light markdown-new-styling\">\n<p data-start=\"19\" data-end=\"117\"><strong data-start=\"19\" data-end=\"115\">DOCTOR BABOR Set Lifting &amp; Plumping Booster \u2013 Cream 50 ml + Eye Cream 7 ml + Ampoules 3\u00d72 ml<\/strong><\/p>\n<p data-start=\"119\" data-end=\"1490\">Le <strong data-start=\"122\" data-end=\"169\">DOCTOR BABOR Set Lifting &amp; Plumping Booster<\/strong> est un soin complet con\u00e7u pour offrir un effet lifting visible, une peau plus ferme et une action repulpante intense. Id\u00e9al pour celles et ceux qui souhaitent lutter contre les signes de l\u2019\u00e2ge et am\u00e9liorer l\u2019\u00e9lasticit\u00e9 et la tonicit\u00e9 de la peau, ce coffret associe trois produits hautement performants de la ligne DOCTOR BABOR, formul\u00e9s avec des actifs avanc\u00e9s pour une routine anti-\u00e2ge professionnelle \u00e0 domicile. La <strong data-start=\"588\" data-end=\"624\">Lifting &amp; Plumping Booster Cream<\/strong> de 50 ml hydrate intens\u00e9ment, soutient la structure cutan\u00e9e et aide \u00e0 r\u00e9duire visiblement rides et ridules, laissant le teint plus lisse et raffermi. La <strong data-start=\"778\" data-end=\"791\">Eye Cream<\/strong> de 7 ml est sp\u00e9cialement d\u00e9velopp\u00e9e pour la zone d\u00e9licate du contour des yeux, aidant \u00e0 lisser les signes de fatigue, am\u00e9liorer l\u2019\u00e9lasticit\u00e9 et apporter un regard plus frais et lumineux. Les <strong data-start=\"983\" data-end=\"1016\">Ampoules concentr\u00e9es (3\u00d72 ml)<\/strong> compl\u00e8tent le traitement avec un boost intensif d\u2019actifs favorisant un effet repulpant imm\u00e9diat et une peau visiblement plus tonique et revitalis\u00e9e. Gr\u00e2ce \u00e0 la synergie entre textures l\u00e9g\u00e8res mais nourrissantes et ingr\u00e9dients haute performance, ce set repr\u00e9sente la solution id\u00e9ale pour une routine anti-\u00e2ge compl\u00e8te, parfaite lors de p\u00e9riodes de stress cutan\u00e9, de changements de saison ou comme traitement intensif pour retrouver une peau plus jeune, lisse et \u00e9clatante.<\/p>\n<\/div>\n<\/div>\n<\/div>\n<\/div>\n<div class=\"z-0 flex min-h-[46px] justify-start\"><\/div>\n<div class=\"mt-3 w-full empty:hidden\">\n<div class=\"text-center\"><\/div>\n<\/div>\n<\/div>\n<\/div>\n<\/article>\n<\/div>\n<div class=\"pointer-events-none h-px w-px absolute bottom-0\" aria-hidden=\"true\" data-edge=\"true\">Follow us! <a href=\"https:\/\/www.instagram.com\/freeshopswiss\/\" target=\"_blank\" rel=\"noopener\">@freeshopswiss<\/a><\/div>\n","protected":false},"excerpt":{"rendered":"<p>Le <strong data-start=\"122\" data-end=\"169\">DOCTOR BABOR Set Lifting &amp; Plumping Booster<\/strong> est un soin complet con\u00e7u pour offrir un effet lifting visible, une peau plus ferme et une action repulpante intense.<\/p>\n","protected":false},"featured_media":40153,"comment_status":"open","ping_status":"closed","template":"","meta":[],"pwb-brand":[808],"product_brand":[],"product_cat":[109,4199],"product_tag":[459,461,296,417,301],"class_list":{"0":"post-40157","1":"product","2":"type-product","3":"status-publish","4":"has-post-thumbnail","6":"pwb-brand-babor","7":"product_cat-pour-elle","8":"product_cat-soin-offres","9":"product_tag-coffret","10":"product_tag-coffrets-femme","11":"product_tag-femme","12":"product_tag-soins-fr","13":"product_tag-soins-du-visage","15":"first","16":"instock","17":"sale","18":"taxable","19":"shipping-taxable","20":"purchasable","21":"product-type-simple"},"brands":[{"id":808,"name":"Babor","slug":"babor"}],"_links":{"self":[{"href":"https:\/\/www.freeshopfrontiera.ch\/fr\/wp-json\/wp\/v2\/product\/40157","targetHints":{"allow":["GET"]}}],"collection":[{"href":"https:\/\/www.freeshopfrontiera.ch\/fr\/wp-json\/wp\/v2\/product"}],"about":[{"href":"https:\/\/www.freeshopfrontiera.ch\/fr\/wp-json\/wp\/v2\/types\/product"}],"replies":[{"embeddable":true,"href":"https:\/\/www.freeshopfrontiera.ch\/fr\/wp-json\/wp\/v2\/comments?post=40157"}],"version-history":[{"count":1,"href":"https:\/\/www.freeshopfrontiera.ch\/fr\/wp-json\/wp\/v2\/product\/40157\/revisions"}],"predecessor-version":[{"id":40161,"href":"https:\/\/www.freeshopfrontiera.ch\/fr\/wp-json\/wp\/v2\/product\/40157\/revisions\/40161"}],"wp:featuredmedia":[{"embeddable":true,"href":"https:\/\/www.freeshopfrontiera.ch\/fr\/wp-json\/wp\/v2\/media\/40153"}],"wp:attachment":[{"href":"https:\/\/www.freeshopfrontiera.ch\/fr\/wp-json\/wp\/v2\/media?parent=40157"}],"wp:term":[{"taxonomy":"pwb-brand","embeddable":true,"href":"https:\/\/www.freeshopfrontiera.ch\/fr\/wp-json\/wp\/v2\/pwb-brand?post=40157"},{"taxonomy":"product_brand","embeddable":true,"href":"https:\/\/www.freeshopfrontiera.ch\/fr\/wp-json\/wp\/v2\/product_brand?post=40157"},{"taxonomy":"product_cat","embeddable":true,"href":"https:\/\/www.freeshopfrontiera.ch\/fr\/wp-json\/wp\/v2\/product_cat?post=40157"},{"taxonomy":"product_tag","embeddable":true,"href":"https:\/\/www.freeshopfrontiera.ch\/fr\/wp-json\/wp\/v2\/product_tag?post=40157"}],"curies":[{"name":"wp","href":"https:\/\/api.w.org\/{rel}","templated":true}]}}