{"id":40171,"date":"2026-01-02T14:25:48","date_gmt":"2026-01-02T14:25:48","guid":{"rendered":"https:\/\/www.freeshopfrontiera.ch\/shop\/doctor-babor-set-cure-cream\/"},"modified":"2026-02-24T14:32:45","modified_gmt":"2026-02-24T14:32:45","slug":"doctor-babor-set-cure-cream","status":"publish","type":"product","link":"https:\/\/www.freeshopfrontiera.ch\/fr\/shop\/doctor-babor-set-cure-cream\/","title":{"rendered":"DOCTOR BABOR SET Cure Cream"},"content":{"rendered":"<p data-start=\"19\" data-end=\"101\"><strong data-start=\"19\" data-end=\"99\">DOCTOR BABOR Set Cure Cream \u2013 Cream 50 ml + Eye Cream 7 ml + Ampoules 3\u00d72 ml<\/strong><\/p>\n<p data-start=\"103\" data-end=\"1518\">Le <strong data-start=\"106\" data-end=\"137\">DOCTOR BABOR Set Cure Cream<\/strong> est un soin complet con\u00e7u pour r\u00e9g\u00e9n\u00e9rer, nourrir et r\u00e9\u00e9quilibrer la peau, offrant une action intensive id\u00e9ale pour les peaux stress\u00e9es, s\u00e8ches ou pr\u00e9sentant les premiers signes de l\u2019\u00e2ge. Ce coffret associe trois produits compl\u00e9mentaires de la ligne DOCTOR BABOR, formul\u00e9s avec des actifs hautement performants pour soutenir le processus naturel de renouvellement cutan\u00e9 et am\u00e9liorer visiblement la luminosit\u00e9, l\u2019\u00e9lasticit\u00e9 et le confort de la peau. La <strong data-start=\"591\" data-end=\"605\">Cure Cream<\/strong> de 50 ml agit comme un soin quotidien intensif, hydratant en profondeur et aidant \u00e0 renforcer la barri\u00e8re cutan\u00e9e, laissant la peau plus douce, uniforme et visiblement revitalis\u00e9e.<\/p>\n<p data-start=\"103\" data-end=\"1518\">La <strong data-start=\"790\" data-end=\"803\">Eye Cream<\/strong> de 7 ml est sp\u00e9cialement d\u00e9velopp\u00e9e pour la zone d\u00e9licate du contour des yeux, aidant \u00e0 lisser les ridules et les signes de fatigue tout en am\u00e9liorant l\u2019\u00e9lasticit\u00e9 et l\u2019\u00e9clat du regard. Les <strong data-start=\"994\" data-end=\"1027\">Ampoules concentr\u00e9es (3\u00d72 ml)<\/strong> compl\u00e8tent la routine avec un boost cibl\u00e9 d\u2019actifs favorisant la r\u00e9g\u00e9n\u00e9ration cutan\u00e9e et offrant un effet imm\u00e9diatement plus frais et tonique. Gr\u00e2ce \u00e0 la synergie entre textures l\u00e9g\u00e8res mais nourrissantes et formules haute performance, ce set constitue la solution id\u00e9ale pour une routine skincare intensive et r\u00e9g\u00e9n\u00e9rante, parfaite lors des changements de saison, en p\u00e9riode de stress cutan\u00e9 ou comme traitement complet pour retrouver une peau \u00e9quilibr\u00e9e, lumineuse et d\u2019apparence saine.<\/p>\n<p data-start=\"84\" data-end=\"1507\">Follow us!\u00a0<a href=\"https:\/\/www.instagram.com\/freeshopswiss\/\" target=\"_blank\" rel=\"noopener\">@freeshopswiss<\/a><\/p>\n","protected":false},"excerpt":{"rendered":"<p>Le <strong data-start=\"106\" data-end=\"137\">DOCTOR BABOR Set Cure Cream<\/strong> est un soin complet con\u00e7u pour r\u00e9g\u00e9n\u00e9rer, nourrir et r\u00e9\u00e9quilibrer la peau, offrant une action intensive id\u00e9ale pour les peaux stress\u00e9es, s\u00e8ches ou pr\u00e9sentant les premiers signes de l\u2019\u00e2ge.<\/p>\n","protected":false},"featured_media":40167,"comment_status":"open","ping_status":"closed","template":"","meta":[],"pwb-brand":[808],"product_brand":[],"product_cat":[109,295,484,4199],"product_tag":[459,461,296,417,301],"class_list":{"0":"post-40171","1":"product","2":"type-product","3":"status-publish","4":"has-post-thumbnail","6":"pwb-brand-babor","7":"product_cat-pour-elle","8":"product_cat-traitements","9":"product_cat-coffret","10":"product_cat-soin-offres","11":"product_tag-coffret","12":"product_tag-coffrets-femme","13":"product_tag-femme","14":"product_tag-soins-fr","15":"product_tag-soins-du-visage","17":"first","18":"instock","19":"sale","20":"taxable","21":"shipping-taxable","22":"purchasable","23":"product-type-simple"},"brands":[{"id":808,"name":"Babor","slug":"babor"}],"_links":{"self":[{"href":"https:\/\/www.freeshopfrontiera.ch\/fr\/wp-json\/wp\/v2\/product\/40171","targetHints":{"allow":["GET"]}}],"collection":[{"href":"https:\/\/www.freeshopfrontiera.ch\/fr\/wp-json\/wp\/v2\/product"}],"about":[{"href":"https:\/\/www.freeshopfrontiera.ch\/fr\/wp-json\/wp\/v2\/types\/product"}],"replies":[{"embeddable":true,"href":"https:\/\/www.freeshopfrontiera.ch\/fr\/wp-json\/wp\/v2\/comments?post=40171"}],"version-history":[{"count":2,"href":"https:\/\/www.freeshopfrontiera.ch\/fr\/wp-json\/wp\/v2\/product\/40171\/revisions"}],"predecessor-version":[{"id":40177,"href":"https:\/\/www.freeshopfrontiera.ch\/fr\/wp-json\/wp\/v2\/product\/40171\/revisions\/40177"}],"wp:featuredmedia":[{"embeddable":true,"href":"https:\/\/www.freeshopfrontiera.ch\/fr\/wp-json\/wp\/v2\/media\/40167"}],"wp:attachment":[{"href":"https:\/\/www.freeshopfrontiera.ch\/fr\/wp-json\/wp\/v2\/media?parent=40171"}],"wp:term":[{"taxonomy":"pwb-brand","embeddable":true,"href":"https:\/\/www.freeshopfrontiera.ch\/fr\/wp-json\/wp\/v2\/pwb-brand?post=40171"},{"taxonomy":"product_brand","embeddable":true,"href":"https:\/\/www.freeshopfrontiera.ch\/fr\/wp-json\/wp\/v2\/product_brand?post=40171"},{"taxonomy":"product_cat","embeddable":true,"href":"https:\/\/www.freeshopfrontiera.ch\/fr\/wp-json\/wp\/v2\/product_cat?post=40171"},{"taxonomy":"product_tag","embeddable":true,"href":"https:\/\/www.freeshopfrontiera.ch\/fr\/wp-json\/wp\/v2\/product_tag?post=40171"}],"curies":[{"name":"wp","href":"https:\/\/api.w.org\/{rel}","templated":true}]}}