{"id":40215,"date":"2026-01-05T11:19:38","date_gmt":"2026-01-05T11:19:38","guid":{"rendered":"https:\/\/www.freeshopfrontiera.ch\/shop\/dsquared2-original-wood-men-eau-de-parfum-100ml\/"},"modified":"2026-02-25T11:26:52","modified_gmt":"2026-02-25T11:26:52","slug":"dsquared2-original-wood-men-eau-de-parfum-100ml","status":"publish","type":"product","link":"https:\/\/www.freeshopfrontiera.ch\/fr\/shop\/dsquared2-original-wood-men-eau-de-parfum-100ml\/","title":{"rendered":"DSQUARED2 Original Wood Men Eau de Parfum 100ml"},"content":{"rendered":"<h4 data-start=\"28\" data-end=\"588\"><strong>DSQUARED2 Original Wood Eau de Parfum est une fragrance masculine intense et contemporaine qui c\u00e9l\u00e8bre la force authentique de la nature \u00e0 travers l\u2019\u00e9l\u00e9gance du bois.<\/strong><\/h4>\n<p data-start=\"28\" data-end=\"588\">Pens\u00e9 pour l\u2019homme moderne et s\u00fbr de lui, ce parfum incarne un \u00e9quilibre parfait entre fra\u00eecheur aromatique et profondeur sensuelle, \u00e9voquant le caract\u00e8re solide et raffin\u00e9 du bois, symbole de r\u00e9sistance et d\u2019authenticit\u00e9. Lanc\u00e9 en 2022 et cr\u00e9\u00e9 par la parfumeuse Daphn\u00e9 Bugey, il repr\u00e9sente une interpr\u00e9tation plus intense et sophistiqu\u00e9e de l\u2019identit\u00e9 olfactive embl\u00e9matique de la ligne Wood.<\/p>\n<p data-start=\"590\" data-end=\"1122\">L\u2019ouverture s\u00e9duit imm\u00e9diatement par la fra\u00eecheur verte des feuilles de violette, enrichie d\u2019un accord aquatique lumineux et d\u2019une touche \u00e9pic\u00e9e de cardamome du Guatemala, apportant \u00e9nergie et dynamisme \u00e0 la composition. Au c\u0153ur se r\u00e9v\u00e8le l\u2019\u00e2me bois\u00e9e authentique du parfum : le c\u00e8dre \u00e9l\u00e9gant, le v\u00e9tiver d\u2019Ha\u00efti et le sapin argent\u00e9 cr\u00e9ent une structure intense, naturelle et raffin\u00e9e. Le fond \u00e9volue vers un sillage chaud et enveloppant gr\u00e2ce au musc, \u00e0 l\u2019ambre et au patchouli indon\u00e9sien, offrant profondeur et sensualit\u00e9 durable.<\/p>\n<p data-start=\"697\" data-end=\"1268\">Follow us!\u00a0<a href=\"https:\/\/www.instagram.com\/freeshopswiss\/\" target=\"_blank\" rel=\"noopener\">@freeshopswiss<\/a><\/p>\n","protected":false},"excerpt":{"rendered":"<h4 data-start=\"28\" data-end=\"588\"><strong>DSQUARED2 Original Wood Eau de Parfum est une fragrance masculine intense et contemporaine qui c\u00e9l\u00e8bre la force authentique de la nature \u00e0 travers l\u2019\u00e9l\u00e9gance du bois.<\/strong><\/h4>\n","protected":false},"featured_media":40208,"comment_status":"open","ping_status":"closed","template":"","meta":[],"pwb-brand":[578],"product_brand":[],"product_cat":[87,89,4195],"product_tag":[252,296,1629,97],"class_list":{"0":"post-40215","1":"product","2":"type-product","3":"status-publish","4":"has-post-thumbnail","6":"pwb-brand-dsquared2","7":"product_cat-parfums","8":"product_cat-pour-lui","9":"product_cat-parfums-offer","10":"product_tag-eau-de-parfum-fr","11":"product_tag-femme","12":"product_tag-mens-fragrances-fr","13":"product_tag-parfums","15":"first","16":"instock","17":"sale","18":"taxable","19":"shipping-taxable","20":"purchasable","21":"product-type-simple"},"brands":[{"id":578,"name":"Dsquared2","slug":"dsquared2"}],"_links":{"self":[{"href":"https:\/\/www.freeshopfrontiera.ch\/fr\/wp-json\/wp\/v2\/product\/40215","targetHints":{"allow":["GET"]}}],"collection":[{"href":"https:\/\/www.freeshopfrontiera.ch\/fr\/wp-json\/wp\/v2\/product"}],"about":[{"href":"https:\/\/www.freeshopfrontiera.ch\/fr\/wp-json\/wp\/v2\/types\/product"}],"replies":[{"embeddable":true,"href":"https:\/\/www.freeshopfrontiera.ch\/fr\/wp-json\/wp\/v2\/comments?post=40215"}],"version-history":[{"count":2,"href":"https:\/\/www.freeshopfrontiera.ch\/fr\/wp-json\/wp\/v2\/product\/40215\/revisions"}],"predecessor-version":[{"id":40219,"href":"https:\/\/www.freeshopfrontiera.ch\/fr\/wp-json\/wp\/v2\/product\/40215\/revisions\/40219"}],"wp:featuredmedia":[{"embeddable":true,"href":"https:\/\/www.freeshopfrontiera.ch\/fr\/wp-json\/wp\/v2\/media\/40208"}],"wp:attachment":[{"href":"https:\/\/www.freeshopfrontiera.ch\/fr\/wp-json\/wp\/v2\/media?parent=40215"}],"wp:term":[{"taxonomy":"pwb-brand","embeddable":true,"href":"https:\/\/www.freeshopfrontiera.ch\/fr\/wp-json\/wp\/v2\/pwb-brand?post=40215"},{"taxonomy":"product_brand","embeddable":true,"href":"https:\/\/www.freeshopfrontiera.ch\/fr\/wp-json\/wp\/v2\/product_brand?post=40215"},{"taxonomy":"product_cat","embeddable":true,"href":"https:\/\/www.freeshopfrontiera.ch\/fr\/wp-json\/wp\/v2\/product_cat?post=40215"},{"taxonomy":"product_tag","embeddable":true,"href":"https:\/\/www.freeshopfrontiera.ch\/fr\/wp-json\/wp\/v2\/product_tag?post=40215"}],"curies":[{"name":"wp","href":"https:\/\/api.w.org\/{rel}","templated":true}]}}