{"id":40256,"date":"2026-02-26T11:00:53","date_gmt":"2026-02-26T11:00:53","guid":{"rendered":"https:\/\/www.freeshopfrontiera.ch\/shop\/rabanne-1-million-night-elixir-parfum\/"},"modified":"2026-02-26T11:18:10","modified_gmt":"2026-02-26T11:18:10","slug":"rabanne-1-million-night-elixir","status":"publish","type":"product","link":"https:\/\/www.freeshopfrontiera.ch\/fr\/shop\/rabanne-1-million-night-elixir\/","title":{"rendered":"RABANNE 1 Million Night Elixir Parfum"},"content":{"rendered":"<p class=\"\" data-start=\"210\" data-end=\"538\">D\u00e9couvrez la magie de la nuit avec <strong data-start=\"252\" data-end=\"290\">RABANNE 1 Million Night Elixir Parfum<\/strong>, l\u2019\u00e9dition limit\u00e9e qui fusionne l\u2019iconique lingot d\u2019or avec le myst\u00e9rieux noir. Un parfum audacieux, sophistiqu\u00e9 et irr\u00e9sistible, con\u00e7u pour ceux qui osent sans limites et souhaitent briller comme un v\u00e9ritable tr\u00e9sor.<\/p>\n<p class=\"\" data-start=\"540\" data-end=\"966\"><strong data-start=\"599\" data-end=\"612\">Notes de t\u00eate :<\/strong> mandarine fra\u00eeche et p\u00e9tillante ; <strong data-start=\"624\" data-end=\"640\">notes de c\u0153ur :<\/strong> sirop d\u2019\u00e9rable doux et enveloppant ; <strong data-start=\"720\" data-end=\"746\">notes de fond :<\/strong> ambre chaude et sensuelle. Ce <strong data-start=\"863\" data-end=\"880\">parfum ambr\u00e9 et bois\u00e9<\/strong> cr\u00e9e un contraste irr\u00e9sistible entre douceur, fra\u00eecheur et sensualit\u00e9, laissant un sillage magn\u00e9tique et persistant.<\/p>\n<p class=\"\" data-start=\"968\" data-end=\"1149\">Le flacon, r\u00e9interpr\u00e9tation de l\u2019iconique lingot d\u2019or, se pare de noir myst\u00e9rieux, symbole d\u2019\u00e9l\u00e9gance et de s\u00e9duction nocturne, refl\u00e9tant toute la puissance et le raffinement de la fragrance.<\/p>\n<p class=\"\" data-start=\"1151\" data-end=\"1173\"><strong data-start=\"1151\" data-end=\"1173\">Pourquoi le choisir :<\/strong><\/p>\n<ul data-start=\"1174\" data-end=\"1393\">\n<li class=\"\" data-start=\"1174\" data-end=\"1236\">\n<p class=\"\" data-start=\"1176\" data-end=\"1236\">Eau de Parfum ambr\u00e9e et bois\u00e9e, sensuelle et enveloppante<\/p>\n<\/li>\n<li class=\"\" data-start=\"1237\" data-end=\"1285\">\n<p class=\"\" data-start=\"1239\" data-end=\"1285\">Parfait pour les soir\u00e9es et \u00e9v\u00e9nements exclusifs<\/p>\n<\/li>\n<li class=\"\" data-start=\"1286\" data-end=\"1360\">\n<p class=\"\" data-start=\"1288\" data-end=\"1360\">Fragrance intense et persistante, pour ceux qui veulent laisser leur empreinte<\/p>\n<\/li>\n<li class=\"\" data-start=\"1361\" data-end=\"1393\">\n<p class=\"\" data-start=\"1363\" data-end=\"1393\">Packaging iconique, \u00e9l\u00e9gant et luxueux<\/p>\n<\/li>\n<\/ul>\n<p class=\"\" data-start=\"1395\" data-end=\"1541\"><strong data-start=\"252\" data-end=\"290\"><a href=\"https:\/\/www.freeshopfrontiera.ch\/fr\/brand\/rabanne\/\">RABANNE<\/a> 1 Million Night Elixir Parfum<\/strong> est bien plus qu\u2019un parfum : c\u2019est une invitation \u00e0 vivre la nuit avec audace, charme et magn\u00e9tisme. Une fragrance qui capte les regards, les \u00e9motions et les souvenirs, rendant chaque soir\u00e9e inoubliable.<\/p>\n<p data-start=\"1395\" data-end=\"1541\">Follow us ! <a href=\"https:\/\/www.instagram.com\/freeshopswiss\/\" target=\"_blank\" rel=\"noopener\">@freeshopswiss<\/a><\/p>\n","protected":false},"excerpt":{"rendered":"<p>D\u00e9couvrez <strong data-start=\"265\" data-end=\"299\">RABANNE 1 Million Night Elixir<\/strong>, le parfum ambr\u00e9 et bois\u00e9. Mandarine fra\u00eeche, sirop d\u2019\u00e9rable doux et ambre sensuelle pour des soir\u00e9es inoubliables.<\/p>\n","protected":false},"featured_media":40233,"comment_status":"open","ping_status":"closed","template":"","meta":[],"pwb-brand":[378],"product_brand":[],"product_cat":[103,87,89],"product_tag":[1629,488,490,571,97],"class_list":{"0":"post-40256","1":"product","2":"type-product","3":"status-publish","4":"has-post-thumbnail","6":"pwb-brand-rabanne","7":"product_cat-nouveaute","8":"product_cat-parfums","9":"product_cat-pour-lui","10":"product_tag-mens-fragrances-fr","11":"product_tag-nouveautes-fr","12":"product_tag-nouveautes-parfums","13":"product_tag-novita-per-lui-fr","14":"product_tag-parfums","16":"first","17":"instock","18":"sale","19":"taxable","20":"shipping-taxable","21":"purchasable","22":"product-type-variable","23":"has-default-attributes"},"brands":[{"id":378,"name":"Rabanne","slug":"rabanne"}],"_links":{"self":[{"href":"https:\/\/www.freeshopfrontiera.ch\/fr\/wp-json\/wp\/v2\/product\/40256","targetHints":{"allow":["GET"]}}],"collection":[{"href":"https:\/\/www.freeshopfrontiera.ch\/fr\/wp-json\/wp\/v2\/product"}],"about":[{"href":"https:\/\/www.freeshopfrontiera.ch\/fr\/wp-json\/wp\/v2\/types\/product"}],"replies":[{"embeddable":true,"href":"https:\/\/www.freeshopfrontiera.ch\/fr\/wp-json\/wp\/v2\/comments?post=40256"}],"version-history":[{"count":3,"href":"https:\/\/www.freeshopfrontiera.ch\/fr\/wp-json\/wp\/v2\/product\/40256\/revisions"}],"predecessor-version":[{"id":40267,"href":"https:\/\/www.freeshopfrontiera.ch\/fr\/wp-json\/wp\/v2\/product\/40256\/revisions\/40267"}],"wp:featuredmedia":[{"embeddable":true,"href":"https:\/\/www.freeshopfrontiera.ch\/fr\/wp-json\/wp\/v2\/media\/40233"}],"wp:attachment":[{"href":"https:\/\/www.freeshopfrontiera.ch\/fr\/wp-json\/wp\/v2\/media?parent=40256"}],"wp:term":[{"taxonomy":"pwb-brand","embeddable":true,"href":"https:\/\/www.freeshopfrontiera.ch\/fr\/wp-json\/wp\/v2\/pwb-brand?post=40256"},{"taxonomy":"product_brand","embeddable":true,"href":"https:\/\/www.freeshopfrontiera.ch\/fr\/wp-json\/wp\/v2\/product_brand?post=40256"},{"taxonomy":"product_cat","embeddable":true,"href":"https:\/\/www.freeshopfrontiera.ch\/fr\/wp-json\/wp\/v2\/product_cat?post=40256"},{"taxonomy":"product_tag","embeddable":true,"href":"https:\/\/www.freeshopfrontiera.ch\/fr\/wp-json\/wp\/v2\/product_tag?post=40256"}],"curies":[{"name":"wp","href":"https:\/\/api.w.org\/{rel}","templated":true}]}}