{"id":40583,"date":"2026-03-02T08:52:16","date_gmt":"2026-03-02T08:52:16","guid":{"rendered":"https:\/\/www.freeshopfrontiera.ch\/shop\/thierry-mugler-alien-pulp-eau-de-parfum\/"},"modified":"2026-03-02T08:55:08","modified_gmt":"2026-03-02T08:55:08","slug":"thierry-mugler-alien-pulp-eau-de-parfum","status":"publish","type":"product","link":"https:\/\/www.freeshopfrontiera.ch\/fr\/shop\/thierry-mugler-alien-pulp-eau-de-parfum\/","title":{"rendered":"THIERRY MUGLER Alien Pulp Eau de Parfum"},"content":{"rendered":"<div class=\"flex flex-col text-sm pb-25\">\n<article class=\"text-token-text-primary w-full focus:outline-none [--shadow-height:45px] has-data-writing-block:pointer-events-none has-data-writing-block:-mt-(--shadow-height) has-data-writing-block:pt-(--shadow-height) [&amp;:has([data-writing-block])&gt;*]:pointer-events-auto scroll-mt-[calc(var(--header-height)+min(200px,max(70px,20svh)))]\" dir=\"auto\" tabindex=\"-1\" data-turn-id=\"request-WEB:55aa420f-fe6c-46c8-9e13-37fb3d8d8757-1\" data-testid=\"conversation-turn-4\" data-scroll-anchor=\"true\" data-turn=\"assistant\">\n<div class=\"text-base my-auto mx-auto pb-10 [--thread-content-margin:--spacing(4)] @w-sm\/main:[--thread-content-margin:--spacing(6)] @w-lg\/main:[--thread-content-margin:--spacing(16)] px-(--thread-content-margin)\">\n<div class=\"[--thread-content-max-width:40rem] @w-lg\/main:[--thread-content-max-width:48rem] mx-auto max-w-(--thread-content-max-width) flex-1 group\/turn-messages focus-visible:outline-hidden relative flex w-full min-w-0 flex-col agent-turn\" tabindex=\"-1\">\n<div class=\"flex max-w-full flex-col grow\">\n<div class=\"min-h-8 text-message relative flex w-full flex-col items-end gap-2 text-start break-words whitespace-normal [.text-message+&amp;]:mt-1\" dir=\"auto\" data-message-author-role=\"assistant\" data-message-id=\"464a2ed6-5e3d-4206-896c-c1f0876106f5\" data-message-model-slug=\"gpt-5-2\">\n<div class=\"flex w-full flex-col gap-1 empty:hidden first:pt-[1px]\">\n<div class=\"markdown prose dark:prose-invert w-full wrap-break-word light markdown-new-styling\">\n<p data-start=\"2856\" data-end=\"2949\"><strong data-start=\"2856\" data-end=\"2949\">Thierry Mugler Alien Pulp Eau de Parfum \u2013 Parfum Femme Floral Fruit\u00e9e Sensuel et Lumineux<\/strong><\/p>\n<p data-start=\"2951\" data-end=\"3365\">D\u00e9couvrez Thierry Mugler Alien Pulp Eau de Parfum, une fragrance f\u00e9minine intense et lumineuse qui r\u00e9interpr\u00e8te l\u2019univers iconique Alien avec une \u00e9nergie fruit\u00e9e, vibrante et irr\u00e9sistiblement moderne. Lanc\u00e9 en 2025 et cr\u00e9\u00e9 par le ma\u00eetre parfumeur Dominique Ropion, ce parfum enveloppe les sens dans une exp\u00e9rience olfactive juteuse et sensuelle, pens\u00e9e pour une femme audacieuse, magn\u00e9tique et s\u00fbre de son unicit\u00e9.<\/p>\n<p data-start=\"3367\" data-end=\"3933\">Alien Pulp s\u2019ouvre sur une explosion lumineuse et gourmande gr\u00e2ce aux notes de t\u00eate de framboise et de zeste de citron, offrant une ouverture fra\u00eeche, fruit\u00e9e et l\u00e9g\u00e8rement acidul\u00e9e, imm\u00e9diatement captivante. Au c\u0153ur de la fragrance s\u2019\u00e9panouit un \u00e9l\u00e9gant accord de jasmin, cr\u00e9meux et rayonnant, enrichi de nuances de mandarine verte et d\u2019orange douce, apportant f\u00e9minit\u00e9 et profondeur solaire \u00e0 la composition. Le fond r\u00e9v\u00e8le un sillage enveloppant et sensuel compos\u00e9 de musc, de bois de cashmeran et de vanilline, cr\u00e9ant un effet chaud, doux et durable sur la peau.<\/p>\n<p data-start=\"3935\" data-end=\"4237\" data-is-last-node=\"\" data-is-only-node=\"\">Appartenant \u00e0 la famille florale fruit\u00e9e, Alien Pulp associe une douceur juteuse \u00e0 une sensualit\u00e9 musqu\u00e9e dans un \u00e9quilibre moderne et sophistiqu\u00e9. Le r\u00e9sultat est un parfum lumineux mais intense, parfait pour celles qui souhaitent se distinguer avec une signature olfactive originale et contemporaine.<\/p>\n<\/div>\n<\/div>\n<\/div>\n<\/div>\n<\/div>\n<\/div>\n<\/article>\n<\/div>\n<p>&nbsp;<\/p>\n<p>Follow us! <a href=\"https:\/\/www.instagram.com\/freeshopswiss\/\" target=\"_blank\" rel=\"noopener\">@freeshopswiss<\/a><\/p>\n","protected":false},"excerpt":{"rendered":"<p>D\u00e9couvrez Thierry Mugler Alien Pulp Eau de Parfum, une fragrance f\u00e9minine intense et lumineuse qui r\u00e9interpr\u00e8te l\u2019univers iconique Alien avec une \u00e9nergie fruit\u00e9e, vibrante et irr\u00e9sistiblement moderne.<\/p>\n","protected":false},"featured_media":40579,"comment_status":"open","ping_status":"closed","template":"","meta":[],"pwb-brand":[395],"product_brand":[],"product_cat":[87,109],"product_tag":[252,296,4348,789,97],"class_list":{"0":"post-40583","1":"product","2":"type-product","3":"status-publish","4":"has-post-thumbnail","6":"pwb-brand-thierry-mugler","7":"product_cat-parfums","8":"product_cat-pour-elle","9":"product_tag-eau-de-parfum-fr","10":"product_tag-femme","11":"product_tag-fete-des-femmes","12":"product_tag-womens-fragrances-fr","13":"product_tag-parfums","15":"first","16":"instock","17":"sale","18":"taxable","19":"shipping-taxable","20":"purchasable","21":"product-type-variable","22":"has-default-attributes"},"brands":[{"id":395,"name":"Thierry Mugler","slug":"thierry-mugler"}],"_links":{"self":[{"href":"https:\/\/www.freeshopfrontiera.ch\/fr\/wp-json\/wp\/v2\/product\/40583","targetHints":{"allow":["GET"]}}],"collection":[{"href":"https:\/\/www.freeshopfrontiera.ch\/fr\/wp-json\/wp\/v2\/product"}],"about":[{"href":"https:\/\/www.freeshopfrontiera.ch\/fr\/wp-json\/wp\/v2\/types\/product"}],"replies":[{"embeddable":true,"href":"https:\/\/www.freeshopfrontiera.ch\/fr\/wp-json\/wp\/v2\/comments?post=40583"}],"version-history":[{"count":1,"href":"https:\/\/www.freeshopfrontiera.ch\/fr\/wp-json\/wp\/v2\/product\/40583\/revisions"}],"predecessor-version":[{"id":40587,"href":"https:\/\/www.freeshopfrontiera.ch\/fr\/wp-json\/wp\/v2\/product\/40583\/revisions\/40587"}],"wp:featuredmedia":[{"embeddable":true,"href":"https:\/\/www.freeshopfrontiera.ch\/fr\/wp-json\/wp\/v2\/media\/40579"}],"wp:attachment":[{"href":"https:\/\/www.freeshopfrontiera.ch\/fr\/wp-json\/wp\/v2\/media?parent=40583"}],"wp:term":[{"taxonomy":"pwb-brand","embeddable":true,"href":"https:\/\/www.freeshopfrontiera.ch\/fr\/wp-json\/wp\/v2\/pwb-brand?post=40583"},{"taxonomy":"product_brand","embeddable":true,"href":"https:\/\/www.freeshopfrontiera.ch\/fr\/wp-json\/wp\/v2\/product_brand?post=40583"},{"taxonomy":"product_cat","embeddable":true,"href":"https:\/\/www.freeshopfrontiera.ch\/fr\/wp-json\/wp\/v2\/product_cat?post=40583"},{"taxonomy":"product_tag","embeddable":true,"href":"https:\/\/www.freeshopfrontiera.ch\/fr\/wp-json\/wp\/v2\/product_tag?post=40583"}],"curies":[{"name":"wp","href":"https:\/\/api.w.org\/{rel}","templated":true}]}}