{"id":40678,"date":"2026-03-06T09:46:53","date_gmt":"2026-03-06T09:46:53","guid":{"rendered":"https:\/\/www.freeshopfrontiera.ch\/shop\/valentino-born-in-roma-purple-melancholia-donna\/"},"modified":"2026-03-06T09:49:36","modified_gmt":"2026-03-06T09:49:36","slug":"valentino-born-in-roma-purple-melancholia-donna","status":"publish","type":"product","link":"https:\/\/www.freeshopfrontiera.ch\/fr\/shop\/valentino-born-in-roma-purple-melancholia-donna\/","title":{"rendered":"VALENTINO Born in Roma Purple Melancholia Donna"},"content":{"rendered":"<div class=\"flex flex-col text-sm\">\n<article class=\"text-token-text-primary w-full focus:outline-none [--shadow-height:45px] has-data-writing-block:pointer-events-none has-data-writing-block:-mt-(--shadow-height) has-data-writing-block:pt-(--shadow-height) [&amp;:has([data-writing-block])&gt;*]:pointer-events-auto scroll-mt-[calc(var(--header-height)+min(200px,max(70px,20svh)))]\" dir=\"auto\" tabindex=\"-1\" data-turn-id=\"request-WEB:0c5f94a0-308e-4337-8808-522b8ca0fdb5-7\" data-testid=\"conversation-turn-16\" data-scroll-anchor=\"true\" data-turn=\"assistant\">\n<div class=\"text-base my-auto mx-auto pb-10 [--thread-content-margin:var(--thread-content-margin-xs,calc(var(--spacing)*4))] @w-sm\/main:[--thread-content-margin:var(--thread-content-margin-sm,calc(var(--spacing)*6))] @w-lg\/main:[--thread-content-margin:var(--thread-content-margin-lg,calc(var(--spacing)*16))] px-(--thread-content-margin)\">\n<div class=\"[--thread-content-max-width:40rem] @w-lg\/main:[--thread-content-max-width:48rem] mx-auto max-w-(--thread-content-max-width) flex-1 group\/turn-messages focus-visible:outline-hidden relative flex w-full min-w-0 flex-col agent-turn\" tabindex=\"-1\">\n<div class=\"flex max-w-full flex-col gap-4 grow\">\n<div class=\"min-h-8 text-message relative flex w-full flex-col items-end gap-2 text-start break-words whitespace-normal [.text-message+&amp;]:mt-1\" dir=\"auto\" data-message-author-role=\"assistant\" data-message-id=\"f0de73a1-3b81-44ba-aff2-79ebbdebe1d7\" data-message-model-slug=\"gpt-5-3\">\n<div class=\"flex w-full flex-col gap-1 empty:hidden\">\n<div class=\"markdown prose dark:prose-invert w-full wrap-break-word light markdown-new-styling\">\n<p data-start=\"2287\" data-end=\"2394\"><strong data-start=\"2287\" data-end=\"2394\">Valentino Born in Roma Purple Melancholia Donna Eau de Parfum \u2013 L\u2019\u00e9l\u00e9gance sensuelle de la nuit romaine<\/strong><\/p>\n<p data-start=\"2396\" data-end=\"2925\">Valentino Born in Roma Purple Melancholia Donna Eau de Parfum est un parfum f\u00e9minin intense et magn\u00e9tique qui capture l\u2019\u00e9motion des nuits romaines les plus profondes et myst\u00e9rieuses. Pens\u00e9 pour une femme moderne, audacieuse et sophistiqu\u00e9e, ce parfum exprime une sensualit\u00e9 \u00e9l\u00e9gante gr\u00e2ce \u00e0 un \u00e9quilibre parfait entre fruits velout\u00e9s, fleurs lumineuses et une base douce et enveloppante. Le flacon iconique de la collection Born in Roma se pare d\u2019un violet profond, symbole de passion, d\u2019introspection et de glamour contemporain.<\/p>\n<p data-start=\"2927\" data-end=\"3387\" data-is-last-node=\"\" data-is-only-node=\"\">L\u2019ouverture est domin\u00e9e par une <strong data-start=\"2959\" data-end=\"2976\">prune juteuse<\/strong>, qui apporte \u00e0 la fragrance une note fruit\u00e9e riche et l\u00e9g\u00e8rement sombre, cr\u00e9ant un d\u00e9part intrigant et s\u00e9duisant. Au c\u0153ur appara\u00eet l\u2019<strong data-start=\"3110\" data-end=\"3123\">osmanthus<\/strong>, une fleur raffin\u00e9e m\u00ealant d\u00e9licates nuances florales et accents velout\u00e9s, apportant \u00e9l\u00e9gance et f\u00e9minit\u00e9 \u00e0 la composition. Le sillage se termine par la sensualit\u00e9 cr\u00e9meuse de la <strong data-start=\"3303\" data-end=\"3328\">vanille de Madagascar<\/strong>, qui enveloppe la peau d\u2019une chaleur douce et persistante.<\/p>\n<\/div>\n<\/div>\n<\/div>\n<\/div>\n<\/div>\n<\/div>\n<\/article>\n<\/div>\n<p>&nbsp;<\/p>\n<p>Follow us! <a href=\"https:\/\/www.instagram.com\/freeshopswiss\/\" target=\"_blank\" rel=\"noopener\">@freeshopswiss<\/a><\/p>\n","protected":false},"excerpt":{"rendered":"<p>Valentino Born in Roma Purple Melancholia Donna Eau de Parfum est un parfum f\u00e9minin intense et magn\u00e9tique qui capture l\u2019\u00e9motion des nuits romaines les plus profondes et myst\u00e9rieuses.<\/p>\n","protected":false},"featured_media":40665,"comment_status":"open","ping_status":"closed","template":"","meta":[],"pwb-brand":[298],"product_brand":[],"product_cat":[87,109],"product_tag":[252,296,789,97,4367],"class_list":{"0":"post-40678","1":"product","2":"type-product","3":"status-publish","4":"has-post-thumbnail","6":"pwb-brand-valentino","7":"product_cat-parfums","8":"product_cat-pour-elle","9":"product_tag-eau-de-parfum-fr","10":"product_tag-femme","11":"product_tag-womens-fragrances-fr","12":"product_tag-parfums","13":"product_tag-special-printemps","15":"first","16":"instock","17":"sale","18":"taxable","19":"shipping-taxable","20":"purchasable","21":"product-type-variable"},"brands":[{"id":298,"name":"Valentino","slug":"valentino"}],"_links":{"self":[{"href":"https:\/\/www.freeshopfrontiera.ch\/fr\/wp-json\/wp\/v2\/product\/40678","targetHints":{"allow":["GET"]}}],"collection":[{"href":"https:\/\/www.freeshopfrontiera.ch\/fr\/wp-json\/wp\/v2\/product"}],"about":[{"href":"https:\/\/www.freeshopfrontiera.ch\/fr\/wp-json\/wp\/v2\/types\/product"}],"replies":[{"embeddable":true,"href":"https:\/\/www.freeshopfrontiera.ch\/fr\/wp-json\/wp\/v2\/comments?post=40678"}],"version-history":[{"count":1,"href":"https:\/\/www.freeshopfrontiera.ch\/fr\/wp-json\/wp\/v2\/product\/40678\/revisions"}],"predecessor-version":[{"id":40685,"href":"https:\/\/www.freeshopfrontiera.ch\/fr\/wp-json\/wp\/v2\/product\/40678\/revisions\/40685"}],"wp:featuredmedia":[{"embeddable":true,"href":"https:\/\/www.freeshopfrontiera.ch\/fr\/wp-json\/wp\/v2\/media\/40665"}],"wp:attachment":[{"href":"https:\/\/www.freeshopfrontiera.ch\/fr\/wp-json\/wp\/v2\/media?parent=40678"}],"wp:term":[{"taxonomy":"pwb-brand","embeddable":true,"href":"https:\/\/www.freeshopfrontiera.ch\/fr\/wp-json\/wp\/v2\/pwb-brand?post=40678"},{"taxonomy":"product_brand","embeddable":true,"href":"https:\/\/www.freeshopfrontiera.ch\/fr\/wp-json\/wp\/v2\/product_brand?post=40678"},{"taxonomy":"product_cat","embeddable":true,"href":"https:\/\/www.freeshopfrontiera.ch\/fr\/wp-json\/wp\/v2\/product_cat?post=40678"},{"taxonomy":"product_tag","embeddable":true,"href":"https:\/\/www.freeshopfrontiera.ch\/fr\/wp-json\/wp\/v2\/product_tag?post=40678"}],"curies":[{"name":"wp","href":"https:\/\/api.w.org\/{rel}","templated":true}]}}