{"id":40695,"date":"2026-03-06T10:01:30","date_gmt":"2026-03-06T10:01:30","guid":{"rendered":"https:\/\/www.freeshopfrontiera.ch\/shop\/valentino-born-in-roma-purple-melancholia-uomo\/"},"modified":"2026-03-06T10:04:09","modified_gmt":"2026-03-06T10:04:09","slug":"valentino-born-in-roma-purple-melancholia-uomo","status":"publish","type":"product","link":"https:\/\/www.freeshopfrontiera.ch\/fr\/shop\/valentino-born-in-roma-purple-melancholia-uomo\/","title":{"rendered":"VALENTINO Born in Roma Purple Melancholia Uomo"},"content":{"rendered":"<p data-start=\"2254\" data-end=\"2368\"><strong data-start=\"2254\" data-end=\"2366\">Valentino Born in Roma Purple Melancholia Uomo Eau de Toilette 50ml \u2013 L\u2019intensit\u00e9 moderne de la nuit romaine<\/strong><\/p>\n<p data-start=\"2370\" data-end=\"2832\">Valentino Born in Roma Purple Melancholia Uomo Eau de Toilette est un parfum masculin sophistiqu\u00e9 et enveloppant qui capture l\u2019\u00e9nergie myst\u00e9rieuse et s\u00e9duisante des nuits romaines. Con\u00e7u pour l\u2019homme contemporain, s\u00fbr de lui et au style distinctif, ce parfum allie \u00e9l\u00e9gance et caract\u00e8re dans une composition intense et moderne. Le flacon iconique de la collection Born in Roma se pare d\u2019un violet profond, symbole de cr\u00e9ativit\u00e9, de passion et d\u2019esprit rebelle.<\/p>\n<p data-start=\"2834\" data-end=\"3264\">Le parfum s\u2019ouvre sur une note \u00e9pic\u00e9e et vibrante de <strong data-start=\"2887\" data-end=\"2902\">poivre noir<\/strong>, apportant \u00e9nergie et dynamisme d\u00e8s le d\u00e9but de la composition. Au c\u0153ur, le raffinement aromatique de <strong data-start=\"3005\" data-end=\"3016\">lavande<\/strong> apporte fra\u00eecheur et \u00e9quilibre, cr\u00e9ant un contraste \u00e9l\u00e9gant avec les notes plus intenses. Le fond est domin\u00e9 par la profondeur chaude et sensuelle de la <strong data-start=\"3170\" data-end=\"3181\">vanille<\/strong>, laissant sur la peau un sillage doux, enveloppant et irr\u00e9sistiblement masculin.<\/p>\n<p data-start=\"583\" data-end=\"1023\">Follow us! <a href=\"https:\/\/www.instagram.com\/freeshopswiss\/\" target=\"_blank\" rel=\"noopener\">@freeshopswiss<\/a><\/p>\n","protected":false},"excerpt":{"rendered":"<p>Valentino Born in Roma Purple Melancholia Uomo Eau de Toilette est un parfum masculin sophistiqu\u00e9 et enveloppant qui capture l\u2019\u00e9nergie myst\u00e9rieuse et s\u00e9duisante des nuits romaines.<\/p>\n","protected":false},"featured_media":40690,"comment_status":"open","ping_status":"closed","template":"","meta":[],"pwb-brand":[298],"product_brand":[],"product_cat":[103,87,89],"product_tag":[141,1629,143,488,490,571,97],"class_list":{"0":"post-40695","1":"product","2":"type-product","3":"status-publish","4":"has-post-thumbnail","6":"pwb-brand-valentino","7":"product_cat-nouveaute","8":"product_cat-parfums","9":"product_cat-pour-lui","10":"product_tag-eau-de-toilette-fr","11":"product_tag-mens-fragrances-fr","12":"product_tag-homme","13":"product_tag-nouveautes-fr","14":"product_tag-nouveautes-parfums","15":"product_tag-novita-per-lui-fr","16":"product_tag-parfums","18":"first","19":"outofstock","20":"sale","21":"taxable","22":"shipping-taxable","23":"purchasable","24":"product-type-simple"},"brands":[{"id":298,"name":"Valentino","slug":"valentino"}],"_links":{"self":[{"href":"https:\/\/www.freeshopfrontiera.ch\/fr\/wp-json\/wp\/v2\/product\/40695","targetHints":{"allow":["GET"]}}],"collection":[{"href":"https:\/\/www.freeshopfrontiera.ch\/fr\/wp-json\/wp\/v2\/product"}],"about":[{"href":"https:\/\/www.freeshopfrontiera.ch\/fr\/wp-json\/wp\/v2\/types\/product"}],"replies":[{"embeddable":true,"href":"https:\/\/www.freeshopfrontiera.ch\/fr\/wp-json\/wp\/v2\/comments?post=40695"}],"version-history":[{"count":1,"href":"https:\/\/www.freeshopfrontiera.ch\/fr\/wp-json\/wp\/v2\/product\/40695\/revisions"}],"predecessor-version":[{"id":40698,"href":"https:\/\/www.freeshopfrontiera.ch\/fr\/wp-json\/wp\/v2\/product\/40695\/revisions\/40698"}],"wp:featuredmedia":[{"embeddable":true,"href":"https:\/\/www.freeshopfrontiera.ch\/fr\/wp-json\/wp\/v2\/media\/40690"}],"wp:attachment":[{"href":"https:\/\/www.freeshopfrontiera.ch\/fr\/wp-json\/wp\/v2\/media?parent=40695"}],"wp:term":[{"taxonomy":"pwb-brand","embeddable":true,"href":"https:\/\/www.freeshopfrontiera.ch\/fr\/wp-json\/wp\/v2\/pwb-brand?post=40695"},{"taxonomy":"product_brand","embeddable":true,"href":"https:\/\/www.freeshopfrontiera.ch\/fr\/wp-json\/wp\/v2\/product_brand?post=40695"},{"taxonomy":"product_cat","embeddable":true,"href":"https:\/\/www.freeshopfrontiera.ch\/fr\/wp-json\/wp\/v2\/product_cat?post=40695"},{"taxonomy":"product_tag","embeddable":true,"href":"https:\/\/www.freeshopfrontiera.ch\/fr\/wp-json\/wp\/v2\/product_tag?post=40695"}],"curies":[{"name":"wp","href":"https:\/\/api.w.org\/{rel}","templated":true}]}}