{"id":40927,"date":"2026-01-09T12:51:30","date_gmt":"2026-01-09T12:51:30","guid":{"rendered":"https:\/\/www.freeshopfrontiera.ch\/shop\/kundal-set-airy-volume-blossom-breeze\/"},"modified":"2026-03-09T12:55:57","modified_gmt":"2026-03-09T12:55:57","slug":"kundal-set-airy-volume-blossom-breeze","status":"publish","type":"product","link":"https:\/\/www.freeshopfrontiera.ch\/fr\/shop\/kundal-set-airy-volume-blossom-breeze\/","title":{"rendered":"KUNDAL SET Airy Volume &#8211; Blossom Breeze"},"content":{"rendered":"<div class=\"flex flex-col text-sm\">\n<article class=\"text-token-text-primary w-full focus:outline-none [--shadow-height:45px] has-data-writing-block:pointer-events-none has-data-writing-block:-mt-(--shadow-height) has-data-writing-block:pt-(--shadow-height) [&amp;:has([data-writing-block])&gt;*]:pointer-events-auto scroll-mt-[calc(var(--header-height)+min(200px,max(70px,20svh)))]\" dir=\"auto\" tabindex=\"-1\" data-turn-id=\"request-WEB:1a4613b3-2e5a-4a2a-b46a-d3ba93289129-2\" data-testid=\"conversation-turn-6\" data-scroll-anchor=\"true\" data-turn=\"assistant\">\n<div class=\"text-base my-auto mx-auto pb-10 [--thread-content-margin:var(--thread-content-margin-xs,calc(var(--spacing)*4))] @w-sm\/main:[--thread-content-margin:var(--thread-content-margin-sm,calc(var(--spacing)*6))] @w-lg\/main:[--thread-content-margin:var(--thread-content-margin-lg,calc(var(--spacing)*16))] px-(--thread-content-margin)\">\n<div class=\"[--thread-content-max-width:40rem] @w-lg\/main:[--thread-content-max-width:48rem] mx-auto max-w-(--thread-content-max-width) flex-1 group\/turn-messages focus-visible:outline-hidden relative flex w-full min-w-0 flex-col agent-turn\" tabindex=\"-1\">\n<div class=\"flex max-w-full flex-col gap-4 grow\">\n<div class=\"min-h-8 text-message relative flex w-full flex-col items-end gap-2 text-start break-words whitespace-normal [.text-message+&amp;]:mt-1\" dir=\"auto\" data-message-author-role=\"assistant\" data-message-id=\"975e44d9-4259-487d-baaf-3266133d49de\" data-message-model-slug=\"gpt-5-3\">\n<div class=\"flex w-full flex-col gap-1 empty:hidden\">\n<div class=\"markdown prose dark:prose-invert w-full wrap-break-word light markdown-new-styling\">\n<p data-start=\"3377\" data-end=\"3503\"><strong data-start=\"3377\" data-end=\"3503\">KUNDAL Set Airy Volume Hyaluron Shampoo &amp; Treatment Blossom Breeze \u2013 Volume l\u00e9ger et hydratation pour des cheveux lumineux<\/strong><\/p>\n<p data-start=\"3505\" data-end=\"3943\">Le <strong data-start=\"3508\" data-end=\"3579\">set KUNDAL Airy Volume Hyaluron Shampoo et Treatment Blossom Breeze<\/strong> est un rituel complet de soin capillaire con\u00e7u pour celles et ceux qui souhaitent des cheveux plus volumineux, l\u00e9gers et intens\u00e9ment hydrat\u00e9s. Gr\u00e2ce \u00e0 l\u2019acide hyaluronique et \u00e0 des ingr\u00e9dients d\u2019origine naturelle, ce duo nettoie d\u00e9licatement le cuir chevelu et nourrit la fibre capillaire sans l\u2019alourdir, laissant les cheveux doux, a\u00e9riens et pleins de vitalit\u00e9.<\/p>\n<p data-start=\"3945\" data-end=\"4286\">Le <strong data-start=\"3948\" data-end=\"3983\">shampooing Airy Volume Hyaluron<\/strong> nettoie en profondeur en \u00e9liminant les impuret\u00e9s et les r\u00e9sidus de coiffage tout en aidant \u00e0 pr\u00e9server l\u2019hydratation naturelle des cheveux. Sa formule enrichie en acide hyaluronique aide \u00e0 retenir l\u2019humidit\u00e9, am\u00e9liorant l\u2019\u00e9lasticit\u00e9 et le volume pour une chevelure visiblement plus pleine et lumineuse.<\/p>\n<p data-start=\"4288\" data-end=\"4542\">Le <strong data-start=\"4291\" data-end=\"4326\">traitement Airy Volume Hyaluron<\/strong> compl\u00e8te la routine avec une action nourrissante et disciplinante. Sa texture l\u00e9g\u00e8re enveloppe les cheveux sans les alourdir, facilite le d\u00e9m\u00ealage et rend la fibre capillaire plus lisse, soyeuse et facile \u00e0 coiffer.<\/p>\n<p data-start=\"4544\" data-end=\"4801\">La d\u00e9licate fragrance <strong data-start=\"4566\" data-end=\"4584\">Blossom Breeze<\/strong> offre une exp\u00e9rience sensorielle fra\u00eeche et florale, avec des notes douces et lumineuses rappelant une brise printani\u00e8re au milieu de fleurs en pleine floraison, laissant sur les cheveux un parfum \u00e9l\u00e9gant et durable.<\/p>\n<p data-start=\"4803\" data-end=\"5029\">Parfait pour les cheveux fins, ternes ou en manque de volume, ce set est id\u00e9al pour un usage quotidien et pour celles et ceux qui recherchent une routine capillaire alliant <strong data-start=\"4976\" data-end=\"5028\">volume naturel, hydratation profonde et l\u00e9g\u00e8ret\u00e9<\/strong>.<\/p>\n<p data-start=\"5031\" data-end=\"5157\" data-is-last-node=\"\" data-is-only-node=\"\">Un rituel beaut\u00e9 quotidien qui transforme les cheveux, leur apportant <strong data-start=\"5101\" data-end=\"5157\" data-is-last-node=\"\">corps, douceur et un parfum raffin\u00e9 \u00e0 chaque lavage.<\/strong><\/p>\n<\/div>\n<\/div>\n<\/div>\n<\/div>\n<\/div>\n<\/div>\n<\/article>\n<\/div>\n<p>&nbsp;<\/p>\n<p>Follow us! <a href=\"https:\/\/www.instagram.com\/freeshopswiss\/\" target=\"_blank\" rel=\"noopener\">@freeshopswiss<\/a><\/p>\n","protected":false},"excerpt":{"rendered":"<p>Le <strong data-start=\"3508\" data-end=\"3579\">set KUNDAL Airy Volume Hyaluron Shampoo et Treatment Blossom Breeze<\/strong> est un rituel complet de soin capillaire con\u00e7u pour celles et ceux qui souhaitent des cheveux plus volumineux, l\u00e9gers et intens\u00e9ment hydrat\u00e9s.<\/p>\n","protected":false},"featured_media":40922,"comment_status":"open","ping_status":"closed","template":"","meta":[],"pwb-brand":[4423],"product_brand":[],"product_cat":[109,295,4192,542],"product_tag":[296,3611,417,418],"class_list":{"0":"post-40927","1":"product","2":"type-product","3":"status-publish","4":"has-post-thumbnail","6":"pwb-brand-kundal","7":"product_cat-pour-elle","8":"product_cat-traitements","9":"product_cat-offers-coffret","10":"product_cat-soin-capillaire","11":"product_tag-femme","12":"product_tag-k-beauty-fr","13":"product_tag-soins-fr","14":"product_tag-soins-capillaires-fr","16":"first","17":"instock","18":"sale","19":"taxable","20":"shipping-taxable","21":"purchasable","22":"product-type-simple"},"brands":[{"id":4423,"name":"Kundal","slug":"kundal"}],"_links":{"self":[{"href":"https:\/\/www.freeshopfrontiera.ch\/fr\/wp-json\/wp\/v2\/product\/40927","targetHints":{"allow":["GET"]}}],"collection":[{"href":"https:\/\/www.freeshopfrontiera.ch\/fr\/wp-json\/wp\/v2\/product"}],"about":[{"href":"https:\/\/www.freeshopfrontiera.ch\/fr\/wp-json\/wp\/v2\/types\/product"}],"replies":[{"embeddable":true,"href":"https:\/\/www.freeshopfrontiera.ch\/fr\/wp-json\/wp\/v2\/comments?post=40927"}],"version-history":[{"count":1,"href":"https:\/\/www.freeshopfrontiera.ch\/fr\/wp-json\/wp\/v2\/product\/40927\/revisions"}],"predecessor-version":[{"id":40931,"href":"https:\/\/www.freeshopfrontiera.ch\/fr\/wp-json\/wp\/v2\/product\/40927\/revisions\/40931"}],"wp:featuredmedia":[{"embeddable":true,"href":"https:\/\/www.freeshopfrontiera.ch\/fr\/wp-json\/wp\/v2\/media\/40922"}],"wp:attachment":[{"href":"https:\/\/www.freeshopfrontiera.ch\/fr\/wp-json\/wp\/v2\/media?parent=40927"}],"wp:term":[{"taxonomy":"pwb-brand","embeddable":true,"href":"https:\/\/www.freeshopfrontiera.ch\/fr\/wp-json\/wp\/v2\/pwb-brand?post=40927"},{"taxonomy":"product_brand","embeddable":true,"href":"https:\/\/www.freeshopfrontiera.ch\/fr\/wp-json\/wp\/v2\/product_brand?post=40927"},{"taxonomy":"product_cat","embeddable":true,"href":"https:\/\/www.freeshopfrontiera.ch\/fr\/wp-json\/wp\/v2\/product_cat?post=40927"},{"taxonomy":"product_tag","embeddable":true,"href":"https:\/\/www.freeshopfrontiera.ch\/fr\/wp-json\/wp\/v2\/product_tag?post=40927"}],"curies":[{"name":"wp","href":"https:\/\/api.w.org\/{rel}","templated":true}]}}