{"id":40948,"date":"2026-01-09T14:02:06","date_gmt":"2026-01-09T14:02:06","guid":{"rendered":"https:\/\/www.freeshopfrontiera.ch\/shop\/kundal-set-honeymacadamia-cherry-blossom\/"},"modified":"2026-03-09T14:07:09","modified_gmt":"2026-03-09T14:07:09","slug":"kundal-set-honeymacadamia-cherry-blossom","status":"publish","type":"product","link":"https:\/\/www.freeshopfrontiera.ch\/fr\/shop\/kundal-set-honeymacadamia-cherry-blossom\/","title":{"rendered":"KUNDAL SET Honey&#038;Macadamia &#8211; Cherry Blossom"},"content":{"rendered":"<p data-start=\"3135\" data-end=\"3265\"><strong data-start=\"3135\" data-end=\"3265\">KUNDAL Set Honey &amp; Macadamia Shampoo &amp; Treatment Cherry Blossom \u2013 Nutrition intense et cheveux soyeux au d\u00e9licat parfum floral<\/strong><\/p>\n<p data-start=\"3267\" data-end=\"3636\">Le <strong data-start=\"3270\" data-end=\"3338\">set KUNDAL Honey &amp; Macadamia Shampoo et Treatment Cherry Blossom<\/strong> est le rituel id\u00e9al pour prendre soin de vos cheveux gr\u00e2ce \u00e0 une combinaison d\u2019ingr\u00e9dients nourrissants et d\u2019un parfum floral \u00e9l\u00e9gant. Formul\u00e9 avec du miel et de l\u2019extrait de macadamia, ce set complet nettoie en douceur, nourrit en profondeur et apporte aux cheveux douceur, brillance et vitalit\u00e9.<\/p>\n<p data-start=\"3638\" data-end=\"3981\">Le <strong data-start=\"3641\" data-end=\"3673\">shampooing Honey &amp; Macadamia<\/strong> nettoie efficacement le cuir chevelu en \u00e9liminant les impuret\u00e9s et les r\u00e9sidus de coiffage tout en maintenant l\u2019\u00e9quilibre naturel d\u2019hydratation. Le miel aide \u00e0 nourrir et prot\u00e9ger la fibre capillaire, tandis que l\u2019extrait de macadamia contribue \u00e0 rendre les cheveux plus doux, plus souples et plus lumineux.<\/p>\n<p data-start=\"3983\" data-end=\"4266\">Le <strong data-start=\"3986\" data-end=\"4017\">treatment Honey &amp; Macadamia<\/strong> compl\u00e8te la routine avec une action intens\u00e9ment nourrissante et r\u00e9paratrice. Sa texture riche mais l\u00e9g\u00e8re enveloppe les cheveux, facilite le d\u00e9m\u00ealage et am\u00e9liore la coiffabilit\u00e9, laissant la chevelure soyeuse, disciplin\u00e9e et visiblement plus saine.<\/p>\n<p data-start=\"4268\" data-end=\"4513\">La fragrance raffin\u00e9e <strong data-start=\"4290\" data-end=\"4308\">Cherry Blossom<\/strong> laisse sur les cheveux un parfum d\u00e9licat et f\u00e9minin inspir\u00e9 par la floraison des cerisiers. Ses notes florales l\u00e9g\u00e8res et lumineuses transforment chaque lavage en un v\u00e9ritable moment de plaisir sensoriel.<\/p>\n<p data-start=\"4515\" data-end=\"4752\" data-is-last-node=\"\" data-is-only-node=\"\">Id\u00e9al pour les cheveux secs, ternes ou fragilis\u00e9s par des traitements et des coiffages fr\u00e9quents, ce set est parfait pour celles et ceux qui recherchent une routine alliant <strong data-start=\"4688\" data-end=\"4752\" data-is-last-node=\"\">nettoyage doux, nutrition profonde et parfum floral \u00e9l\u00e9gant.<\/strong><\/p>\n<p>&nbsp;<\/p>\n<p>Follow us! <a href=\"https:\/\/www.instagram.com\/freeshopswiss\/\" target=\"_blank\" rel=\"noopener\">@freeshopswiss<\/a><\/p>\n","protected":false},"excerpt":{"rendered":"<p>Le <strong data-start=\"3270\" data-end=\"3338\">set KUNDAL Honey &amp; Macadamia Shampoo et Treatment Cherry Blossom<\/strong> est le rituel id\u00e9al pour prendre soin de vos cheveux gr\u00e2ce \u00e0 une combinaison d\u2019ingr\u00e9dients nourrissants et d\u2019un parfum floral \u00e9l\u00e9gant.<\/p>\n","protected":false},"featured_media":40943,"comment_status":"open","ping_status":"closed","template":"","meta":[],"pwb-brand":[4423],"product_brand":[],"product_cat":[109,295,4192,542],"product_tag":[296,417,418],"class_list":{"0":"post-40948","1":"product","2":"type-product","3":"status-publish","4":"has-post-thumbnail","6":"pwb-brand-kundal","7":"product_cat-pour-elle","8":"product_cat-traitements","9":"product_cat-offers-coffret","10":"product_cat-soin-capillaire","11":"product_tag-femme","12":"product_tag-soins-fr","13":"product_tag-soins-capillaires-fr","15":"first","16":"instock","17":"sale","18":"taxable","19":"shipping-taxable","20":"purchasable","21":"product-type-simple"},"brands":[{"id":4423,"name":"Kundal","slug":"kundal"}],"_links":{"self":[{"href":"https:\/\/www.freeshopfrontiera.ch\/fr\/wp-json\/wp\/v2\/product\/40948","targetHints":{"allow":["GET"]}}],"collection":[{"href":"https:\/\/www.freeshopfrontiera.ch\/fr\/wp-json\/wp\/v2\/product"}],"about":[{"href":"https:\/\/www.freeshopfrontiera.ch\/fr\/wp-json\/wp\/v2\/types\/product"}],"replies":[{"embeddable":true,"href":"https:\/\/www.freeshopfrontiera.ch\/fr\/wp-json\/wp\/v2\/comments?post=40948"}],"version-history":[{"count":1,"href":"https:\/\/www.freeshopfrontiera.ch\/fr\/wp-json\/wp\/v2\/product\/40948\/revisions"}],"predecessor-version":[{"id":40952,"href":"https:\/\/www.freeshopfrontiera.ch\/fr\/wp-json\/wp\/v2\/product\/40948\/revisions\/40952"}],"wp:featuredmedia":[{"embeddable":true,"href":"https:\/\/www.freeshopfrontiera.ch\/fr\/wp-json\/wp\/v2\/media\/40943"}],"wp:attachment":[{"href":"https:\/\/www.freeshopfrontiera.ch\/fr\/wp-json\/wp\/v2\/media?parent=40948"}],"wp:term":[{"taxonomy":"pwb-brand","embeddable":true,"href":"https:\/\/www.freeshopfrontiera.ch\/fr\/wp-json\/wp\/v2\/pwb-brand?post=40948"},{"taxonomy":"product_brand","embeddable":true,"href":"https:\/\/www.freeshopfrontiera.ch\/fr\/wp-json\/wp\/v2\/product_brand?post=40948"},{"taxonomy":"product_cat","embeddable":true,"href":"https:\/\/www.freeshopfrontiera.ch\/fr\/wp-json\/wp\/v2\/product_cat?post=40948"},{"taxonomy":"product_tag","embeddable":true,"href":"https:\/\/www.freeshopfrontiera.ch\/fr\/wp-json\/wp\/v2\/product_tag?post=40948"}],"curies":[{"name":"wp","href":"https:\/\/api.w.org\/{rel}","templated":true}]}}