{"id":41067,"date":"2026-01-10T16:29:21","date_gmt":"2026-01-10T16:29:21","guid":{"rendered":"https:\/\/www.freeshopfrontiera.ch\/shop\/kundal-honeymacadamia-shampoo-500ml\/"},"modified":"2026-03-09T16:43:00","modified_gmt":"2026-03-09T16:43:00","slug":"kundal-honeymacadamia-shampoo-500ml","status":"publish","type":"product","link":"https:\/\/www.freeshopfrontiera.ch\/fr\/shop\/kundal-honeymacadamia-shampoo-500ml\/","title":{"rendered":"KUNDAL Honey&#038;Macadamia Shampoo 500ml"},"content":{"rendered":"<p data-start=\"2606\" data-end=\"2714\"><strong data-start=\"2606\" data-end=\"2714\">KUNDAL Honey &amp; Macadamia Shampoo 500ml \u2013 Nutrition intense et cheveux doux avec des ingr\u00e9dients naturels<\/strong><\/p>\n<p data-start=\"2716\" data-end=\"3055\">Le <strong data-start=\"2719\" data-end=\"2761\">KUNDAL Honey &amp; Macadamia Shampoo 500ml<\/strong> est un shampooing nourrissant et d\u00e9licat con\u00e7u pour nettoyer les cheveux en profondeur tout en pr\u00e9servant leur \u00e9quilibre naturel d\u2019hydratation. Sa formule enrichie en <strong data-start=\"2929\" data-end=\"2959\">miel et huile de macadamia<\/strong> aide \u00e0 nourrir la fibre capillaire, laissant les cheveux doux, brillants et pleins de vitalit\u00e9.<\/p>\n<p data-start=\"3057\" data-end=\"3446\">Gr\u00e2ce \u00e0 la pr\u00e9sence de <strong data-start=\"3080\" data-end=\"3088\">miel<\/strong>, connu pour ses propri\u00e9t\u00e9s hydratantes et protectrices, ce shampooing contribue \u00e0 maintenir les cheveux hydrat\u00e9s et lumineux, aidant \u00e0 pr\u00e9venir la s\u00e9cheresse et l\u2019aspect terne. <strong data-start=\"3266\" data-end=\"3290\">L\u2019huile de macadamia<\/strong>, riche en nutriments et en acides gras essentiels, aide \u00e0 renforcer et adoucir les cheveux tout en am\u00e9liorant leur \u00e9lasticit\u00e9 et leur facilit\u00e9 de coiffage.<\/p>\n<p data-start=\"3448\" data-end=\"3747\">La formule nettoie efficacement le cuir chevelu en \u00e9liminant les impuret\u00e9s, l\u2019exc\u00e8s de s\u00e9bum et les r\u00e9sidus de produits coiffants, laissant les cheveux frais, propres et l\u00e9gers. Elle aide \u00e9galement \u00e0 prot\u00e9ger la fibre capillaire, rendant les cheveux plus sains et plus brillants lavage apr\u00e8s lavage.<\/p>\n<p data-start=\"3749\" data-end=\"3969\" data-is-last-node=\"\" data-is-only-node=\"\">Sa texture riche mais douce cr\u00e9e une mousse agr\u00e9able qui enveloppe les cheveux et transforme chaque lavage en un moment de soin et de bien-\u00eatre. Le r\u00e9sultat est une chevelure <strong data-start=\"3924\" data-end=\"3968\">douce, nourrie et visiblement plus saine<\/strong>.<\/p>\n<p>&nbsp;<\/p>\n<p>Follow us! <a href=\"https:\/\/www.instagram.com\/freeshopswiss\/\" target=\"_blank\" rel=\"noopener\">@freeshopswiss<\/a><\/p>\n","protected":false},"excerpt":{"rendered":"<p>Le <strong data-start=\"2719\" data-end=\"2761\">KUNDAL Honey &amp; Macadamia Shampoo 500ml<\/strong> est un shampooing nourrissant et d\u00e9licat con\u00e7u pour nettoyer les cheveux en profondeur tout en pr\u00e9servant leur \u00e9quilibre naturel d\u2019hydratation.<\/p>\n","protected":false},"featured_media":41016,"comment_status":"open","ping_status":"closed","template":"","meta":[],"pwb-brand":[4423],"product_brand":[],"product_cat":[109,89,295,542],"product_tag":[296,143,417,418],"class_list":{"0":"post-41067","1":"product","2":"type-product","3":"status-publish","4":"has-post-thumbnail","6":"pwb-brand-kundal","7":"product_cat-pour-elle","8":"product_cat-pour-lui","9":"product_cat-traitements","10":"product_cat-soin-capillaire","11":"product_tag-femme","12":"product_tag-homme","13":"product_tag-soins-fr","14":"product_tag-soins-capillaires-fr","16":"first","17":"instock","18":"sale","19":"taxable","20":"shipping-taxable","21":"purchasable","22":"product-type-variable","23":"has-default-attributes"},"brands":[{"id":4423,"name":"Kundal","slug":"kundal"}],"_links":{"self":[{"href":"https:\/\/www.freeshopfrontiera.ch\/fr\/wp-json\/wp\/v2\/product\/41067","targetHints":{"allow":["GET"]}}],"collection":[{"href":"https:\/\/www.freeshopfrontiera.ch\/fr\/wp-json\/wp\/v2\/product"}],"about":[{"href":"https:\/\/www.freeshopfrontiera.ch\/fr\/wp-json\/wp\/v2\/types\/product"}],"replies":[{"embeddable":true,"href":"https:\/\/www.freeshopfrontiera.ch\/fr\/wp-json\/wp\/v2\/comments?post=41067"}],"version-history":[{"count":1,"href":"https:\/\/www.freeshopfrontiera.ch\/fr\/wp-json\/wp\/v2\/product\/41067\/revisions"}],"predecessor-version":[{"id":41077,"href":"https:\/\/www.freeshopfrontiera.ch\/fr\/wp-json\/wp\/v2\/product\/41067\/revisions\/41077"}],"wp:featuredmedia":[{"embeddable":true,"href":"https:\/\/www.freeshopfrontiera.ch\/fr\/wp-json\/wp\/v2\/media\/41016"}],"wp:attachment":[{"href":"https:\/\/www.freeshopfrontiera.ch\/fr\/wp-json\/wp\/v2\/media?parent=41067"}],"wp:term":[{"taxonomy":"pwb-brand","embeddable":true,"href":"https:\/\/www.freeshopfrontiera.ch\/fr\/wp-json\/wp\/v2\/pwb-brand?post=41067"},{"taxonomy":"product_brand","embeddable":true,"href":"https:\/\/www.freeshopfrontiera.ch\/fr\/wp-json\/wp\/v2\/product_brand?post=41067"},{"taxonomy":"product_cat","embeddable":true,"href":"https:\/\/www.freeshopfrontiera.ch\/fr\/wp-json\/wp\/v2\/product_cat?post=41067"},{"taxonomy":"product_tag","embeddable":true,"href":"https:\/\/www.freeshopfrontiera.ch\/fr\/wp-json\/wp\/v2\/product_tag?post=41067"}],"curies":[{"name":"wp","href":"https:\/\/api.w.org\/{rel}","templated":true}]}}