{"id":41106,"date":"2026-01-09T17:02:01","date_gmt":"2026-01-09T17:02:01","guid":{"rendered":"https:\/\/www.freeshopfrontiera.ch\/shop\/kundal-shea-butter-macadamia-pure-hand-cream-50ml\/"},"modified":"2026-03-10T08:12:05","modified_gmt":"2026-03-10T08:12:05","slug":"kundal-shea-butter-macadamia-pure-hand-cream-50ml","status":"publish","type":"product","link":"https:\/\/www.freeshopfrontiera.ch\/fr\/shop\/kundal-shea-butter-macadamia-pure-hand-cream-50ml\/","title":{"rendered":"KUNDAL Shea Butter &#038; Macadamia Pure Hand Cream 50ml"},"content":{"rendered":"<p data-start=\"1828\" data-end=\"1939\"><strong data-start=\"1828\" data-end=\"1939\">KUNDAL Shea Butter &amp; Macadamia Pure Cr\u00e8me Mains 50ml \u2013 Nutrition Intense pour des Mains Douces et Prot\u00e9g\u00e9es<\/strong><\/p>\n<p data-start=\"1941\" data-end=\"2226\">La KUNDAL Shea Butter &amp; Macadamia Pure Cr\u00e8me Mains 50ml est une cr\u00e8me riche con\u00e7ue pour nourrir en profondeur les mains s\u00e8ches et fragilis\u00e9es. Sa formule enrichie en beurre de karit\u00e9 et en huile de macadamia hydrate intens\u00e9ment la peau tout en la prot\u00e9geant des agressions ext\u00e9rieures.<\/p>\n<p data-start=\"2228\" data-end=\"2502\">Le beurre de karit\u00e9 est reconnu pour ses propri\u00e9t\u00e9s r\u00e9g\u00e9n\u00e9rantes et hydratantes, tandis que l\u2019huile de macadamia lisse, nourrit et am\u00e9liore l\u2019\u00e9lasticit\u00e9 de la peau. Ensemble, ils cr\u00e9ent une barri\u00e8re protectrice qui aide \u00e0 pr\u00e9venir la s\u00e9cheresse, les ger\u00e7ures et la rugosit\u00e9.<\/p>\n<p data-start=\"2504\" data-end=\"2785\" data-is-last-node=\"\" data-is-only-node=\"\">La cr\u00e8me p\u00e9n\u00e8tre rapidement sans laisser de film gras et procure une sensation imm\u00e9diate de confort. Parfaite pour un usage quotidien, elle laisse les mains visiblement soign\u00e9es, douces et velout\u00e9es, id\u00e9ale pour celles et ceux qui recherchent un soin des mains luxueux et efficace.<\/p>\n<p data-start=\"668\" data-end=\"928\" data-is-last-node=\"\" data-is-only-node=\"\">Follow us!\u00a0<a href=\"https:\/\/www.instagram.com\/freeshopswiss\/\" target=\"_blank\" rel=\"noopener\">@freeshopswiss<\/a><\/p>\n","protected":false},"excerpt":{"rendered":"<p>La KUNDAL Shea Butter &amp; Macadamia Pure Cr\u00e8me Mains 50ml est une cr\u00e8me riche con\u00e7ue pour nourrir en profondeur les mains s\u00e8ches et fragilis\u00e9es.<\/p>\n","protected":false},"featured_media":41081,"comment_status":"open","ping_status":"closed","template":"","meta":[],"pwb-brand":[4423],"product_brand":[],"product_cat":[109,295,545],"product_tag":[297,296,417,301],"class_list":{"0":"post-41106","1":"product","2":"type-product","3":"status-publish","4":"has-post-thumbnail","6":"pwb-brand-kundal","7":"product_cat-pour-elle","8":"product_cat-traitements","9":"product_cat-soin-du-visage","10":"product_tag-creme-pour-le-corps","11":"product_tag-femme","12":"product_tag-soins-fr","13":"product_tag-soins-du-visage","15":"first","16":"instock","17":"sale","18":"taxable","19":"shipping-taxable","20":"purchasable","21":"product-type-variable"},"brands":[{"id":4423,"name":"Kundal","slug":"kundal"}],"_links":{"self":[{"href":"https:\/\/www.freeshopfrontiera.ch\/fr\/wp-json\/wp\/v2\/product\/41106","targetHints":{"allow":["GET"]}}],"collection":[{"href":"https:\/\/www.freeshopfrontiera.ch\/fr\/wp-json\/wp\/v2\/product"}],"about":[{"href":"https:\/\/www.freeshopfrontiera.ch\/fr\/wp-json\/wp\/v2\/types\/product"}],"replies":[{"embeddable":true,"href":"https:\/\/www.freeshopfrontiera.ch\/fr\/wp-json\/wp\/v2\/comments?post=41106"}],"version-history":[{"count":1,"href":"https:\/\/www.freeshopfrontiera.ch\/fr\/wp-json\/wp\/v2\/product\/41106\/revisions"}],"predecessor-version":[{"id":41117,"href":"https:\/\/www.freeshopfrontiera.ch\/fr\/wp-json\/wp\/v2\/product\/41106\/revisions\/41117"}],"wp:featuredmedia":[{"embeddable":true,"href":"https:\/\/www.freeshopfrontiera.ch\/fr\/wp-json\/wp\/v2\/media\/41081"}],"wp:attachment":[{"href":"https:\/\/www.freeshopfrontiera.ch\/fr\/wp-json\/wp\/v2\/media?parent=41106"}],"wp:term":[{"taxonomy":"pwb-brand","embeddable":true,"href":"https:\/\/www.freeshopfrontiera.ch\/fr\/wp-json\/wp\/v2\/pwb-brand?post=41106"},{"taxonomy":"product_brand","embeddable":true,"href":"https:\/\/www.freeshopfrontiera.ch\/fr\/wp-json\/wp\/v2\/product_brand?post=41106"},{"taxonomy":"product_cat","embeddable":true,"href":"https:\/\/www.freeshopfrontiera.ch\/fr\/wp-json\/wp\/v2\/product_cat?post=41106"},{"taxonomy":"product_tag","embeddable":true,"href":"https:\/\/www.freeshopfrontiera.ch\/fr\/wp-json\/wp\/v2\/product_tag?post=41106"}],"curies":[{"name":"wp","href":"https:\/\/api.w.org\/{rel}","templated":true}]}}