{"id":41140,"date":"2026-01-10T08:55:18","date_gmt":"2026-01-10T08:55:18","guid":{"rendered":"https:\/\/www.freeshopfrontiera.ch\/shop\/kundal-honeymacadamia-treatment-500ml\/"},"modified":"2026-03-10T09:00:00","modified_gmt":"2026-03-10T09:00:00","slug":"kundal-honeymacadamia-treatment-500ml","status":"publish","type":"product","link":"https:\/\/www.freeshopfrontiera.ch\/fr\/shop\/kundal-honeymacadamia-treatment-500ml\/","title":{"rendered":"KUNDAL Honey&#038;Macadamia Treatment 500ml"},"content":{"rendered":"<div class=\"flex flex-col text-sm pb-25\">\n<article class=\"text-token-text-primary w-full focus:outline-none [--shadow-height:45px] has-data-writing-block:pointer-events-none has-data-writing-block:-mt-(--shadow-height) has-data-writing-block:pt-(--shadow-height) [&amp;:has([data-writing-block])&gt;*]:pointer-events-auto scroll-mt-[calc(var(--header-height)+min(200px,max(70px,20svh)))]\" dir=\"auto\" tabindex=\"-1\" data-turn-id=\"request-WEB:079ad6a3-ed5c-439c-9448-a46268d16b5c-3\" data-testid=\"conversation-turn-8\" data-scroll-anchor=\"true\" data-turn=\"assistant\">\n<div class=\"text-base my-auto mx-auto pb-10 [--thread-content-margin:var(--thread-content-margin-xs,calc(var(--spacing)*4))] @w-sm\/main:[--thread-content-margin:var(--thread-content-margin-sm,calc(var(--spacing)*6))] @w-lg\/main:[--thread-content-margin:var(--thread-content-margin-lg,calc(var(--spacing)*16))] px-(--thread-content-margin)\">\n<div class=\"[--thread-content-max-width:40rem] @w-lg\/main:[--thread-content-max-width:48rem] mx-auto max-w-(--thread-content-max-width) flex-1 group\/turn-messages focus-visible:outline-hidden relative flex w-full min-w-0 flex-col agent-turn\" tabindex=\"-1\">\n<div class=\"flex max-w-full flex-col gap-4 grow\">\n<div class=\"min-h-8 text-message relative flex w-full flex-col items-end gap-2 text-start break-words whitespace-normal [.text-message+&amp;]:mt-1\" dir=\"auto\" data-message-author-role=\"assistant\" data-message-id=\"24ee2bf3-d5ca-4191-a73b-b23e3c9b83bb\" data-message-model-slug=\"gpt-5-3\">\n<div class=\"flex w-full flex-col gap-1 empty:hidden\">\n<div class=\"markdown prose dark:prose-invert w-full wrap-break-word light markdown-new-styling\">\n<p data-start=\"2143\" data-end=\"2260\"><strong data-start=\"2143\" data-end=\"2260\">KUNDAL Honey &amp; Macadamia Treatment 500ml \u2013 Soin Capillaire Nourrissant Intensif pour des Cheveux Doux et Lumineux<\/strong><\/p>\n<p data-start=\"2262\" data-end=\"2601\">Le KUNDAL Honey &amp; Macadamia Treatment 500ml est un soin capillaire intensif con\u00e7u pour nourrir et r\u00e9parer en profondeur les cheveux secs, ab\u00eem\u00e9s et ternes. Enrichi en miel et en huile de macadamia, ce traitement riche en nutriments aide \u00e0 r\u00e9g\u00e9n\u00e9rer la fibre capillaire, laissant les cheveux plus doux, plus forts et visiblement plus sains.<\/p>\n<p data-start=\"2603\" data-end=\"2932\">Le miel est reconnu pour ses propri\u00e9t\u00e9s hydratantes et revitalisantes : il aide \u00e0 retenir l\u2019hydratation dans les cheveux tout en am\u00e9liorant leur douceur et leur brillance. L\u2019huile de macadamia, riche en acides gras essentiels, nourrit intens\u00e9ment les cheveux, am\u00e9liore leur \u00e9lasticit\u00e9 et aide \u00e0 r\u00e9duire la casse et les frisottis.<\/p>\n<p data-start=\"2934\" data-end=\"3261\" data-is-last-node=\"\" data-is-only-node=\"\">Sa texture cr\u00e9meuse se r\u00e9partit facilement sur les cheveux et agit en profondeur sans les alourdir. Apr\u00e8s utilisation, les cheveux sont soyeux, hydrat\u00e9s et faciles \u00e0 coiffer, avec une brillance naturelle. Id\u00e9al pour une utilisation r\u00e9guli\u00e8re afin de garder des cheveux doux, disciplin\u00e9s et parfaitement nourris au fil du temps.<\/p>\n<\/div>\n<\/div>\n<\/div>\n<\/div>\n<div class=\"z-0 flex min-h-[46px] justify-start\"><\/div>\n<\/div>\n<\/div>\n<\/article>\n<\/div>\n<p data-start=\"810\" data-end=\"1124\" data-is-last-node=\"\" data-is-only-node=\"\">Follow us!\u00a0<a href=\"https:\/\/www.instagram.com\/freeshopswiss\/\" target=\"_blank\" rel=\"noopener\">@freeshopswiss<\/a><\/p>\n","protected":false},"excerpt":{"rendered":"<p>Le KUNDAL Honey &amp; Macadamia Treatment 500ml est un soin capillaire intensif con\u00e7u pour nourrir et r\u00e9parer en profondeur les cheveux secs, ab\u00eem\u00e9s et ternes.<\/p>\n","protected":false},"featured_media":41121,"comment_status":"open","ping_status":"closed","template":"","meta":[],"pwb-brand":[4423],"product_brand":[],"product_cat":[295,542],"product_tag":[296,417,418],"class_list":{"0":"post-41140","1":"product","2":"type-product","3":"status-publish","4":"has-post-thumbnail","6":"pwb-brand-kundal","7":"product_cat-traitements","8":"product_cat-soin-capillaire","9":"product_tag-femme","10":"product_tag-soins-fr","11":"product_tag-soins-capillaires-fr","13":"first","14":"instock","15":"sale","16":"taxable","17":"shipping-taxable","18":"purchasable","19":"product-type-variable"},"brands":[{"id":4423,"name":"Kundal","slug":"kundal"}],"_links":{"self":[{"href":"https:\/\/www.freeshopfrontiera.ch\/fr\/wp-json\/wp\/v2\/product\/41140","targetHints":{"allow":["GET"]}}],"collection":[{"href":"https:\/\/www.freeshopfrontiera.ch\/fr\/wp-json\/wp\/v2\/product"}],"about":[{"href":"https:\/\/www.freeshopfrontiera.ch\/fr\/wp-json\/wp\/v2\/types\/product"}],"replies":[{"embeddable":true,"href":"https:\/\/www.freeshopfrontiera.ch\/fr\/wp-json\/wp\/v2\/comments?post=41140"}],"version-history":[{"count":2,"href":"https:\/\/www.freeshopfrontiera.ch\/fr\/wp-json\/wp\/v2\/product\/41140\/revisions"}],"predecessor-version":[{"id":41150,"href":"https:\/\/www.freeshopfrontiera.ch\/fr\/wp-json\/wp\/v2\/product\/41140\/revisions\/41150"}],"wp:featuredmedia":[{"embeddable":true,"href":"https:\/\/www.freeshopfrontiera.ch\/fr\/wp-json\/wp\/v2\/media\/41121"}],"wp:attachment":[{"href":"https:\/\/www.freeshopfrontiera.ch\/fr\/wp-json\/wp\/v2\/media?parent=41140"}],"wp:term":[{"taxonomy":"pwb-brand","embeddable":true,"href":"https:\/\/www.freeshopfrontiera.ch\/fr\/wp-json\/wp\/v2\/pwb-brand?post=41140"},{"taxonomy":"product_brand","embeddable":true,"href":"https:\/\/www.freeshopfrontiera.ch\/fr\/wp-json\/wp\/v2\/product_brand?post=41140"},{"taxonomy":"product_cat","embeddable":true,"href":"https:\/\/www.freeshopfrontiera.ch\/fr\/wp-json\/wp\/v2\/product_cat?post=41140"},{"taxonomy":"product_tag","embeddable":true,"href":"https:\/\/www.freeshopfrontiera.ch\/fr\/wp-json\/wp\/v2\/product_tag?post=41140"}],"curies":[{"name":"wp","href":"https:\/\/api.w.org\/{rel}","templated":true}]}}