{"id":41173,"date":"2026-01-10T11:15:52","date_gmt":"2026-01-10T11:15:52","guid":{"rendered":"https:\/\/www.freeshopfrontiera.ch\/shop\/kundal-natural-caffeine-hair-care-shampoo-500ml-cherry-blossom\/"},"modified":"2026-03-10T11:19:58","modified_gmt":"2026-03-10T11:19:58","slug":"kundal-natural-caffeine-hair-care-shampoo-500ml-cherry-blossom","status":"publish","type":"product","link":"https:\/\/www.freeshopfrontiera.ch\/fr\/shop\/kundal-natural-caffeine-hair-care-shampoo-500ml-cherry-blossom\/","title":{"rendered":"KUNDAL Natural Caffeine Hair Care+ Shampoo 500ml &#8211; Cherry Blossom"},"content":{"rendered":"<p data-start=\"3064\" data-end=\"3204\"><strong data-start=\"3064\" data-end=\"3204\">KUNDAL Natural Caffeine Hair Care+ Shampoo 500ml \u2013 Cherry Blossom | Shampoo \u00c9nergisant et Fortifiant pour des Cheveux Forts et Brillants<\/strong><\/p>\n<p data-start=\"3206\" data-end=\"3594\">Le KUNDAL Natural Caffeine Hair Care+ Shampoo 500ml au parfum <strong data-start=\"3268\" data-end=\"3286\">Cherry Blossom<\/strong> est un shampooing fortifiant et revitalisant con\u00e7u pour stimuler le cuir chevelu et rendre les cheveux forts, brillants et pleins de vitalit\u00e9. Enrichi en <strong data-start=\"3441\" data-end=\"3462\">caf\u00e9ine naturelle<\/strong>, il stimule les racines tandis que les extraits v\u00e9g\u00e9taux nourrissent les cheveux pour les rendre doux, lisses et faciles \u00e0 coiffer.<\/p>\n<p data-start=\"3596\" data-end=\"3842\">La caf\u00e9ine naturelle favorise la microcirculation du cuir chevelu et soutient la croissance de cheveux plus sains et plus forts. L\u2019extrait de fleurs de cerisier apporte douceur, d\u00e9licatesse et un parfum floral frais qui persiste toute la journ\u00e9e.<\/p>\n<p data-start=\"3844\" data-end=\"4097\" data-is-last-node=\"\" data-is-only-node=\"\">Sa texture cr\u00e9meuse et l\u00e9g\u00e8re nettoie efficacement sans alourdir les cheveux, les laissant propres, soyeux et faciles \u00e0 coiffer. Id\u00e9al pour un usage quotidien, il convient \u00e0 ceux qui recherchent des <strong data-start=\"4043\" data-end=\"4096\">cheveux forts, lumineux et naturellement parfum\u00e9s<\/strong>.<\/p>\n<p data-start=\"823\" data-end=\"1085\">Follow us! <a href=\"https:\/\/www.instagram.com\/freeshopswiss\/\" target=\"_blank\" rel=\"noopener\">@freeshopswiss<\/a><\/p>\n","protected":false},"excerpt":{"rendered":"<p><strong data-start=\"3064\" data-end=\"3204\">KUNDAL Natural Caffeine Hair Care+ Shampoo 500ml \u2013 Cherry Blossom | Shampoo \u00c9nergisant et Fortifiant pour des Cheveux Forts et Brillants<\/strong><\/p>\n","protected":false},"featured_media":41169,"comment_status":"open","ping_status":"closed","template":"","meta":[],"pwb-brand":[4423],"product_brand":[],"product_cat":[109,89,295,542],"product_tag":[296,143,417,418],"class_list":{"0":"post-41173","1":"product","2":"type-product","3":"status-publish","4":"has-post-thumbnail","6":"pwb-brand-kundal","7":"product_cat-pour-elle","8":"product_cat-pour-lui","9":"product_cat-traitements","10":"product_cat-soin-capillaire","11":"product_tag-femme","12":"product_tag-homme","13":"product_tag-soins-fr","14":"product_tag-soins-capillaires-fr","16":"first","17":"instock","18":"sale","19":"taxable","20":"shipping-taxable","21":"purchasable","22":"product-type-simple"},"brands":[{"id":4423,"name":"Kundal","slug":"kundal"}],"_links":{"self":[{"href":"https:\/\/www.freeshopfrontiera.ch\/fr\/wp-json\/wp\/v2\/product\/41173","targetHints":{"allow":["GET"]}}],"collection":[{"href":"https:\/\/www.freeshopfrontiera.ch\/fr\/wp-json\/wp\/v2\/product"}],"about":[{"href":"https:\/\/www.freeshopfrontiera.ch\/fr\/wp-json\/wp\/v2\/types\/product"}],"replies":[{"embeddable":true,"href":"https:\/\/www.freeshopfrontiera.ch\/fr\/wp-json\/wp\/v2\/comments?post=41173"}],"version-history":[{"count":1,"href":"https:\/\/www.freeshopfrontiera.ch\/fr\/wp-json\/wp\/v2\/product\/41173\/revisions"}],"predecessor-version":[{"id":41177,"href":"https:\/\/www.freeshopfrontiera.ch\/fr\/wp-json\/wp\/v2\/product\/41173\/revisions\/41177"}],"wp:featuredmedia":[{"embeddable":true,"href":"https:\/\/www.freeshopfrontiera.ch\/fr\/wp-json\/wp\/v2\/media\/41169"}],"wp:attachment":[{"href":"https:\/\/www.freeshopfrontiera.ch\/fr\/wp-json\/wp\/v2\/media?parent=41173"}],"wp:term":[{"taxonomy":"pwb-brand","embeddable":true,"href":"https:\/\/www.freeshopfrontiera.ch\/fr\/wp-json\/wp\/v2\/pwb-brand?post=41173"},{"taxonomy":"product_brand","embeddable":true,"href":"https:\/\/www.freeshopfrontiera.ch\/fr\/wp-json\/wp\/v2\/product_brand?post=41173"},{"taxonomy":"product_cat","embeddable":true,"href":"https:\/\/www.freeshopfrontiera.ch\/fr\/wp-json\/wp\/v2\/product_cat?post=41173"},{"taxonomy":"product_tag","embeddable":true,"href":"https:\/\/www.freeshopfrontiera.ch\/fr\/wp-json\/wp\/v2\/product_tag?post=41173"}],"curies":[{"name":"wp","href":"https:\/\/api.w.org\/{rel}","templated":true}]}}