{"id":41338,"date":"2026-01-10T11:47:01","date_gmt":"2026-01-10T11:47:01","guid":{"rendered":"https:\/\/www.freeshopfrontiera.ch\/shop\/clinique-all-about-eyes\/"},"modified":"2026-03-20T11:51:39","modified_gmt":"2026-03-20T11:51:39","slug":"clinique-all-about-eyes","status":"publish","type":"product","link":"https:\/\/www.freeshopfrontiera.ch\/fr\/shop\/clinique-all-about-eyes\/","title":{"rendered":"CLINIQUE All About Eyes"},"content":{"rendered":"<p data-start=\"1906\" data-end=\"1989\"><strong data-start=\"1906\" data-end=\"1989\">Clinique All About Eyes \u2013 Soin Contour des Yeux Hydratant Anti-Poches et Cernes<\/strong><\/p>\n<p data-start=\"1991\" data-end=\"2721\" data-is-last-node=\"\" data-is-only-node=\"\">Clinique All About Eyes est un soin embl\u00e9matique con\u00e7u pour prendre soin de la zone d\u00e9licate du contour des yeux, offrant un regard plus frais, lumineux et repos\u00e9. Sa texture l\u00e9g\u00e8re gel-cr\u00e8me p\u00e9n\u00e8tre rapidement sans effet gras, assurant une hydratation intense et durable tout en laissant la peau douce et lisse toute la journ\u00e9e.<\/p>\n<p data-start=\"1991\" data-end=\"2721\" data-is-last-node=\"\" data-is-only-node=\"\">La formule aide \u00e0 r\u00e9duire visiblement les poches et les cernes, att\u00e9nuant les signes de fatigue et am\u00e9liorant l\u2019apparence globale du regard. Elle constitue \u00e9galement une excellente base pour le maquillage, en am\u00e9liorant sa tenue et son application. Adapt\u00e9 \u00e0 tous les types de peau, m\u00eame les plus sensibles, ce soin est un indispensable de la routine quotidienne pour un regard plus jeune et \u00e9clatant.<\/p>\n<p data-start=\"78\" data-end=\"921\" data-is-last-node=\"\" data-is-only-node=\"\">Follow us! <a href=\"https:\/\/www.instagram.com\/freeshopswiss\/\" target=\"_blank\" rel=\"noopener\">@freeshopswiss<\/a><\/p>\n","protected":false},"excerpt":{"rendered":"<p>Clinique All About Eyes est un soin embl\u00e9matique con\u00e7u pour prendre soin de la zone d\u00e9licate du contour des yeux, offrant un regard plus frais, lumineux et repos\u00e9.<\/p>\n","protected":false},"featured_media":41325,"comment_status":"open","ping_status":"closed","template":"","meta":[],"pwb-brand":[372],"product_brand":[],"product_cat":[109,295,548],"product_tag":[296,5050,417,479,5078],"class_list":{"0":"post-41338","1":"product","2":"type-product","3":"status-publish","4":"has-post-thumbnail","6":"pwb-brand-clinique","7":"product_cat-pour-elle","8":"product_cat-traitements","9":"product_cat-soin-contour","10":"product_tag-femme","11":"product_tag-fete-des-meres","12":"product_tag-soins-fr","13":"product_tag-soins-des-yeux","14":"product_tag-soins-et-maquillage-pour-la-fete-des-meres","16":"first","17":"instock","18":"sale","19":"taxable","20":"shipping-taxable","21":"purchasable","22":"product-type-variable"},"brands":[{"id":372,"name":"Clinique","slug":"clinique"}],"_links":{"self":[{"href":"https:\/\/www.freeshopfrontiera.ch\/fr\/wp-json\/wp\/v2\/product\/41338","targetHints":{"allow":["GET"]}}],"collection":[{"href":"https:\/\/www.freeshopfrontiera.ch\/fr\/wp-json\/wp\/v2\/product"}],"about":[{"href":"https:\/\/www.freeshopfrontiera.ch\/fr\/wp-json\/wp\/v2\/types\/product"}],"replies":[{"embeddable":true,"href":"https:\/\/www.freeshopfrontiera.ch\/fr\/wp-json\/wp\/v2\/comments?post=41338"}],"version-history":[{"count":2,"href":"https:\/\/www.freeshopfrontiera.ch\/fr\/wp-json\/wp\/v2\/product\/41338\/revisions"}],"predecessor-version":[{"id":41347,"href":"https:\/\/www.freeshopfrontiera.ch\/fr\/wp-json\/wp\/v2\/product\/41338\/revisions\/41347"}],"wp:featuredmedia":[{"embeddable":true,"href":"https:\/\/www.freeshopfrontiera.ch\/fr\/wp-json\/wp\/v2\/media\/41325"}],"wp:attachment":[{"href":"https:\/\/www.freeshopfrontiera.ch\/fr\/wp-json\/wp\/v2\/media?parent=41338"}],"wp:term":[{"taxonomy":"pwb-brand","embeddable":true,"href":"https:\/\/www.freeshopfrontiera.ch\/fr\/wp-json\/wp\/v2\/pwb-brand?post=41338"},{"taxonomy":"product_brand","embeddable":true,"href":"https:\/\/www.freeshopfrontiera.ch\/fr\/wp-json\/wp\/v2\/product_brand?post=41338"},{"taxonomy":"product_cat","embeddable":true,"href":"https:\/\/www.freeshopfrontiera.ch\/fr\/wp-json\/wp\/v2\/product_cat?post=41338"},{"taxonomy":"product_tag","embeddable":true,"href":"https:\/\/www.freeshopfrontiera.ch\/fr\/wp-json\/wp\/v2\/product_tag?post=41338"}],"curies":[{"name":"wp","href":"https:\/\/api.w.org\/{rel}","templated":true}]}}