{"id":41369,"date":"2026-03-23T09:22:38","date_gmt":"2026-03-23T09:22:38","guid":{"rendered":"https:\/\/www.freeshopfrontiera.ch\/shop\/zadig-voltaire-zadig-lintense\/"},"modified":"2026-03-23T09:27:41","modified_gmt":"2026-03-23T09:27:41","slug":"zadig-voltaire-zadig-lintense","status":"publish","type":"product","link":"https:\/\/www.freeshopfrontiera.ch\/fr\/shop\/zadig-voltaire-zadig-lintense\/","title":{"rendered":"ZADIG &#038; VOLTAIRE Zadig L&rsquo;Intense"},"content":{"rendered":"<p data-start=\"2509\" data-end=\"2606\"><strong data-start=\"2509\" data-end=\"2606\">ZADIG &amp; VOLTAIRE Zadig L\u2019Intense Eau de Parfum \u2013 Parfum F\u00e9minin Intense, Sensuel et Rock Chic<\/strong><\/p>\n<p data-start=\"2608\" data-end=\"2984\">D\u00e9couvrez Zadig L\u2019Intense Eau de Parfum de Zadig &amp; Voltaire, une fragrance f\u00e9minine audacieuse et enveloppante qui incarne l\u2019esprit libre et rebelle de la femme moderne. Cette version intense sublime la signature olfactive embl\u00e9matique de la marque avec un caract\u00e8re plus profond, sensuel et magn\u00e9tique, id\u00e9al pour celles qui aiment se d\u00e9marquer avec \u00e9l\u00e9gance et personnalit\u00e9.<\/p>\n<p data-start=\"2986\" data-end=\"3475\">L\u2019ouverture se r\u00e9v\u00e8le lumineuse et s\u00e9duisante gr\u00e2ce \u00e0 des notes de t\u00eate florales \u00e9clatantes, qui captivent imm\u00e9diatement avec une touche raffin\u00e9e et f\u00e9minine. Au c\u0153ur, des notes cr\u00e9meuses et enveloppantes \u00e9mergent, o\u00f9 la douceur de la vanille se m\u00eale \u00e0 des accents floraux modernes, cr\u00e9ant un sillage irr\u00e9sistible et sophistiqu\u00e9. Le fond s\u2019intensifie avec des notes bois\u00e9es et chaleureuses, enrichies d\u2019accords ambr\u00e9s et sensuels qui apportent profondeur et tenue longue dur\u00e9e sur la peau.<\/p>\n<p data-start=\"3477\" data-end=\"3738\" data-is-last-node=\"\" data-is-only-node=\"\">Zadig L\u2019Intense est le parfum id\u00e9al pour une femme s\u00fbre d\u2019elle, au style affirm\u00e9 et contemporain, avec une \u00e2me \u00e0 la fois rock et chic. Parfait pour les soir\u00e9es sp\u00e9ciales, les \u00e9v\u00e9nements \u00e9l\u00e9gants ou simplement pour laisser une empreinte inoubliable au quotidien.<\/p>\n<p data-start=\"971\" data-end=\"1252\">Follow us! <a href=\"https:\/\/www.instagram.com\/freeshopswiss\/\" target=\"_blank\" rel=\"noopener\">@freeshopswiss<\/a><\/p>\n","protected":false},"excerpt":{"rendered":"<p>D\u00e9couvrez Zadig L\u2019Intense Eau de Parfum de Zadig &amp; Voltaire, une fragrance f\u00e9minine audacieuse et enveloppante qui incarne l\u2019esprit libre et rebelle de la femme moderne.<\/p>\n","protected":false},"featured_media":41352,"comment_status":"open","ping_status":"closed","template":"","meta":[],"pwb-brand":[390],"product_brand":[],"product_cat":[87,109],"product_tag":[252,296,789,97],"class_list":{"0":"post-41369","1":"product","2":"type-product","3":"status-publish","4":"has-post-thumbnail","6":"pwb-brand-zadig-voltaire","7":"product_cat-parfums","8":"product_cat-pour-elle","9":"product_tag-eau-de-parfum-fr","10":"product_tag-femme","11":"product_tag-womens-fragrances-fr","12":"product_tag-parfums","14":"first","15":"instock","16":"sale","17":"taxable","18":"shipping-taxable","19":"purchasable","20":"product-type-variable","21":"has-default-attributes"},"brands":[{"id":390,"name":"ZADIG &amp; VOLTAIRE","slug":"zadig-voltaire"}],"_links":{"self":[{"href":"https:\/\/www.freeshopfrontiera.ch\/fr\/wp-json\/wp\/v2\/product\/41369","targetHints":{"allow":["GET"]}}],"collection":[{"href":"https:\/\/www.freeshopfrontiera.ch\/fr\/wp-json\/wp\/v2\/product"}],"about":[{"href":"https:\/\/www.freeshopfrontiera.ch\/fr\/wp-json\/wp\/v2\/types\/product"}],"replies":[{"embeddable":true,"href":"https:\/\/www.freeshopfrontiera.ch\/fr\/wp-json\/wp\/v2\/comments?post=41369"}],"version-history":[{"count":1,"href":"https:\/\/www.freeshopfrontiera.ch\/fr\/wp-json\/wp\/v2\/product\/41369\/revisions"}],"predecessor-version":[{"id":41377,"href":"https:\/\/www.freeshopfrontiera.ch\/fr\/wp-json\/wp\/v2\/product\/41369\/revisions\/41377"}],"wp:featuredmedia":[{"embeddable":true,"href":"https:\/\/www.freeshopfrontiera.ch\/fr\/wp-json\/wp\/v2\/media\/41352"}],"wp:attachment":[{"href":"https:\/\/www.freeshopfrontiera.ch\/fr\/wp-json\/wp\/v2\/media?parent=41369"}],"wp:term":[{"taxonomy":"pwb-brand","embeddable":true,"href":"https:\/\/www.freeshopfrontiera.ch\/fr\/wp-json\/wp\/v2\/pwb-brand?post=41369"},{"taxonomy":"product_brand","embeddable":true,"href":"https:\/\/www.freeshopfrontiera.ch\/fr\/wp-json\/wp\/v2\/product_brand?post=41369"},{"taxonomy":"product_cat","embeddable":true,"href":"https:\/\/www.freeshopfrontiera.ch\/fr\/wp-json\/wp\/v2\/product_cat?post=41369"},{"taxonomy":"product_tag","embeddable":true,"href":"https:\/\/www.freeshopfrontiera.ch\/fr\/wp-json\/wp\/v2\/product_tag?post=41369"}],"curies":[{"name":"wp","href":"https:\/\/api.w.org\/{rel}","templated":true}]}}