{"id":41413,"date":"2026-03-23T13:55:18","date_gmt":"2026-03-23T13:55:18","guid":{"rendered":"https:\/\/www.freeshopfrontiera.ch\/shop\/issey-miyake-lumiere-dissey\/"},"modified":"2026-03-23T14:06:01","modified_gmt":"2026-03-23T14:06:01","slug":"issey-miyake-lumiere-dissey","status":"publish","type":"product","link":"https:\/\/www.freeshopfrontiera.ch\/fr\/shop\/issey-miyake-lumiere-dissey\/","title":{"rendered":"ISSEY MIYAKE Lumiere d&rsquo;Issey"},"content":{"rendered":"<section class=\"text-token-text-primary w-full focus:outline-none [--shadow-height:45px] has-data-writing-block:pointer-events-none has-data-writing-block:-mt-(--shadow-height) has-data-writing-block:pt-(--shadow-height) [&amp;:has([data-writing-block])&gt;*]:pointer-events-auto scroll-mt-(--header-height)\" dir=\"auto\" data-turn-id=\"0b58ea44-6d31-44cd-8d26-7907552b9692\" data-testid=\"conversation-turn-29\" data-scroll-anchor=\"false\" data-turn=\"user\"><\/section>\n<section class=\"text-token-text-primary w-full focus:outline-none [--shadow-height:45px] has-data-writing-block:pointer-events-none has-data-writing-block:-mt-(--shadow-height) has-data-writing-block:pt-(--shadow-height) [&amp;:has([data-writing-block])&gt;*]:pointer-events-auto scroll-mt-[calc(var(--header-height)+min(200px,max(70px,20svh)))]\" dir=\"auto\" data-turn-id=\"request-WEB:5c877faa-8bc1-470d-ba00-de1cadaa37ee-14\" data-testid=\"conversation-turn-30\" data-scroll-anchor=\"true\" data-turn=\"assistant\">\n<div class=\"text-base my-auto mx-auto pb-10 [--thread-content-margin:var(--thread-content-margin-xs,calc(var(--spacing)*4))] @w-sm\/main:[--thread-content-margin:var(--thread-content-margin-sm,calc(var(--spacing)*6))] @w-lg\/main:[--thread-content-margin:var(--thread-content-margin-lg,calc(var(--spacing)*16))] px-(--thread-content-margin)\">\n<div class=\"[--thread-content-max-width:40rem] @w-lg\/main:[--thread-content-max-width:48rem] mx-auto max-w-(--thread-content-max-width) flex-1 group\/turn-messages focus-visible:outline-hidden relative flex w-full min-w-0 flex-col agent-turn\">\n<div class=\"flex max-w-full flex-col gap-4 grow\">\n<div class=\"min-h-8 text-message relative flex w-full flex-col items-end gap-2 text-start break-words whitespace-normal outline-none keyboard-focused:focus-ring [.text-message+&amp;]:mt-1\" dir=\"auto\" tabindex=\"0\" data-message-author-role=\"assistant\" data-message-id=\"120544d5-0cf7-4e16-9bfb-0b08f1f49c93\" data-message-model-slug=\"gpt-5-3\" data-turn-start-message=\"true\">\n<div class=\"flex w-full flex-col gap-1 empty:hidden\">\n<div class=\"markdown prose dark:prose-invert w-full wrap-break-word light markdown-new-styling\">\n<div class=\"flex flex-col text-sm pb-25\">\n<section class=\"text-token-text-primary w-full focus:outline-none [--shadow-height:45px] has-data-writing-block:pointer-events-none has-data-writing-block:-mt-(--shadow-height) has-data-writing-block:pt-(--shadow-height) [&amp;:has([data-writing-block])&gt;*]:pointer-events-auto scroll-mt-[calc(var(--header-height)+min(200px,max(70px,20svh)))]\" dir=\"auto\" data-turn-id=\"request-WEB:5c877faa-8bc1-470d-ba00-de1cadaa37ee-15\" data-testid=\"conversation-turn-32\" data-scroll-anchor=\"true\" data-turn=\"assistant\">\n<div class=\"text-base my-auto mx-auto pb-10 [--thread-content-margin:var(--thread-content-margin-xs,calc(var(--spacing)*4))] @w-sm\/main:[--thread-content-margin:var(--thread-content-margin-sm,calc(var(--spacing)*6))] @w-lg\/main:[--thread-content-margin:var(--thread-content-margin-lg,calc(var(--spacing)*16))] px-(--thread-content-margin)\">\n<div class=\"[--thread-content-max-width:40rem] @w-lg\/main:[--thread-content-max-width:48rem] mx-auto max-w-(--thread-content-max-width) flex-1 group\/turn-messages focus-visible:outline-hidden relative flex w-full min-w-0 flex-col agent-turn\">\n<div class=\"flex max-w-full flex-col gap-4 grow\">\n<div class=\"min-h-8 text-message relative flex w-full flex-col items-end gap-2 text-start break-words whitespace-normal outline-none keyboard-focused:focus-ring [.text-message+&amp;]:mt-1\" dir=\"auto\" tabindex=\"0\" data-message-author-role=\"assistant\" data-message-id=\"c6632ce8-cb81-49cd-b9ad-1ddb5520e357\" data-message-model-slug=\"gpt-5-3\" data-turn-start-message=\"true\">\n<div class=\"flex w-full flex-col gap-1 empty:hidden\">\n<div class=\"markdown prose dark:prose-invert w-full wrap-break-word light markdown-new-styling\">\n<p data-start=\"2367\" data-end=\"2461\"><strong data-start=\"2367\" data-end=\"2461\">ISSEY MIYAKE Lumi\u00e8re d\u2019Issey Eau de Parfum \u2013 Parfum F\u00e9minin Lumineux, \u00c9l\u00e9gant et Sensoriel<\/strong><\/p>\n<p data-start=\"2463\" data-end=\"2789\">D\u00e9couvrez Lumi\u00e8re d\u2019Issey d\u2019Issey Miyake, un parfum f\u00e9minin qui capture la puret\u00e9 de la lumi\u00e8re et la transforme en une exp\u00e9rience olfactive raffin\u00e9e et enveloppante. Inspir\u00e9e par le jeu entre la lumi\u00e8re et l\u2019eau, cette fragrance exprime une \u00e9l\u00e9gance d\u00e9licate mais intense, id\u00e9ale pour une femme sophistiqu\u00e9e et contemporaine.<\/p>\n<p data-start=\"2791\" data-end=\"3266\">L\u2019ouverture se distingue par des notes de t\u00eate fra\u00eeches et lumineuses, aux accents hesp\u00e9rid\u00e9s et aquatiques qui apportent une sensation imm\u00e9diate de vitalit\u00e9 et de transparence. En c\u0153ur, des notes florales \u00e9l\u00e9gantes s\u2019\u00e9panouissent, o\u00f9 des fleurs blanches et des nuances d\u00e9licates composent un bouquet harmonieux et f\u00e9minin. Le fond r\u00e9v\u00e8le des notes chaudes et enveloppantes, caract\u00e9ris\u00e9es par des bois doux et des accords musqu\u00e9s qui offrent profondeur et tenue longue dur\u00e9e.<\/p>\n<p data-start=\"3268\" data-end=\"3527\" data-is-last-node=\"\" data-is-only-node=\"\">Lumi\u00e8re d\u2019Issey est une fragrance polyvalente, id\u00e9ale au quotidien mais \u00e9galement parfaite pour les occasions sp\u00e9ciales, gr\u00e2ce \u00e0 son \u00e9quilibre entre fra\u00eecheur et sensualit\u00e9. Elle incarne un style minimaliste, pur et raffin\u00e9, fid\u00e8le \u00e0 l\u2019univers d\u2019Issey Miyake.<\/p>\n<\/div>\n<\/div>\n<\/div>\n<\/div>\n<div class=\"z-0 flex min-h-[46px] justify-start\"><\/div>\n<div class=\"mt-3 w-full empty:hidden\">\n<div class=\"text-center\"><\/div>\n<\/div>\n<\/div>\n<\/div>\n<\/section>\n<\/div>\n<\/div>\n<p data-start=\"842\" data-end=\"1091\">Follow us! <a href=\"https:\/\/www.instagram.com\/freeshopswiss\/\" target=\"_blank\" rel=\"noopener\">@freeshopswiss<\/a><\/p>\n<\/div>\n<\/div>\n<\/div>\n<\/div>\n<\/div>\n<\/section>\n","protected":false},"excerpt":{"rendered":"<p>D\u00e9couvrez Lumi\u00e8re d\u2019Issey d\u2019Issey Miyake, un parfum f\u00e9minin qui capture la puret\u00e9 de la lumi\u00e8re et la transforme en une exp\u00e9rience olfactive raffin\u00e9e et enveloppante.<\/p>\n","protected":false},"featured_media":41395,"comment_status":"open","ping_status":"closed","template":"","meta":[],"pwb-brand":[439],"product_brand":[],"product_cat":[103,87,109],"product_tag":[252,296,5050,789,97,5074],"class_list":{"0":"post-41413","1":"product","2":"type-product","3":"status-publish","4":"has-post-thumbnail","6":"pwb-brand-issey-miyake","7":"product_cat-nouveaute","8":"product_cat-parfums","9":"product_cat-pour-elle","10":"product_tag-eau-de-parfum-fr","11":"product_tag-femme","12":"product_tag-fete-des-meres","13":"product_tag-womens-fragrances-fr","14":"product_tag-parfums","15":"product_tag-parfums-pour-la-fete-des-meres","17":"first","18":"instock","19":"sale","20":"taxable","21":"shipping-taxable","22":"purchasable","23":"product-type-variable","24":"has-default-attributes"},"brands":[{"id":439,"name":"Issey Miyake","slug":"issey-miyake"}],"_links":{"self":[{"href":"https:\/\/www.freeshopfrontiera.ch\/fr\/wp-json\/wp\/v2\/product\/41413","targetHints":{"allow":["GET"]}}],"collection":[{"href":"https:\/\/www.freeshopfrontiera.ch\/fr\/wp-json\/wp\/v2\/product"}],"about":[{"href":"https:\/\/www.freeshopfrontiera.ch\/fr\/wp-json\/wp\/v2\/types\/product"}],"replies":[{"embeddable":true,"href":"https:\/\/www.freeshopfrontiera.ch\/fr\/wp-json\/wp\/v2\/comments?post=41413"}],"version-history":[{"count":1,"href":"https:\/\/www.freeshopfrontiera.ch\/fr\/wp-json\/wp\/v2\/product\/41413\/revisions"}],"predecessor-version":[{"id":41423,"href":"https:\/\/www.freeshopfrontiera.ch\/fr\/wp-json\/wp\/v2\/product\/41413\/revisions\/41423"}],"wp:featuredmedia":[{"embeddable":true,"href":"https:\/\/www.freeshopfrontiera.ch\/fr\/wp-json\/wp\/v2\/media\/41395"}],"wp:attachment":[{"href":"https:\/\/www.freeshopfrontiera.ch\/fr\/wp-json\/wp\/v2\/media?parent=41413"}],"wp:term":[{"taxonomy":"pwb-brand","embeddable":true,"href":"https:\/\/www.freeshopfrontiera.ch\/fr\/wp-json\/wp\/v2\/pwb-brand?post=41413"},{"taxonomy":"product_brand","embeddable":true,"href":"https:\/\/www.freeshopfrontiera.ch\/fr\/wp-json\/wp\/v2\/product_brand?post=41413"},{"taxonomy":"product_cat","embeddable":true,"href":"https:\/\/www.freeshopfrontiera.ch\/fr\/wp-json\/wp\/v2\/product_cat?post=41413"},{"taxonomy":"product_tag","embeddable":true,"href":"https:\/\/www.freeshopfrontiera.ch\/fr\/wp-json\/wp\/v2\/product_tag?post=41413"}],"curies":[{"name":"wp","href":"https:\/\/api.w.org\/{rel}","templated":true}]}}