{"id":41433,"date":"2026-03-23T15:40:23","date_gmt":"2026-03-23T15:40:23","guid":{"rendered":"https:\/\/www.freeshopfrontiera.ch\/shop\/kundal-set-protein-bonding-violet-muguet\/"},"modified":"2026-03-23T15:43:27","modified_gmt":"2026-03-23T15:43:27","slug":"kundal-set-protein-bonding-violet-muguet","status":"publish","type":"product","link":"https:\/\/www.freeshopfrontiera.ch\/fr\/shop\/kundal-set-protein-bonding-violet-muguet\/","title":{"rendered":"KUNDAL SET Protein Bonding &#8211; Violet Muguet"},"content":{"rendered":"<p data-start=\"2371\" data-end=\"2509\"><strong data-start=\"2371\" data-end=\"2509\">KUNDAL Protein Bonding Set Shampoo 500 ml + Treatment 250 ml + Hair Tie Violet Muguet \u2013 Routine Capillaire Nourrissante et Fortifiante<\/strong><\/p>\n<p data-start=\"2511\" data-end=\"2848\">D\u00e9couvrez le coffret KUNDAL Protein Bonding \u00e0 la fragrance Violet Muguet, une solution compl\u00e8te pour le soin des cheveux, con\u00e7ue pour nourrir, renforcer et sublimer la fibre capillaire. Ce kit associe un shampooing enrichi en prot\u00e9ines et un soin intensif, id\u00e9al pour les cheveux ab\u00eem\u00e9s, secs ou fragilis\u00e9s par des traitements chimiques.<\/p>\n<p data-start=\"2850\" data-end=\"3297\">Le shampooing Protein Bonding nettoie en douceur le cuir chevelu et les longueurs, en \u00e9liminant les impuret\u00e9s et les r\u00e9sidus sans agresser la structure du cheveu. Gr\u00e2ce \u00e0 sa formule enrichie en prot\u00e9ines, il aide \u00e0 renforcer la fibre capillaire, en am\u00e9liorant son \u00e9lasticit\u00e9 et sa r\u00e9sistance. Le soin nourrissant agit en profondeur, apportant hydratation intense, douceur et brillance, tout en facilitant le d\u00e9m\u00ealage et en r\u00e9duisant les frisottis.<\/p>\n<p data-start=\"3299\" data-end=\"3584\" data-is-last-node=\"\" data-is-only-node=\"\">La fragrance Violet Muguet enveloppe les cheveux d\u2019un bouquet floral d\u00e9licat et raffin\u00e9, aux notes fra\u00eeches et propres qui procurent une agr\u00e9able sensation de bien-\u00eatre \u00e0 chaque utilisation. Le coffret est compl\u00e9t\u00e9 par un \u00e9lastique pratique, id\u00e9al pour attacher les cheveux avec style.<\/p>\n<p data-start=\"931\" data-end=\"1209\">Follow us <a href=\"https:\/\/www.instagram.com\/freeshopswiss\/\" target=\"_blank\" rel=\"noopener\">@freeshopswiss\u00a0<\/a><\/p>\n","protected":false},"excerpt":{"rendered":"<p>D\u00e9couvrez le coffret KUNDAL Protein Bonding \u00e0 la fragrance Violet Muguet, une solution compl\u00e8te pour le soin des cheveux, con\u00e7ue pour nourrir, renforcer et sublimer la fibre capillaire.<\/p>\n","protected":false},"featured_media":41428,"comment_status":"open","ping_status":"closed","template":"","meta":[],"pwb-brand":[4423],"product_brand":[],"product_cat":[109,295,542],"product_tag":[296,5050,5046,417,418],"class_list":{"0":"post-41433","1":"product","2":"type-product","3":"status-publish","4":"has-post-thumbnail","6":"pwb-brand-kundal","7":"product_cat-pour-elle","8":"product_cat-traitements","9":"product_cat-soin-capillaire","10":"product_tag-femme","11":"product_tag-fete-des-meres","12":"product_tag-moins-de-30-chf","13":"product_tag-soins-fr","14":"product_tag-soins-capillaires-fr","16":"first","17":"instock","18":"sale","19":"taxable","20":"shipping-taxable","21":"purchasable","22":"product-type-simple"},"brands":[{"id":4423,"name":"Kundal","slug":"kundal"}],"_links":{"self":[{"href":"https:\/\/www.freeshopfrontiera.ch\/fr\/wp-json\/wp\/v2\/product\/41433","targetHints":{"allow":["GET"]}}],"collection":[{"href":"https:\/\/www.freeshopfrontiera.ch\/fr\/wp-json\/wp\/v2\/product"}],"about":[{"href":"https:\/\/www.freeshopfrontiera.ch\/fr\/wp-json\/wp\/v2\/types\/product"}],"replies":[{"embeddable":true,"href":"https:\/\/www.freeshopfrontiera.ch\/fr\/wp-json\/wp\/v2\/comments?post=41433"}],"version-history":[{"count":1,"href":"https:\/\/www.freeshopfrontiera.ch\/fr\/wp-json\/wp\/v2\/product\/41433\/revisions"}],"predecessor-version":[{"id":41437,"href":"https:\/\/www.freeshopfrontiera.ch\/fr\/wp-json\/wp\/v2\/product\/41433\/revisions\/41437"}],"wp:featuredmedia":[{"embeddable":true,"href":"https:\/\/www.freeshopfrontiera.ch\/fr\/wp-json\/wp\/v2\/media\/41428"}],"wp:attachment":[{"href":"https:\/\/www.freeshopfrontiera.ch\/fr\/wp-json\/wp\/v2\/media?parent=41433"}],"wp:term":[{"taxonomy":"pwb-brand","embeddable":true,"href":"https:\/\/www.freeshopfrontiera.ch\/fr\/wp-json\/wp\/v2\/pwb-brand?post=41433"},{"taxonomy":"product_brand","embeddable":true,"href":"https:\/\/www.freeshopfrontiera.ch\/fr\/wp-json\/wp\/v2\/product_brand?post=41433"},{"taxonomy":"product_cat","embeddable":true,"href":"https:\/\/www.freeshopfrontiera.ch\/fr\/wp-json\/wp\/v2\/product_cat?post=41433"},{"taxonomy":"product_tag","embeddable":true,"href":"https:\/\/www.freeshopfrontiera.ch\/fr\/wp-json\/wp\/v2\/product_tag?post=41433"}],"curies":[{"name":"wp","href":"https:\/\/api.w.org\/{rel}","templated":true}]}}