{"id":41459,"date":"2026-01-10T08:35:36","date_gmt":"2026-01-10T08:35:36","guid":{"rendered":"https:\/\/www.freeshopfrontiera.ch\/shop\/jimmy-choo-i-want-choo-60ml\/"},"modified":"2026-03-24T08:52:22","modified_gmt":"2026-03-24T08:52:22","slug":"jimmy-choo-i-want-choo-60ml","status":"publish","type":"product","link":"https:\/\/www.freeshopfrontiera.ch\/fr\/shop\/jimmy-choo-i-want-choo-60ml\/","title":{"rendered":"JIMMY CHOO I Want Choo 60ml"},"content":{"rendered":"<div class=\"flex flex-col text-sm pb-25\">\n<section class=\"text-token-text-primary w-full focus:outline-none [--shadow-height:45px] has-data-writing-block:pointer-events-none has-data-writing-block:-mt-(--shadow-height) has-data-writing-block:pt-(--shadow-height) [&amp;:has([data-writing-block])&gt;*]:pointer-events-auto scroll-mt-[calc(var(--header-height)+min(200px,max(70px,20svh)))]\" dir=\"auto\" data-turn-id=\"request-WEB:1b85c57a-cff2-4463-815f-bd9c93e27ee2-3\" data-testid=\"conversation-turn-8\" data-scroll-anchor=\"true\" data-turn=\"assistant\">\n<div class=\"text-base my-auto mx-auto pb-10 [--thread-content-margin:var(--thread-content-margin-xs,calc(var(--spacing)*4))] @w-sm\/main:[--thread-content-margin:var(--thread-content-margin-sm,calc(var(--spacing)*6))] @w-lg\/main:[--thread-content-margin:var(--thread-content-margin-lg,calc(var(--spacing)*16))] px-(--thread-content-margin)\">\n<div class=\"[--thread-content-max-width:40rem] @w-lg\/main:[--thread-content-max-width:48rem] mx-auto max-w-(--thread-content-max-width) flex-1 group\/turn-messages focus-visible:outline-hidden relative flex w-full min-w-0 flex-col agent-turn\">\n<div class=\"flex max-w-full flex-col gap-4 grow\">\n<div class=\"min-h-8 text-message relative flex w-full flex-col items-end gap-2 text-start break-words whitespace-normal outline-none keyboard-focused:focus-ring [.text-message+&amp;]:mt-1\" dir=\"auto\" tabindex=\"0\" data-message-author-role=\"assistant\" data-message-id=\"be55763f-f1c9-4fda-b577-15f03b389597\" data-message-model-slug=\"gpt-5-3\" data-turn-start-message=\"true\">\n<div class=\"flex w-full flex-col gap-1 empty:hidden\">\n<div class=\"markdown prose dark:prose-invert w-full wrap-break-word light markdown-new-styling\">\n<p data-start=\"1735\" data-end=\"1816\"><strong data-start=\"1735\" data-end=\"1816\">JIMMY CHOO I Want Choo Eau de Parfum 60ml \u2013 Parfum Femme Glamour et S\u00e9duisant<\/strong><\/p>\n<p data-start=\"1818\" data-end=\"2181\">Laissez-vous s\u00e9duire par l\u2019\u00e9nergie irr\u00e9sistible de JIMMY CHOO I Want Choo Eau de Parfum, une fragrance f\u00e9minine audacieuse et lumineuse, cr\u00e9\u00e9e pour la femme s\u00fbre d\u2019elle qui aime briller et profiter de chaque instant avec enthousiasme. Un parfum qui c\u00e9l\u00e8bre le charme, la joie et le pouvoir de la s\u00e9duction, parfait pour accompagner vos soir\u00e9es les plus sp\u00e9ciales.<\/p>\n<p data-start=\"2183\" data-end=\"2594\" data-is-last-node=\"\" data-is-only-node=\"\">L\u2019ouverture est vive et p\u00e9tillante, gr\u00e2ce \u00e0 des notes de t\u00eate fruit\u00e9es et agrum\u00e9es qui apportent imm\u00e9diatement une fra\u00eecheur raffin\u00e9e. Le c\u0153ur d\u00e9voile un bouquet floral sensuel et enveloppant, expression d\u2019une f\u00e9minit\u00e9 \u00e9l\u00e9gante et sophistiqu\u00e9e. En fond, des accords chauds et gourmands de vanille et de benjoin se m\u00ealent \u00e0 des nuances ambr\u00e9es, laissant un sillage intense, cr\u00e9meux et irr\u00e9sistiblement s\u00e9duisant.<\/p>\n<\/div>\n<\/div>\n<\/div>\n<\/div>\n<div class=\"z-0 flex min-h-[46px] justify-start\"><\/div>\n<\/div>\n<\/div>\n<\/section>\n<\/div>\n<p data-start=\"13\" data-end=\"102\">Follow us! <a href=\"https:\/\/www.instagram.com\/freeshopswiss\/\" target=\"_blank\" rel=\"noopener\">@freeshopswiss<\/a><\/p>\n","protected":false},"excerpt":{"rendered":"<p>Laissez-vous s\u00e9duire par l\u2019\u00e9nergie irr\u00e9sistible de JIMMY CHOO I Want Choo Eau de Parfum, une fragrance f\u00e9minine audacieuse et lumineuse, cr\u00e9\u00e9e pour la femme s\u00fbre d\u2019elle qui aime briller et profiter de chaque instant avec enthousiasme.<\/p>\n","protected":false},"featured_media":41454,"comment_status":"open","ping_status":"closed","template":"","meta":[],"pwb-brand":[798],"product_brand":[],"product_cat":[87,109,4195],"product_tag":[252,296,789,97],"class_list":{"0":"post-41459","1":"product","2":"type-product","3":"status-publish","4":"has-post-thumbnail","6":"pwb-brand-jimmy-choo","7":"product_cat-parfums","8":"product_cat-pour-elle","9":"product_cat-parfums-offer","10":"product_tag-eau-de-parfum-fr","11":"product_tag-femme","12":"product_tag-womens-fragrances-fr","13":"product_tag-parfums","15":"first","16":"instock","17":"sale","18":"taxable","19":"shipping-taxable","20":"purchasable","21":"product-type-simple"},"brands":[{"id":798,"name":"Jimmy Choo","slug":"jimmy-choo"}],"_links":{"self":[{"href":"https:\/\/www.freeshopfrontiera.ch\/fr\/wp-json\/wp\/v2\/product\/41459","targetHints":{"allow":["GET"]}}],"collection":[{"href":"https:\/\/www.freeshopfrontiera.ch\/fr\/wp-json\/wp\/v2\/product"}],"about":[{"href":"https:\/\/www.freeshopfrontiera.ch\/fr\/wp-json\/wp\/v2\/types\/product"}],"replies":[{"embeddable":true,"href":"https:\/\/www.freeshopfrontiera.ch\/fr\/wp-json\/wp\/v2\/comments?post=41459"}],"version-history":[{"count":2,"href":"https:\/\/www.freeshopfrontiera.ch\/fr\/wp-json\/wp\/v2\/product\/41459\/revisions"}],"predecessor-version":[{"id":41465,"href":"https:\/\/www.freeshopfrontiera.ch\/fr\/wp-json\/wp\/v2\/product\/41459\/revisions\/41465"}],"wp:featuredmedia":[{"embeddable":true,"href":"https:\/\/www.freeshopfrontiera.ch\/fr\/wp-json\/wp\/v2\/media\/41454"}],"wp:attachment":[{"href":"https:\/\/www.freeshopfrontiera.ch\/fr\/wp-json\/wp\/v2\/media?parent=41459"}],"wp:term":[{"taxonomy":"pwb-brand","embeddable":true,"href":"https:\/\/www.freeshopfrontiera.ch\/fr\/wp-json\/wp\/v2\/pwb-brand?post=41459"},{"taxonomy":"product_brand","embeddable":true,"href":"https:\/\/www.freeshopfrontiera.ch\/fr\/wp-json\/wp\/v2\/product_brand?post=41459"},{"taxonomy":"product_cat","embeddable":true,"href":"https:\/\/www.freeshopfrontiera.ch\/fr\/wp-json\/wp\/v2\/product_cat?post=41459"},{"taxonomy":"product_tag","embeddable":true,"href":"https:\/\/www.freeshopfrontiera.ch\/fr\/wp-json\/wp\/v2\/product_tag?post=41459"}],"curies":[{"name":"wp","href":"https:\/\/api.w.org\/{rel}","templated":true}]}}