{"id":41474,"date":"2026-01-24T09:06:28","date_gmt":"2026-01-24T09:06:28","guid":{"rendered":"https:\/\/www.freeshopfrontiera.ch\/shop\/jimmy-choo-i-want-choo-forever-60ml\/"},"modified":"2026-03-24T09:10:15","modified_gmt":"2026-03-24T09:10:15","slug":"jimmy-choo-i-want-choo-forever-60ml","status":"publish","type":"product","link":"https:\/\/www.freeshopfrontiera.ch\/fr\/shop\/jimmy-choo-i-want-choo-forever-60ml\/","title":{"rendered":"JIMMY CHOO I Want Choo Forever 60ml"},"content":{"rendered":"<p data-start=\"445\" data-end=\"924\"><strong data-start=\"1974\" data-end=\"2071\">JIMMY CHOO I Want Choo Forever Eau de Parfum 60ml \u2013 Parfum Femme Intense, Sensuel et Nocturne<\/strong><\/p>\n<div class=\"flex flex-col text-sm pb-25\">\n<section class=\"text-token-text-primary w-full focus:outline-none [--shadow-height:45px] has-data-writing-block:pointer-events-none has-data-writing-block:-mt-(--shadow-height) has-data-writing-block:pt-(--shadow-height) [&amp;:has([data-writing-block])&gt;*]:pointer-events-auto scroll-mt-[calc(var(--header-height)+min(200px,max(70px,20svh)))]\" dir=\"auto\" data-turn-id=\"request-WEB:1b85c57a-cff2-4463-815f-bd9c93e27ee2-5\" data-testid=\"conversation-turn-12\" data-scroll-anchor=\"true\" data-turn=\"assistant\">\n<div class=\"text-base my-auto mx-auto pb-10 [--thread-content-margin:var(--thread-content-margin-xs,calc(var(--spacing)*4))] @w-sm\/main:[--thread-content-margin:var(--thread-content-margin-sm,calc(var(--spacing)*6))] @w-lg\/main:[--thread-content-margin:var(--thread-content-margin-lg,calc(var(--spacing)*16))] px-(--thread-content-margin)\">\n<div class=\"[--thread-content-max-width:40rem] @w-lg\/main:[--thread-content-max-width:48rem] mx-auto max-w-(--thread-content-max-width) flex-1 group\/turn-messages focus-visible:outline-hidden relative flex w-full min-w-0 flex-col agent-turn\">\n<div class=\"flex max-w-full flex-col gap-4 grow\">\n<div class=\"min-h-8 text-message relative flex w-full flex-col items-end gap-2 text-start break-words whitespace-normal outline-none keyboard-focused:focus-ring [.text-message+&amp;]:mt-1\" dir=\"auto\" tabindex=\"0\" data-message-author-role=\"assistant\" data-message-id=\"63bb7136-1186-41c6-b5bd-ae2a8cf36c68\" data-message-model-slug=\"gpt-5-3\" data-turn-start-message=\"true\">\n<div class=\"flex w-full flex-col gap-1 empty:hidden\">\n<div class=\"markdown prose dark:prose-invert w-full wrap-break-word light markdown-new-styling\">\n<p data-start=\"2073\" data-end=\"2408\">D\u00e9couvrez le charme magn\u00e9tique de JIMMY CHOO I Want Choo Forever Eau de Parfum, une fragrance f\u00e9minine audacieuse et sophistiqu\u00e9e, con\u00e7ue pour la femme qui aime vivre la nuit avec \u00e9l\u00e9gance et assurance. Plus intense et myst\u00e9rieuse, cette version r\u00e9v\u00e8le une \u00e2me s\u00e9duisante et irr\u00e9sistible, parfaite pour laisser un souvenir inoubliable.<\/p>\n<p data-start=\"2410\" data-end=\"2886\" data-is-last-node=\"\" data-is-only-node=\"\">L\u2019ouverture surprend avec des notes fruit\u00e9es l\u00e9g\u00e8rement liquoreuses, apportant une touche moderne et intrigante. Le c\u0153ur se d\u00e9veloppe en un riche bouquet floral, o\u00f9 la sensualit\u00e9 du jasmin se m\u00eale \u00e0 des nuances chaudes et enveloppantes, cr\u00e9ant une f\u00e9minit\u00e9 intense et raffin\u00e9e. Le fond d\u00e9voile toute sa profondeur avec des accords gourmands et bois\u00e9s : la douceur de la vanille s\u2019associe \u00e0 la puissance du musc et des bois, offrant un sillage persistant, \u00e9l\u00e9gant et s\u00e9duisant.<\/p>\n<\/div>\n<\/div>\n<\/div>\n<\/div>\n<div class=\"z-0 flex min-h-[46px] justify-start\"><\/div>\n<div class=\"mt-3 w-full empty:hidden\">\n<div class=\"text-center\"><\/div>\n<\/div>\n<\/div>\n<\/div>\n<\/section>\n<\/div>\n<div class=\"pointer-events-none h-px w-px absolute bottom-0\" aria-hidden=\"true\" data-edge=\"true\"><\/div>\n<p data-start=\"445\" data-end=\"924\">Follow us! <a href=\"https:\/\/www.instagram.com\/freeshopswiss\/\" target=\"_blank\" rel=\"noopener\">@freeshopswiss<\/a><\/p>\n","protected":false},"excerpt":{"rendered":"<p>D\u00e9couvrez le charme magn\u00e9tique de JIMMY CHOO I Want Choo Forever Eau de Parfum, une fragrance f\u00e9minine audacieuse et sophistiqu\u00e9e, con\u00e7ue pour la femme qui aime vivre la nuit avec \u00e9l\u00e9gance et assurance.<\/p>\n","protected":false},"featured_media":41469,"comment_status":"open","ping_status":"closed","template":"","meta":[],"pwb-brand":[798],"product_brand":[],"product_cat":[87,109,4195],"product_tag":[252,296,789,97],"class_list":{"0":"post-41474","1":"product","2":"type-product","3":"status-publish","4":"has-post-thumbnail","6":"pwb-brand-jimmy-choo","7":"product_cat-parfums","8":"product_cat-pour-elle","9":"product_cat-parfums-offer","10":"product_tag-eau-de-parfum-fr","11":"product_tag-femme","12":"product_tag-womens-fragrances-fr","13":"product_tag-parfums","15":"first","16":"instock","17":"sale","18":"taxable","19":"shipping-taxable","20":"purchasable","21":"product-type-simple"},"brands":[{"id":798,"name":"Jimmy Choo","slug":"jimmy-choo"}],"_links":{"self":[{"href":"https:\/\/www.freeshopfrontiera.ch\/fr\/wp-json\/wp\/v2\/product\/41474","targetHints":{"allow":["GET"]}}],"collection":[{"href":"https:\/\/www.freeshopfrontiera.ch\/fr\/wp-json\/wp\/v2\/product"}],"about":[{"href":"https:\/\/www.freeshopfrontiera.ch\/fr\/wp-json\/wp\/v2\/types\/product"}],"replies":[{"embeddable":true,"href":"https:\/\/www.freeshopfrontiera.ch\/fr\/wp-json\/wp\/v2\/comments?post=41474"}],"version-history":[{"count":2,"href":"https:\/\/www.freeshopfrontiera.ch\/fr\/wp-json\/wp\/v2\/product\/41474\/revisions"}],"predecessor-version":[{"id":41479,"href":"https:\/\/www.freeshopfrontiera.ch\/fr\/wp-json\/wp\/v2\/product\/41474\/revisions\/41479"}],"wp:featuredmedia":[{"embeddable":true,"href":"https:\/\/www.freeshopfrontiera.ch\/fr\/wp-json\/wp\/v2\/media\/41469"}],"wp:attachment":[{"href":"https:\/\/www.freeshopfrontiera.ch\/fr\/wp-json\/wp\/v2\/media?parent=41474"}],"wp:term":[{"taxonomy":"pwb-brand","embeddable":true,"href":"https:\/\/www.freeshopfrontiera.ch\/fr\/wp-json\/wp\/v2\/pwb-brand?post=41474"},{"taxonomy":"product_brand","embeddable":true,"href":"https:\/\/www.freeshopfrontiera.ch\/fr\/wp-json\/wp\/v2\/product_brand?post=41474"},{"taxonomy":"product_cat","embeddable":true,"href":"https:\/\/www.freeshopfrontiera.ch\/fr\/wp-json\/wp\/v2\/product_cat?post=41474"},{"taxonomy":"product_tag","embeddable":true,"href":"https:\/\/www.freeshopfrontiera.ch\/fr\/wp-json\/wp\/v2\/product_tag?post=41474"}],"curies":[{"name":"wp","href":"https:\/\/api.w.org\/{rel}","templated":true}]}}