{"id":41502,"date":"2026-01-10T10:56:41","date_gmt":"2026-01-10T10:56:41","guid":{"rendered":"https:\/\/www.freeshopfrontiera.ch\/shop\/clinique-take-the-day-off-125ml\/"},"modified":"2026-03-24T11:01:22","modified_gmt":"2026-03-24T11:01:22","slug":"clinique-take-the-day-off-125ml","status":"publish","type":"product","link":"https:\/\/www.freeshopfrontiera.ch\/fr\/shop\/clinique-take-the-day-off-125ml\/","title":{"rendered":"CLINIQUE Take The Day Off 125ml"},"content":{"rendered":"<p data-start=\"1900\" data-end=\"2010\"><strong data-start=\"1900\" data-end=\"2008\">CLINIQUE Take The Day Off Makeup Remover 125ml \u2013 D\u00e9maquillant Doux et Efficace pour Yeux, L\u00e8vres et Cils<\/strong><\/p>\n<p data-start=\"2012\" data-end=\"2344\">\u00c9liminez toutes les traces de maquillage avec le CLINIQUE Take The Day Off Makeup Remover, un d\u00e9maquillant bifasique haute performance con\u00e7u pour les yeux, les l\u00e8vres et les cils. Parfait m\u00eame pour le maquillage le plus tenace et waterproof, ce soin assure un nettoyage en profondeur tout en respectant la peau d\u00e9licate du visage.<\/p>\n<p data-start=\"2346\" data-end=\"2644\">Sa formule l\u00e9g\u00e8re mais puissante dissout rapidement le mascara, l\u2019eyeliner et le rouge \u00e0 l\u00e8vres longue tenue, sans frotter. Il suffit de secouer le flacon pour activer la combinaison des deux phases et obtenir une action efficace mais douce, laissant la peau propre, fra\u00eeche et sans r\u00e9sidus gras.<\/p>\n<p data-start=\"2646\" data-end=\"2867\" data-is-last-node=\"\" data-is-only-node=\"\">Enrichi en agents \u00e9mollients, ce d\u00e9maquillant aide \u00e0 maintenir la peau douce et hydrat\u00e9e, \u00e9vitant irritations et sensations de s\u00e9cheresse. Parfait \u00e9galement pour les yeux sensibles et les porteurs de lentilles de contact.<\/p>\n<p data-start=\"726\" data-end=\"950\">Follow us! \u00a0<a href=\"https:\/\/www.instagram.com\/freeshopswiss\/\" target=\"_blank\" rel=\"noopener\">@freeshopswiss<\/a><\/p>\n","protected":false},"excerpt":{"rendered":"<p>\u00c9liminez toutes les traces de maquillage avec le CLINIQUE Take The Day Off Makeup Remover, un d\u00e9maquillant bifasique haute performance con\u00e7u pour les yeux, les l\u00e8vres et les cils.<\/p>\n","protected":false},"featured_media":41497,"comment_status":"open","ping_status":"closed","template":"","meta":[],"pwb-brand":[372],"product_brand":[],"product_cat":[109,295,545],"product_tag":[296,417,479,301],"class_list":{"0":"post-41502","1":"product","2":"type-product","3":"status-publish","4":"has-post-thumbnail","6":"pwb-brand-clinique","7":"product_cat-pour-elle","8":"product_cat-traitements","9":"product_cat-soin-du-visage","10":"product_tag-femme","11":"product_tag-soins-fr","12":"product_tag-soins-des-yeux","13":"product_tag-soins-du-visage","15":"first","16":"instock","17":"sale","18":"taxable","19":"shipping-taxable","20":"purchasable","21":"product-type-simple"},"brands":[{"id":372,"name":"Clinique","slug":"clinique"}],"_links":{"self":[{"href":"https:\/\/www.freeshopfrontiera.ch\/fr\/wp-json\/wp\/v2\/product\/41502","targetHints":{"allow":["GET"]}}],"collection":[{"href":"https:\/\/www.freeshopfrontiera.ch\/fr\/wp-json\/wp\/v2\/product"}],"about":[{"href":"https:\/\/www.freeshopfrontiera.ch\/fr\/wp-json\/wp\/v2\/types\/product"}],"replies":[{"embeddable":true,"href":"https:\/\/www.freeshopfrontiera.ch\/fr\/wp-json\/wp\/v2\/comments?post=41502"}],"version-history":[{"count":1,"href":"https:\/\/www.freeshopfrontiera.ch\/fr\/wp-json\/wp\/v2\/product\/41502\/revisions"}],"predecessor-version":[{"id":41507,"href":"https:\/\/www.freeshopfrontiera.ch\/fr\/wp-json\/wp\/v2\/product\/41502\/revisions\/41507"}],"wp:featuredmedia":[{"embeddable":true,"href":"https:\/\/www.freeshopfrontiera.ch\/fr\/wp-json\/wp\/v2\/media\/41497"}],"wp:attachment":[{"href":"https:\/\/www.freeshopfrontiera.ch\/fr\/wp-json\/wp\/v2\/media?parent=41502"}],"wp:term":[{"taxonomy":"pwb-brand","embeddable":true,"href":"https:\/\/www.freeshopfrontiera.ch\/fr\/wp-json\/wp\/v2\/pwb-brand?post=41502"},{"taxonomy":"product_brand","embeddable":true,"href":"https:\/\/www.freeshopfrontiera.ch\/fr\/wp-json\/wp\/v2\/product_brand?post=41502"},{"taxonomy":"product_cat","embeddable":true,"href":"https:\/\/www.freeshopfrontiera.ch\/fr\/wp-json\/wp\/v2\/product_cat?post=41502"},{"taxonomy":"product_tag","embeddable":true,"href":"https:\/\/www.freeshopfrontiera.ch\/fr\/wp-json\/wp\/v2\/product_tag?post=41502"}],"curies":[{"name":"wp","href":"https:\/\/api.w.org\/{rel}","templated":true}]}}