{"id":41516,"date":"2026-01-10T11:12:15","date_gmt":"2026-01-10T11:12:15","guid":{"rendered":"https:\/\/www.freeshopfrontiera.ch\/shop\/clinique-anti-blemish-solutions-clarifying-lotion-200ml\/"},"modified":"2026-03-24T11:17:25","modified_gmt":"2026-03-24T11:17:25","slug":"clinique-anti-blemish-solutions-clarifying-lotion-200ml","status":"publish","type":"product","link":"https:\/\/www.freeshopfrontiera.ch\/fr\/shop\/clinique-anti-blemish-solutions-clarifying-lotion-200ml\/","title":{"rendered":"CLINIQUE Anti-Blemish Solutions Clarifying Lotion 200ml"},"content":{"rendered":"<p data-start=\"1728\" data-end=\"1857\"><strong data-start=\"1728\" data-end=\"1855\">CLINIQUE Anti-Blemish Solutions Clarifying Lotion 200ml \u2013 Lotion Tonifiante pour Peau Sujette aux Imperfections et \u00e0 l\u2019Acn\u00e9<\/strong><\/p>\n<p data-start=\"1859\" data-end=\"2249\">Combattez les impuret\u00e9s et pr\u00e9venez l\u2019apparition de boutons avec la <strong data-start=\"1927\" data-end=\"1980\">CLINIQUE Anti-Blemish Solutions Clarifying Lotion<\/strong>, une lotion tonique douce mais efficace, con\u00e7ue pour les peaux mixtes et grasses sujettes aux imperfections. Ce soin aide \u00e0 \u00e9liminer les cellules mortes, \u00e0 d\u00e9sobstruer les pores et \u00e0 r\u00e9\u00e9quilibrer la peau, la laissant propre, fra\u00eeche et pr\u00eate pour les soins suivants.<\/p>\n<p data-start=\"2251\" data-end=\"2583\" data-is-last-node=\"\" data-is-only-node=\"\">Sa formule sans alcool, enrichie en agents apaisants, r\u00e9duit les rougeurs et irritations tout en r\u00e9gulant l\u2019exc\u00e8s de s\u00e9bum afin de pr\u00e9venir l\u2019apparition de nouveaux boutons. Une utilisation r\u00e9guli\u00e8re favorise une peau plus lisse, uniforme et visiblement plus saine, am\u00e9liorant la texture cutan\u00e9e et minimisant l\u2019apparence des pores.<\/p>\n<p data-start=\"517\" data-end=\"841\">Follow us! <a href=\"https:\/\/www.instagram.com\/freeshopswiss\/\" target=\"_blank\" rel=\"noopener\">@freeshopswiss\u00a0<\/a><\/p>\n","protected":false},"excerpt":{"rendered":"<p>Combattez les impuret\u00e9s et pr\u00e9venez l\u2019apparition de boutons avec la <strong data-start=\"1927\" data-end=\"1980\">CLINIQUE Anti-Blemish Solutions Clarifying Lotion<\/strong>, une lotion tonique douce mais efficace, con\u00e7ue pour les peaux mixtes et grasses sujettes aux imperfections.<\/p>\n","protected":false},"featured_media":41511,"comment_status":"open","ping_status":"closed","template":"","meta":[],"pwb-brand":[372],"product_brand":[],"product_cat":[295,545],"product_tag":[296,5050,5046,417,301,5078],"class_list":{"0":"post-41516","1":"product","2":"type-product","3":"status-publish","4":"has-post-thumbnail","6":"pwb-brand-clinique","7":"product_cat-traitements","8":"product_cat-soin-du-visage","9":"product_tag-femme","10":"product_tag-fete-des-meres","11":"product_tag-moins-de-30-chf","12":"product_tag-soins-fr","13":"product_tag-soins-du-visage","14":"product_tag-soins-et-maquillage-pour-la-fete-des-meres","16":"first","17":"instock","18":"sale","19":"taxable","20":"shipping-taxable","21":"purchasable","22":"product-type-simple"},"brands":[{"id":372,"name":"Clinique","slug":"clinique"}],"_links":{"self":[{"href":"https:\/\/www.freeshopfrontiera.ch\/fr\/wp-json\/wp\/v2\/product\/41516","targetHints":{"allow":["GET"]}}],"collection":[{"href":"https:\/\/www.freeshopfrontiera.ch\/fr\/wp-json\/wp\/v2\/product"}],"about":[{"href":"https:\/\/www.freeshopfrontiera.ch\/fr\/wp-json\/wp\/v2\/types\/product"}],"replies":[{"embeddable":true,"href":"https:\/\/www.freeshopfrontiera.ch\/fr\/wp-json\/wp\/v2\/comments?post=41516"}],"version-history":[{"count":1,"href":"https:\/\/www.freeshopfrontiera.ch\/fr\/wp-json\/wp\/v2\/product\/41516\/revisions"}],"predecessor-version":[{"id":41520,"href":"https:\/\/www.freeshopfrontiera.ch\/fr\/wp-json\/wp\/v2\/product\/41516\/revisions\/41520"}],"wp:featuredmedia":[{"embeddable":true,"href":"https:\/\/www.freeshopfrontiera.ch\/fr\/wp-json\/wp\/v2\/media\/41511"}],"wp:attachment":[{"href":"https:\/\/www.freeshopfrontiera.ch\/fr\/wp-json\/wp\/v2\/media?parent=41516"}],"wp:term":[{"taxonomy":"pwb-brand","embeddable":true,"href":"https:\/\/www.freeshopfrontiera.ch\/fr\/wp-json\/wp\/v2\/pwb-brand?post=41516"},{"taxonomy":"product_brand","embeddable":true,"href":"https:\/\/www.freeshopfrontiera.ch\/fr\/wp-json\/wp\/v2\/product_brand?post=41516"},{"taxonomy":"product_cat","embeddable":true,"href":"https:\/\/www.freeshopfrontiera.ch\/fr\/wp-json\/wp\/v2\/product_cat?post=41516"},{"taxonomy":"product_tag","embeddable":true,"href":"https:\/\/www.freeshopfrontiera.ch\/fr\/wp-json\/wp\/v2\/product_tag?post=41516"}],"curies":[{"name":"wp","href":"https:\/\/api.w.org\/{rel}","templated":true}]}}