{"id":41529,"date":"2026-01-10T11:32:49","date_gmt":"2026-01-10T11:32:49","guid":{"rendered":"https:\/\/www.freeshopfrontiera.ch\/shop\/clinique-smart-clinical-repair-corrective-serum-30ml\/"},"modified":"2026-03-24T11:38:37","modified_gmt":"2026-03-24T11:38:37","slug":"clinique-smart-clinical-repair-corrective-serum-30ml","status":"publish","type":"product","link":"https:\/\/www.freeshopfrontiera.ch\/fr\/shop\/clinique-smart-clinical-repair-corrective-serum-30ml\/","title":{"rendered":"CLINIQUE Smart Clinical Repair Corrective Serum 30ml"},"content":{"rendered":"<p data-start=\"1750\" data-end=\"1858\"><strong data-start=\"1750\" data-end=\"1856\">CLINIQUE Smart Clinical Repair Corrective Serum 30ml \u2013 S\u00e9rum Correcteur Anti-\u00c2ge et Anti-Imperfections<\/strong><\/p>\n<p data-start=\"1860\" data-end=\"2223\">R\u00e9v\u00e9lez une peau plus jeune, lisse et lumineuse avec le <strong data-start=\"1916\" data-end=\"1967\">CLINIQUE Smart Clinical Repair Corrective Serum<\/strong>, un s\u00e9rum avanc\u00e9 con\u00e7u pour corriger les signes visibles du vieillissement et am\u00e9liorer l\u2019apparence des taches, ridules et imperfections. Convient \u00e0 tous les types de peau, il offre un traitement intensif et cibl\u00e9 pour un teint plus uniforme et raffin\u00e9.<\/p>\n<p data-start=\"2225\" data-end=\"2538\" data-is-last-node=\"\" data-is-only-node=\"\">La formule concentr\u00e9e p\u00e9n\u00e8tre rapidement dans les couches profondes de la peau, stimulant le renouvellement cellulaire et renfor\u00e7ant les d\u00e9fenses naturelles. Une utilisation r\u00e9guli\u00e8re aide \u00e0 r\u00e9duire visiblement rides et d\u00e9colorations, tout en apportant fermet\u00e9, \u00e9clat et un aspect globalement plus sain \u00e0 la peau.<\/p>\n<p data-start=\"789\" data-end=\"822\">Follow us <a href=\"https:\/\/www.instagram.com\/freeshopswiss\/\" target=\"_blank\" rel=\"noopener\">@freeshopswiss\u00a0<\/a><\/p>\n","protected":false},"excerpt":{"rendered":"<p>R\u00e9v\u00e9lez une peau plus jeune, lisse et lumineuse avec le <strong data-start=\"1916\" data-end=\"1967\">CLINIQUE Smart Clinical Repair Corrective Serum<\/strong>, un s\u00e9rum avanc\u00e9 con\u00e7u pour corriger les signes visibles du vieillissement et am\u00e9liorer l\u2019apparence des taches, ridules et imperfections.<\/p>\n","protected":false},"featured_media":41524,"comment_status":"open","ping_status":"closed","template":"","meta":[],"pwb-brand":[372],"product_brand":[],"product_cat":[109,295,545],"product_tag":[296,5050,417,301,5078],"class_list":{"0":"post-41529","1":"product","2":"type-product","3":"status-publish","4":"has-post-thumbnail","6":"pwb-brand-clinique","7":"product_cat-pour-elle","8":"product_cat-traitements","9":"product_cat-soin-du-visage","10":"product_tag-femme","11":"product_tag-fete-des-meres","12":"product_tag-soins-fr","13":"product_tag-soins-du-visage","14":"product_tag-soins-et-maquillage-pour-la-fete-des-meres","16":"first","17":"instock","18":"sale","19":"taxable","20":"shipping-taxable","21":"purchasable","22":"product-type-simple"},"brands":[{"id":372,"name":"Clinique","slug":"clinique"}],"_links":{"self":[{"href":"https:\/\/www.freeshopfrontiera.ch\/fr\/wp-json\/wp\/v2\/product\/41529","targetHints":{"allow":["GET"]}}],"collection":[{"href":"https:\/\/www.freeshopfrontiera.ch\/fr\/wp-json\/wp\/v2\/product"}],"about":[{"href":"https:\/\/www.freeshopfrontiera.ch\/fr\/wp-json\/wp\/v2\/types\/product"}],"replies":[{"embeddable":true,"href":"https:\/\/www.freeshopfrontiera.ch\/fr\/wp-json\/wp\/v2\/comments?post=41529"}],"version-history":[{"count":1,"href":"https:\/\/www.freeshopfrontiera.ch\/fr\/wp-json\/wp\/v2\/product\/41529\/revisions"}],"predecessor-version":[{"id":41534,"href":"https:\/\/www.freeshopfrontiera.ch\/fr\/wp-json\/wp\/v2\/product\/41529\/revisions\/41534"}],"wp:featuredmedia":[{"embeddable":true,"href":"https:\/\/www.freeshopfrontiera.ch\/fr\/wp-json\/wp\/v2\/media\/41524"}],"wp:attachment":[{"href":"https:\/\/www.freeshopfrontiera.ch\/fr\/wp-json\/wp\/v2\/media?parent=41529"}],"wp:term":[{"taxonomy":"pwb-brand","embeddable":true,"href":"https:\/\/www.freeshopfrontiera.ch\/fr\/wp-json\/wp\/v2\/pwb-brand?post=41529"},{"taxonomy":"product_brand","embeddable":true,"href":"https:\/\/www.freeshopfrontiera.ch\/fr\/wp-json\/wp\/v2\/product_brand?post=41529"},{"taxonomy":"product_cat","embeddable":true,"href":"https:\/\/www.freeshopfrontiera.ch\/fr\/wp-json\/wp\/v2\/product_cat?post=41529"},{"taxonomy":"product_tag","embeddable":true,"href":"https:\/\/www.freeshopfrontiera.ch\/fr\/wp-json\/wp\/v2\/product_tag?post=41529"}],"curies":[{"name":"wp","href":"https:\/\/api.w.org\/{rel}","templated":true}]}}