{"id":41543,"date":"2026-01-10T11:48:09","date_gmt":"2026-01-10T11:48:09","guid":{"rendered":"https:\/\/www.freeshopfrontiera.ch\/shop\/clinique-dramatically-different-125ml\/"},"modified":"2026-03-24T12:05:40","modified_gmt":"2026-03-24T12:05:40","slug":"clinique-dramatically-different-125ml","status":"publish","type":"product","link":"https:\/\/www.freeshopfrontiera.ch\/fr\/shop\/clinique-dramatically-different-125ml\/","title":{"rendered":"CLINIQUE Dramatically Different 125ml"},"content":{"rendered":"<section class=\"text-token-text-primary w-full focus:outline-none [--shadow-height:45px] has-data-writing-block:pointer-events-none has-data-writing-block:-mt-(--shadow-height) has-data-writing-block:pt-(--shadow-height) [&amp;:has([data-writing-block])&gt;*]:pointer-events-auto scroll-mt-(--header-height)\" dir=\"auto\" data-turn-id=\"e473ed46-e120-4031-9581-e26e5699c018\" data-testid=\"conversation-turn-31\" data-scroll-anchor=\"false\" data-turn=\"user\"><\/section>\n<section class=\"text-token-text-primary w-full focus:outline-none [--shadow-height:45px] has-data-writing-block:pointer-events-none has-data-writing-block:-mt-(--shadow-height) has-data-writing-block:pt-(--shadow-height) [&amp;:has([data-writing-block])&gt;*]:pointer-events-auto scroll-mt-[calc(var(--header-height)+min(200px,max(70px,20svh)))]\" dir=\"auto\" data-turn-id=\"request-WEB:1b85c57a-cff2-4463-815f-bd9c93e27ee2-15\" data-testid=\"conversation-turn-32\" data-scroll-anchor=\"true\" data-turn=\"assistant\">\n<div class=\"text-base my-auto mx-auto pb-10 [--thread-content-margin:var(--thread-content-margin-xs,calc(var(--spacing)*4))] @w-sm\/main:[--thread-content-margin:var(--thread-content-margin-sm,calc(var(--spacing)*6))] @w-lg\/main:[--thread-content-margin:var(--thread-content-margin-lg,calc(var(--spacing)*16))] px-(--thread-content-margin)\">\n<div class=\"[--thread-content-max-width:40rem] @w-lg\/main:[--thread-content-max-width:48rem] mx-auto max-w-(--thread-content-max-width) flex-1 group\/turn-messages focus-visible:outline-hidden relative flex w-full min-w-0 flex-col agent-turn\">\n<div class=\"flex max-w-full flex-col gap-4 grow\">\n<div class=\"min-h-8 text-message relative flex w-full flex-col items-end gap-2 text-start break-words whitespace-normal outline-none keyboard-focused:focus-ring [.text-message+&amp;]:mt-1\" dir=\"auto\" tabindex=\"0\" data-message-author-role=\"assistant\" data-message-id=\"3edc5ffb-abce-4760-bcb5-e395fc210d34\" data-message-model-slug=\"gpt-5-mini\" data-turn-start-message=\"true\">\n<div class=\"flex w-full flex-col gap-1 empty:hidden\">\n<div class=\"markdown prose dark:prose-invert w-full wrap-break-word light markdown-new-styling\">\n<p data-start=\"1653\" data-end=\"1764\"><strong data-start=\"1653\" data-end=\"1762\">CLINIQUE Dramatically Different Moisturizing Gel 125ml \u2013 Gel Hydratant L\u00e9ger pour Peaux Mixtes et Grasses<\/strong><\/p>\n<p data-start=\"1766\" data-end=\"2123\">Gardez votre peau hydrat\u00e9e et \u00e9quilibr\u00e9e avec le <strong data-start=\"1815\" data-end=\"1867\">CLINIQUE Dramatically Different Moisturizing Gel<\/strong>, un gel l\u00e9ger con\u00e7u pour les peaux mixtes et grasses qui n\u00e9cessitent une hydratation efficace sans alourdir. Ce soin aide \u00e0 renforcer la barri\u00e8re cutan\u00e9e, \u00e0 maintenir l\u2019\u00e9lasticit\u00e9 naturelle et \u00e0 offrir une sensation imm\u00e9diate de fra\u00eecheur et de confort.<\/p>\n<p data-start=\"2125\" data-end=\"2448\" data-is-last-node=\"\" data-is-only-node=\"\">Sa formule sans huile et \u00e0 absorption rapide s\u2019int\u00e8gre parfaitement dans votre routine quotidienne, laissant la peau douce, lisse et pr\u00eate \u00e0 recevoir les soins suivants. Le format pratique avec pompe de 125ml permet une application simple, hygi\u00e9nique et pr\u00e9cise, d\u00e9livrant la juste quantit\u00e9 de produit \u00e0 chaque utilisation.<\/p>\n<\/div>\n<\/div>\n<p data-start=\"481\" data-end=\"822\">Follow us <a href=\"https:\/\/www.instagram.com\/freeshopswiss\/\" target=\"_blank\" rel=\"noopener\">@freeshopswiss\u00a0<\/a><\/p>\n<\/div>\n<\/div>\n<\/div>\n<\/div>\n<\/section>\n","protected":false},"excerpt":{"rendered":"<p>Gardez votre peau hydrat\u00e9e et \u00e9quilibr\u00e9e avec le <strong data-start=\"1815\" data-end=\"1867\">CLINIQUE Dramatically Different Moisturizing Gel<\/strong>, un gel l\u00e9ger con\u00e7u pour les peaux mixtes et grasses qui n\u00e9cessitent une hydratation efficace sans alourdir.<\/p>\n","protected":false},"featured_media":41538,"comment_status":"open","ping_status":"closed","template":"","meta":[],"pwb-brand":[372],"product_brand":[],"product_cat":[109,295,545],"product_tag":[296,5050,417,301,5078],"class_list":{"0":"post-41543","1":"product","2":"type-product","3":"status-publish","4":"has-post-thumbnail","6":"pwb-brand-clinique","7":"product_cat-pour-elle","8":"product_cat-traitements","9":"product_cat-soin-du-visage","10":"product_tag-femme","11":"product_tag-fete-des-meres","12":"product_tag-soins-fr","13":"product_tag-soins-du-visage","14":"product_tag-soins-et-maquillage-pour-la-fete-des-meres","16":"first","17":"instock","18":"sale","19":"taxable","20":"shipping-taxable","21":"purchasable","22":"product-type-simple"},"brands":[{"id":372,"name":"Clinique","slug":"clinique"}],"_links":{"self":[{"href":"https:\/\/www.freeshopfrontiera.ch\/fr\/wp-json\/wp\/v2\/product\/41543","targetHints":{"allow":["GET"]}}],"collection":[{"href":"https:\/\/www.freeshopfrontiera.ch\/fr\/wp-json\/wp\/v2\/product"}],"about":[{"href":"https:\/\/www.freeshopfrontiera.ch\/fr\/wp-json\/wp\/v2\/types\/product"}],"replies":[{"embeddable":true,"href":"https:\/\/www.freeshopfrontiera.ch\/fr\/wp-json\/wp\/v2\/comments?post=41543"}],"version-history":[{"count":2,"href":"https:\/\/www.freeshopfrontiera.ch\/fr\/wp-json\/wp\/v2\/product\/41543\/revisions"}],"predecessor-version":[{"id":41549,"href":"https:\/\/www.freeshopfrontiera.ch\/fr\/wp-json\/wp\/v2\/product\/41543\/revisions\/41549"}],"wp:featuredmedia":[{"embeddable":true,"href":"https:\/\/www.freeshopfrontiera.ch\/fr\/wp-json\/wp\/v2\/media\/41538"}],"wp:attachment":[{"href":"https:\/\/www.freeshopfrontiera.ch\/fr\/wp-json\/wp\/v2\/media?parent=41543"}],"wp:term":[{"taxonomy":"pwb-brand","embeddable":true,"href":"https:\/\/www.freeshopfrontiera.ch\/fr\/wp-json\/wp\/v2\/pwb-brand?post=41543"},{"taxonomy":"product_brand","embeddable":true,"href":"https:\/\/www.freeshopfrontiera.ch\/fr\/wp-json\/wp\/v2\/product_brand?post=41543"},{"taxonomy":"product_cat","embeddable":true,"href":"https:\/\/www.freeshopfrontiera.ch\/fr\/wp-json\/wp\/v2\/product_cat?post=41543"},{"taxonomy":"product_tag","embeddable":true,"href":"https:\/\/www.freeshopfrontiera.ch\/fr\/wp-json\/wp\/v2\/product_tag?post=41543"}],"curies":[{"name":"wp","href":"https:\/\/api.w.org\/{rel}","templated":true}]}}