{"id":41560,"date":"2026-01-10T08:23:52","date_gmt":"2026-01-10T08:23:52","guid":{"rendered":"https:\/\/www.freeshopfrontiera.ch\/shop\/clinique-moisture-surge-125ml\/"},"modified":"2026-03-25T08:27:51","modified_gmt":"2026-03-25T08:27:51","slug":"clinique-moisture-surge-125ml","status":"publish","type":"product","link":"https:\/\/www.freeshopfrontiera.ch\/fr\/shop\/clinique-moisture-surge-125ml\/","title":{"rendered":"CLINIQUE Moisture Surge 125ml"},"content":{"rendered":"<p data-start=\"2509\" data-end=\"2619\"><strong data-start=\"2509\" data-end=\"2619\">Clinique Moisture Surge Face Spray 125ml \u2013 Brume Hydratante Visage Sans Huile Rafra\u00eechissante et Apaisante<\/strong><\/p>\n<p data-start=\"2621\" data-end=\"3011\">Le Clinique Moisture Surge Face Spray Thirsty Skin Relief 125ml est une brume hydratante sans huile con\u00e7ue pour offrir une sensation imm\u00e9diate de fra\u00eecheur et de confort aux peaux d\u00e9shydrat\u00e9es. Sa formule l\u00e9g\u00e8re et d\u00e9licate, enrichie en ingr\u00e9dients hydratants et apaisants comme l\u2019aloe, aide \u00e0 restaurer rapidement le niveau d\u2019hydratation de la peau, la laissant douce, souple et lumineuse.<\/p>\n<p data-start=\"3013\" data-end=\"3392\">Adapt\u00e9e \u00e0 tous les types de peau, m\u00eame les plus sensibles, cette brume visage peut \u00eatre utilis\u00e9e \u00e0 tout moment de la journ\u00e9e : avant la cr\u00e8me hydratante, sur le maquillage ou pendant les p\u00e9riodes de chaleur pour un effet rafra\u00eechissant imm\u00e9diat. Sa texture ultra-fine p\u00e9n\u00e8tre rapidement sans alourdir ni laisser de film gras, ce qui la rend id\u00e9ale pour une utilisation fr\u00e9quente.<\/p>\n<p data-start=\"3394\" data-end=\"3740\" data-is-last-node=\"\" data-is-only-node=\"\">Parmi ses principaux atouts figurent sa formule sans huile, son format spray pratique et sa capacit\u00e9 \u00e0 apporter un confort instantan\u00e9 aux peaux stress\u00e9es par des facteurs externes tels que la climatisation ou un climat sec. Le Clinique Moisture Surge Face Spray est la solution id\u00e9ale pour un boost d\u2019hydratation rapide et efficace \u00e0 tout moment.<\/p>\n<p data-start=\"908\" data-end=\"1270\" data-is-last-node=\"\" data-is-only-node=\"\">Follow us <a href=\"https:\/\/www.instagram.com\/freeshopswiss\/\" target=\"_blank\" rel=\"noopener\">@freeshopswiss\u00a0<\/a><\/p>\n","protected":false},"excerpt":{"rendered":"<p>Le Clinique Moisture Surge Face Spray Thirsty Skin Relief 125ml est une brume hydratante sans huile con\u00e7ue pour offrir une sensation imm\u00e9diate de fra\u00eecheur et de confort aux peaux d\u00e9shydrat\u00e9es.<\/p>\n","protected":false},"featured_media":41555,"comment_status":"open","ping_status":"closed","template":"","meta":[],"pwb-brand":[372],"product_brand":[],"product_cat":[109,295,545],"product_tag":[296,417,301],"class_list":{"0":"post-41560","1":"product","2":"type-product","3":"status-publish","4":"has-post-thumbnail","6":"pwb-brand-clinique","7":"product_cat-pour-elle","8":"product_cat-traitements","9":"product_cat-soin-du-visage","10":"product_tag-femme","11":"product_tag-soins-fr","12":"product_tag-soins-du-visage","14":"first","15":"instock","16":"sale","17":"taxable","18":"shipping-taxable","19":"purchasable","20":"product-type-simple"},"brands":[{"id":372,"name":"Clinique","slug":"clinique"}],"_links":{"self":[{"href":"https:\/\/www.freeshopfrontiera.ch\/fr\/wp-json\/wp\/v2\/product\/41560","targetHints":{"allow":["GET"]}}],"collection":[{"href":"https:\/\/www.freeshopfrontiera.ch\/fr\/wp-json\/wp\/v2\/product"}],"about":[{"href":"https:\/\/www.freeshopfrontiera.ch\/fr\/wp-json\/wp\/v2\/types\/product"}],"replies":[{"embeddable":true,"href":"https:\/\/www.freeshopfrontiera.ch\/fr\/wp-json\/wp\/v2\/comments?post=41560"}],"version-history":[{"count":1,"href":"https:\/\/www.freeshopfrontiera.ch\/fr\/wp-json\/wp\/v2\/product\/41560\/revisions"}],"predecessor-version":[{"id":41565,"href":"https:\/\/www.freeshopfrontiera.ch\/fr\/wp-json\/wp\/v2\/product\/41560\/revisions\/41565"}],"wp:featuredmedia":[{"embeddable":true,"href":"https:\/\/www.freeshopfrontiera.ch\/fr\/wp-json\/wp\/v2\/media\/41555"}],"wp:attachment":[{"href":"https:\/\/www.freeshopfrontiera.ch\/fr\/wp-json\/wp\/v2\/media?parent=41560"}],"wp:term":[{"taxonomy":"pwb-brand","embeddable":true,"href":"https:\/\/www.freeshopfrontiera.ch\/fr\/wp-json\/wp\/v2\/pwb-brand?post=41560"},{"taxonomy":"product_brand","embeddable":true,"href":"https:\/\/www.freeshopfrontiera.ch\/fr\/wp-json\/wp\/v2\/product_brand?post=41560"},{"taxonomy":"product_cat","embeddable":true,"href":"https:\/\/www.freeshopfrontiera.ch\/fr\/wp-json\/wp\/v2\/product_cat?post=41560"},{"taxonomy":"product_tag","embeddable":true,"href":"https:\/\/www.freeshopfrontiera.ch\/fr\/wp-json\/wp\/v2\/product_tag?post=41560"}],"curies":[{"name":"wp","href":"https:\/\/api.w.org\/{rel}","templated":true}]}}