{"id":41594,"date":"2026-01-10T08:49:19","date_gmt":"2026-01-10T08:49:19","guid":{"rendered":"https:\/\/www.freeshopfrontiera.ch\/shop\/clinique-clarifying-lotion\/"},"modified":"2026-03-25T08:56:02","modified_gmt":"2026-03-25T08:56:02","slug":"clinique-clarifying-lotion","status":"publish","type":"product","link":"https:\/\/www.freeshopfrontiera.ch\/fr\/shop\/clinique-clarifying-lotion\/","title":{"rendered":"CLINIQUE Clarifying Lotion"},"content":{"rendered":"<div class=\"flex flex-col text-sm pb-25\">\n<section class=\"text-token-text-primary w-full focus:outline-none [--shadow-height:45px] has-data-writing-block:pointer-events-none has-data-writing-block:-mt-(--shadow-height) has-data-writing-block:pt-(--shadow-height) [&amp;:has([data-writing-block])&gt;*]:pointer-events-auto scroll-mt-[calc(var(--header-height)+min(200px,max(70px,20svh)))]\" dir=\"auto\" data-turn-id=\"request-WEB:947e9d55-6169-4e7e-8ef9-3db0b778c8a3-4\" data-testid=\"conversation-turn-10\" data-scroll-anchor=\"true\" data-turn=\"assistant\">\n<div class=\"text-base my-auto mx-auto pb-10 [--thread-content-margin:var(--thread-content-margin-xs,calc(var(--spacing)*4))] @w-sm\/main:[--thread-content-margin:var(--thread-content-margin-sm,calc(var(--spacing)*6))] @w-lg\/main:[--thread-content-margin:var(--thread-content-margin-lg,calc(var(--spacing)*16))] px-(--thread-content-margin)\">\n<div class=\"[--thread-content-max-width:40rem] @w-lg\/main:[--thread-content-max-width:48rem] mx-auto max-w-(--thread-content-max-width) flex-1 group\/turn-messages focus-visible:outline-hidden relative flex w-full min-w-0 flex-col agent-turn\">\n<div class=\"flex max-w-full flex-col gap-4 grow\">\n<div class=\"min-h-8 text-message relative flex w-full flex-col items-end gap-2 text-start break-words whitespace-normal outline-none keyboard-focused:focus-ring [.text-message+&amp;]:mt-1\" dir=\"auto\" tabindex=\"0\" data-message-author-role=\"assistant\" data-message-id=\"6f575c44-1f05-41c8-bd7c-de9fa5c61125\" data-message-model-slug=\"gpt-5-3\" data-turn-start-message=\"true\">\n<div class=\"flex w-full flex-col gap-1 empty:hidden\">\n<div class=\"markdown prose dark:prose-invert w-full wrap-break-word light markdown-new-styling\">\n<p data-start=\"2767\" data-end=\"2873\"><strong data-start=\"2767\" data-end=\"2873\">Clinique Clarifying Lotion 1, 2, 3, 4 \u2013 Lotion Exfoliante Visage pour une Peau Plus Lisse et Lumineuse<\/strong><\/p>\n<p data-start=\"2875\" data-end=\"3215\">La Clinique Clarifying Lotion est une lotion exfoliante embl\u00e9matique con\u00e7ue pour compl\u00e9ter la routine de nettoyage, en aidant \u00e0 \u00e9liminer les cellules mortes, les impuret\u00e9s et les r\u00e9sidus qui ternissent le teint. Disponible en versions 1, 2, 3 et 4, elle est adapt\u00e9e aux diff\u00e9rents types de peau et offre une exfoliation douce mais efficace.<\/p>\n<p data-start=\"3217\" data-end=\"3535\">Sa formule liquide agit comme une \u00e9tape essentielle pour affiner le grain de peau, d\u00e9sobstruer les pores et am\u00e9liorer la capacit\u00e9 de la peau \u00e0 absorber les soins appliqu\u00e9s ensuite. Apr\u00e8s utilisation, la peau para\u00eet imm\u00e9diatement plus fra\u00eeche, plus lisse et plus \u00e9clatante, avec une sensation de propret\u00e9 en profondeur.<\/p>\n<p data-start=\"3537\" data-end=\"3862\">Chaque version r\u00e9pond \u00e0 des besoins sp\u00e9cifiques : la Clarifying Lotion 1 est id\u00e9ale pour les peaux tr\u00e8s s\u00e8ches et sensibles, la 2 pour les peaux s\u00e8ches \u00e0 mixtes, la 3 pour les peaux mixtes \u00e0 grasses et la 4 pour les peaux grasses. Cette personnalisation permet un soin cibl\u00e9 tout en respectant l\u2019\u00e9quilibre naturel de la peau.<\/p>\n<p data-start=\"3864\" data-end=\"4136\" data-is-last-node=\"\" data-is-only-node=\"\">Parfaite pour un usage quotidien, la Clinique Clarifying Lotion s\u2019applique \u00e0 l\u2019aide d\u2019un coton apr\u00e8s le nettoyage, pr\u00e9parant la peau aux \u00e9tapes suivantes de la routine de soin. C\u2019est la solution id\u00e9ale pour obtenir un teint plus uniforme, purifi\u00e9 et visiblement plus sain.<\/p>\n<\/div>\n<\/div>\n<\/div>\n<\/div>\n<div class=\"z-0 flex min-h-[46px] justify-start\"><\/div>\n<\/div>\n<\/div>\n<\/section>\n<\/div>\n<p data-start=\"1118\" data-end=\"1390\" data-is-last-node=\"\" data-is-only-node=\"\">Follow us! <a href=\"https:\/\/www.instagram.com\/freeshopswiss\/\" target=\"_blank\" rel=\"noopener\">@freeshopswiss\u00a0<\/a><\/p>\n","protected":false},"excerpt":{"rendered":"<p>La Clinique Clarifying Lotion est une lotion exfoliante embl\u00e9matique con\u00e7ue pour compl\u00e9ter la routine de nettoyage, en aidant \u00e0 \u00e9liminer les cellules mortes, les impuret\u00e9s et les r\u00e9sidus qui ternissent le teint.<\/p>\n","protected":false},"featured_media":41569,"comment_status":"open","ping_status":"closed","template":"","meta":[],"pwb-brand":[372],"product_brand":[],"product_cat":[295,545],"product_tag":[296,417,301],"class_list":{"0":"post-41594","1":"product","2":"type-product","3":"status-publish","4":"has-post-thumbnail","6":"pwb-brand-clinique","7":"product_cat-traitements","8":"product_cat-soin-du-visage","9":"product_tag-femme","10":"product_tag-soins-fr","11":"product_tag-soins-du-visage","13":"first","14":"instock","15":"sale","16":"taxable","17":"shipping-taxable","18":"purchasable","19":"product-type-variable"},"brands":[{"id":372,"name":"Clinique","slug":"clinique"}],"_links":{"self":[{"href":"https:\/\/www.freeshopfrontiera.ch\/fr\/wp-json\/wp\/v2\/product\/41594","targetHints":{"allow":["GET"]}}],"collection":[{"href":"https:\/\/www.freeshopfrontiera.ch\/fr\/wp-json\/wp\/v2\/product"}],"about":[{"href":"https:\/\/www.freeshopfrontiera.ch\/fr\/wp-json\/wp\/v2\/types\/product"}],"replies":[{"embeddable":true,"href":"https:\/\/www.freeshopfrontiera.ch\/fr\/wp-json\/wp\/v2\/comments?post=41594"}],"version-history":[{"count":1,"href":"https:\/\/www.freeshopfrontiera.ch\/fr\/wp-json\/wp\/v2\/product\/41594\/revisions"}],"predecessor-version":[{"id":41608,"href":"https:\/\/www.freeshopfrontiera.ch\/fr\/wp-json\/wp\/v2\/product\/41594\/revisions\/41608"}],"wp:featuredmedia":[{"embeddable":true,"href":"https:\/\/www.freeshopfrontiera.ch\/fr\/wp-json\/wp\/v2\/media\/41569"}],"wp:attachment":[{"href":"https:\/\/www.freeshopfrontiera.ch\/fr\/wp-json\/wp\/v2\/media?parent=41594"}],"wp:term":[{"taxonomy":"pwb-brand","embeddable":true,"href":"https:\/\/www.freeshopfrontiera.ch\/fr\/wp-json\/wp\/v2\/pwb-brand?post=41594"},{"taxonomy":"product_brand","embeddable":true,"href":"https:\/\/www.freeshopfrontiera.ch\/fr\/wp-json\/wp\/v2\/product_brand?post=41594"},{"taxonomy":"product_cat","embeddable":true,"href":"https:\/\/www.freeshopfrontiera.ch\/fr\/wp-json\/wp\/v2\/product_cat?post=41594"},{"taxonomy":"product_tag","embeddable":true,"href":"https:\/\/www.freeshopfrontiera.ch\/fr\/wp-json\/wp\/v2\/product_tag?post=41594"}],"curies":[{"name":"wp","href":"https:\/\/api.w.org\/{rel}","templated":true}]}}