{"id":41617,"date":"2026-01-10T09:07:02","date_gmt":"2026-01-10T09:07:02","guid":{"rendered":"https:\/\/www.freeshopfrontiera.ch\/shop\/medicube-glutathione-glow-ampoule-30g\/"},"modified":"2026-03-25T09:11:04","modified_gmt":"2026-03-25T09:11:04","slug":"medicube-glutathione-glow-ampoule-30g","status":"publish","type":"product","link":"https:\/\/www.freeshopfrontiera.ch\/fr\/shop\/medicube-glutathione-glow-ampoule-30g\/","title":{"rendered":"MEDICUBE Glutathione Glow Ampoule 30g"},"content":{"rendered":"<p data-start=\"2743\" data-end=\"2848\"><strong data-start=\"2743\" data-end=\"2848\">Medicube Glutathione Glow Ampoule 30g \u2013 S\u00e9rum \u00c9claircissant Visage pour une Peau Radieuse et Uniforme<\/strong><\/p>\n<p data-start=\"2850\" data-end=\"3254\">La Medicube Glutathione Glow Ampoule 30g est un s\u00e9rum visage hautement concentr\u00e9 con\u00e7u pour apporter une luminosit\u00e9 intense et am\u00e9liorer visiblement l\u2019uniformit\u00e9 du teint. Gr\u00e2ce \u00e0 la pr\u00e9sence de glutathion, un puissant antioxydant reconnu pour ses propri\u00e9t\u00e9s \u00e9claircissantes, cette ampoule aide \u00e0 r\u00e9duire l\u2019apparence des taches brunes et \u00e0 raviver les peaux ternes, les laissant fra\u00eeches et revitalis\u00e9es.<\/p>\n<p data-start=\"3256\" data-end=\"3592\">Sa texture l\u00e9g\u00e8re et soyeuse p\u00e9n\u00e8tre rapidement sans laisser de r\u00e9sidu collant, hydratant et nourrissant la peau en profondeur. La formule est enrichie en ingr\u00e9dients actifs qui contribuent \u00e0 am\u00e9liorer l\u2019\u00e9lasticit\u00e9 de la peau et \u00e0 la prot\u00e9ger contre les agressions ext\u00e9rieures, favorisant un teint plus sain et lumineux jour apr\u00e8s jour.<\/p>\n<p data-start=\"3594\" data-end=\"3893\">Adapt\u00e9 \u00e0 tous les types de peau, en particulier celles pr\u00e9sentant un teint irr\u00e9gulier, terne ou des signes de fatigue, ce s\u00e9rum s\u2019int\u00e8gre parfaitement dans une routine quotidienne, matin et soir. Avec une utilisation r\u00e9guli\u00e8re, la peau para\u00eet plus lisse, plus uniforme et visiblement plus \u00e9clatante.<\/p>\n<p data-start=\"3895\" data-end=\"4036\" data-is-last-node=\"\" data-is-only-node=\"\">La Medicube Glutathione Glow Ampoule est le choix id\u00e9al pour sublimer l\u2019\u00e9clat naturel de la peau et obtenir un effet glow raffin\u00e9 et durable.<\/p>\n<p data-start=\"1151\" data-end=\"1346\" data-is-last-node=\"\" data-is-only-node=\"\">Follow us! <a href=\"https:\/\/www.instagram.com\/freeshopswiss\/\" target=\"_blank\" rel=\"noopener\">@freeshopswiss\u00a0<\/a><\/p>\n","protected":false},"excerpt":{"rendered":"<p>La Medicube Glutathione Glow Ampoule 30g est un s\u00e9rum visage hautement concentr\u00e9 con\u00e7u pour apporter une luminosit\u00e9 intense et am\u00e9liorer visiblement l\u2019uniformit\u00e9 du teint.<\/p>\n","protected":false},"featured_media":41612,"comment_status":"open","ping_status":"closed","template":"","meta":[],"pwb-brand":[1000],"product_brand":[],"product_cat":[109,295,545],"product_tag":[296,417,301],"class_list":{"0":"post-41617","1":"product","2":"type-product","3":"status-publish","4":"has-post-thumbnail","6":"pwb-brand-medicube","7":"product_cat-pour-elle","8":"product_cat-traitements","9":"product_cat-soin-du-visage","10":"product_tag-femme","11":"product_tag-soins-fr","12":"product_tag-soins-du-visage","14":"first","15":"instock","16":"sale","17":"taxable","18":"shipping-taxable","19":"purchasable","20":"product-type-simple"},"brands":[{"id":1000,"name":"Medicube","slug":"medicube"}],"_links":{"self":[{"href":"https:\/\/www.freeshopfrontiera.ch\/fr\/wp-json\/wp\/v2\/product\/41617","targetHints":{"allow":["GET"]}}],"collection":[{"href":"https:\/\/www.freeshopfrontiera.ch\/fr\/wp-json\/wp\/v2\/product"}],"about":[{"href":"https:\/\/www.freeshopfrontiera.ch\/fr\/wp-json\/wp\/v2\/types\/product"}],"replies":[{"embeddable":true,"href":"https:\/\/www.freeshopfrontiera.ch\/fr\/wp-json\/wp\/v2\/comments?post=41617"}],"version-history":[{"count":1,"href":"https:\/\/www.freeshopfrontiera.ch\/fr\/wp-json\/wp\/v2\/product\/41617\/revisions"}],"predecessor-version":[{"id":41621,"href":"https:\/\/www.freeshopfrontiera.ch\/fr\/wp-json\/wp\/v2\/product\/41617\/revisions\/41621"}],"wp:featuredmedia":[{"embeddable":true,"href":"https:\/\/www.freeshopfrontiera.ch\/fr\/wp-json\/wp\/v2\/media\/41612"}],"wp:attachment":[{"href":"https:\/\/www.freeshopfrontiera.ch\/fr\/wp-json\/wp\/v2\/media?parent=41617"}],"wp:term":[{"taxonomy":"pwb-brand","embeddable":true,"href":"https:\/\/www.freeshopfrontiera.ch\/fr\/wp-json\/wp\/v2\/pwb-brand?post=41617"},{"taxonomy":"product_brand","embeddable":true,"href":"https:\/\/www.freeshopfrontiera.ch\/fr\/wp-json\/wp\/v2\/product_brand?post=41617"},{"taxonomy":"product_cat","embeddable":true,"href":"https:\/\/www.freeshopfrontiera.ch\/fr\/wp-json\/wp\/v2\/product_cat?post=41617"},{"taxonomy":"product_tag","embeddable":true,"href":"https:\/\/www.freeshopfrontiera.ch\/fr\/wp-json\/wp\/v2\/product_tag?post=41617"}],"curies":[{"name":"wp","href":"https:\/\/api.w.org\/{rel}","templated":true}]}}