{"id":41636,"date":"2026-01-10T11:42:47","date_gmt":"2026-01-10T11:42:47","guid":{"rendered":"https:\/\/www.freeshopfrontiera.ch\/shop\/jimmy-choo-set-i-want-choo-le-parfum\/"},"modified":"2026-03-25T11:48:19","modified_gmt":"2026-03-25T11:48:19","slug":"jimmy-choo-set-i-want-choo-le-parfum","status":"publish","type":"product","link":"https:\/\/www.freeshopfrontiera.ch\/fr\/shop\/jimmy-choo-set-i-want-choo-le-parfum\/","title":{"rendered":"JIMMY CHOO SET I Want Choo Le Parfum"},"content":{"rendered":"<p data-start=\"2287\" data-end=\"2373\"><strong data-start=\"2287\" data-end=\"2371\">JIMMY CHOO Set I Want Choo Le Parfum \u2013 \u00c9l\u00e9gance et S\u00e9duction dans un Set Complet<\/strong><\/p>\n<p data-start=\"2375\" data-end=\"2753\">D\u00e9couvrez l\u2019\u00e9l\u00e9gance audacieuse et f\u00e9minine du <strong data-start=\"2422\" data-end=\"2462\">set JIMMY CHOO I Want Choo Le Parfum<\/strong>, la combinaison parfaite pour celles qui souhaitent vivre une exp\u00e9rience olfactive intense et s\u00e9duisante. Ce set exclusif comprend <strong data-start=\"2594\" data-end=\"2637\">I Want Choo Le Parfum Vaporisateur 60ml<\/strong> et <strong data-start=\"2641\" data-end=\"2677\">Lait pour le Corps Parfum\u00e9 100ml<\/strong>, con\u00e7us pour envelopper la peau d\u2019un sillage irr\u00e9sistible et sophistiqu\u00e9.<\/p>\n<p data-start=\"2755\" data-end=\"3058\">Le parfum s\u2019ouvre sur des notes de t\u00eate p\u00e9tillantes et fruit\u00e9es qui captent imm\u00e9diatement l\u2019attention. Le c\u0153ur floral, riche et sensuel, apporte profondeur et f\u00e9minit\u00e9, tandis que la base chaude et enveloppante assure une tenue \u00e9l\u00e9gante et durable, parfaite pour toutes les occasions, du jour au soir.<\/p>\n<p data-start=\"3060\" data-end=\"3364\">Le lait pour le corps parfum\u00e9 compl\u00e8te l\u2019exp\u00e9rience, hydratant la peau et prolongeant le sillage du parfum pour un effet harmonieux et durable. Id\u00e9al pour celles qui aiment se d\u00e9marquer avec une touche glamour et sophistiqu\u00e9e, ce set constitue \u00e9galement un cadeau pr\u00e9cieux pour les occasions sp\u00e9ciales.<\/p>\n<p data-start=\"821\" data-end=\"1110\">Follow us! <a href=\"https:\/\/www.instagram.com\/freeshopswiss\/\" target=\"_blank\" rel=\"noopener\">@freeshopswiss\u00a0<\/a><\/p>\n","protected":false},"excerpt":{"rendered":"<p>D\u00e9couvrez l\u2019\u00e9l\u00e9gance audacieuse et f\u00e9minine du <strong data-start=\"2422\" data-end=\"2462\">set JIMMY CHOO I Want Choo Le Parfum<\/strong>, la combinaison parfaite pour celles qui souhaitent vivre une exp\u00e9rience olfactive intense et s\u00e9duisante.<\/p>\n","protected":false},"featured_media":41631,"comment_status":"open","ping_status":"closed","template":"","meta":[],"pwb-brand":[798],"product_brand":[],"product_cat":[109,484,4192],"product_tag":[459,461,252,296],"class_list":{"0":"post-41636","1":"product","2":"type-product","3":"status-publish","4":"has-post-thumbnail","6":"pwb-brand-jimmy-choo","7":"product_cat-pour-elle","8":"product_cat-coffret","9":"product_cat-offers-coffret","10":"product_tag-coffret","11":"product_tag-coffrets-femme","12":"product_tag-eau-de-parfum-fr","13":"product_tag-femme","15":"first","16":"instock","17":"sale","18":"taxable","19":"shipping-taxable","20":"purchasable","21":"product-type-simple"},"brands":[{"id":798,"name":"Jimmy Choo","slug":"jimmy-choo"}],"_links":{"self":[{"href":"https:\/\/www.freeshopfrontiera.ch\/fr\/wp-json\/wp\/v2\/product\/41636","targetHints":{"allow":["GET"]}}],"collection":[{"href":"https:\/\/www.freeshopfrontiera.ch\/fr\/wp-json\/wp\/v2\/product"}],"about":[{"href":"https:\/\/www.freeshopfrontiera.ch\/fr\/wp-json\/wp\/v2\/types\/product"}],"replies":[{"embeddable":true,"href":"https:\/\/www.freeshopfrontiera.ch\/fr\/wp-json\/wp\/v2\/comments?post=41636"}],"version-history":[{"count":1,"href":"https:\/\/www.freeshopfrontiera.ch\/fr\/wp-json\/wp\/v2\/product\/41636\/revisions"}],"predecessor-version":[{"id":41641,"href":"https:\/\/www.freeshopfrontiera.ch\/fr\/wp-json\/wp\/v2\/product\/41636\/revisions\/41641"}],"wp:featuredmedia":[{"embeddable":true,"href":"https:\/\/www.freeshopfrontiera.ch\/fr\/wp-json\/wp\/v2\/media\/41631"}],"wp:attachment":[{"href":"https:\/\/www.freeshopfrontiera.ch\/fr\/wp-json\/wp\/v2\/media?parent=41636"}],"wp:term":[{"taxonomy":"pwb-brand","embeddable":true,"href":"https:\/\/www.freeshopfrontiera.ch\/fr\/wp-json\/wp\/v2\/pwb-brand?post=41636"},{"taxonomy":"product_brand","embeddable":true,"href":"https:\/\/www.freeshopfrontiera.ch\/fr\/wp-json\/wp\/v2\/product_brand?post=41636"},{"taxonomy":"product_cat","embeddable":true,"href":"https:\/\/www.freeshopfrontiera.ch\/fr\/wp-json\/wp\/v2\/product_cat?post=41636"},{"taxonomy":"product_tag","embeddable":true,"href":"https:\/\/www.freeshopfrontiera.ch\/fr\/wp-json\/wp\/v2\/product_tag?post=41636"}],"curies":[{"name":"wp","href":"https:\/\/api.w.org\/{rel}","templated":true}]}}