{"id":41705,"date":"2026-03-30T07:53:03","date_gmt":"2026-03-30T07:53:03","guid":{"rendered":"https:\/\/www.freeshopfrontiera.ch\/shop\/jean-paul-gaultier-divine-couture\/"},"modified":"2026-03-30T07:56:41","modified_gmt":"2026-03-30T07:56:41","slug":"jean-paul-gaultier-divine-couture","status":"publish","type":"product","link":"https:\/\/www.freeshopfrontiera.ch\/fr\/shop\/jean-paul-gaultier-divine-couture\/","title":{"rendered":"Jean Paul Gaultier Divine Couture"},"content":{"rendered":"<p data-start=\"1433\" data-end=\"1504\"><strong data-start=\"1433\" data-end=\"1504\">Jean Paul Gaultier Divine Couture \u2013 Parfum Femme \u00c9l\u00e9gant et Sensuel<\/strong><\/p>\n<p data-start=\"1506\" data-end=\"1881\">Jean Paul Gaultier Divine Couture est une fragrance f\u00e9minine sophistiqu\u00e9e et magn\u00e9tique, con\u00e7ue pour sublimer la f\u00e9minit\u00e9 dans toutes ses facettes les plus audacieuses et raffin\u00e9es. Ce parfum incarne une \u00e9l\u00e9gance couture contemporaine, o\u00f9 sensualit\u00e9 et lumi\u00e8re se fondent dans une composition irr\u00e9sistible, id\u00e9ale pour celles qui souhaitent laisser une empreinte inoubliable.<\/p>\n<p data-start=\"1883\" data-end=\"2338\">L\u2019ouverture se distingue par des notes fra\u00eeches et lumineuses, o\u00f9 des accords marins se m\u00ealent \u00e0 une douceur fruit\u00e9e d\u00e9licate, cr\u00e9ant une premi\u00e8re impression raffin\u00e9e et moderne. Le c\u0153ur r\u00e9v\u00e8le un bouquet floral enveloppant, domin\u00e9 par le lys et des nuances cr\u00e9meuses qui apportent profondeur et f\u00e9minit\u00e9. Le fond d\u00e9voile un sillage chaud et sensuel, avec des notes de vanille et des accords gourmands sal\u00e9s qui rendent la fragrance unique et persistante.<\/p>\n<p data-start=\"2340\" data-end=\"2640\">Parfait pour toutes les saisons, Divine Couture s\u2019adapte aussi bien au jour qu\u2019\u00e0 la nuit, exprimant assurance, style et personnalit\u00e9. Id\u00e9al pour les femmes \u00e9l\u00e9gantes et s\u00fbres d\u2019elles, ce parfum est un excellent choix pour les occasions sp\u00e9ciales ou pour sublimer le quotidien avec une touche de luxe.<\/p>\n<p data-start=\"2642\" data-end=\"2723\">Une fragrance iconique qui c\u00e9l\u00e8bre la beaut\u00e9 authentique et le charme intemporel.<\/p>\n<p>Follow us! <a href=\"https:\/\/www.instagram.com\/freeshopswiss\/\" target=\"_blank\" rel=\"noopener\">@freeshopswiss\u00a0<\/a><\/p>\n","protected":false},"excerpt":{"rendered":"<p>Jean Paul Gaultier Divine Couture est une fragrance f\u00e9minine sophistiqu\u00e9e et magn\u00e9tique, con\u00e7ue pour sublimer la f\u00e9minit\u00e9 dans toutes ses facettes les plus audacieuses et raffin\u00e9es.<\/p>\n","protected":false},"featured_media":41691,"comment_status":"open","ping_status":"closed","template":"","meta":[],"pwb-brand":[373],"product_brand":[],"product_cat":[103,87,109],"product_tag":[252,296,5050,789,97,5074],"class_list":{"0":"post-41705","1":"product","2":"type-product","3":"status-publish","4":"has-post-thumbnail","6":"pwb-brand-jean-paul-gaultier","7":"product_cat-nouveaute","8":"product_cat-parfums","9":"product_cat-pour-elle","10":"product_tag-eau-de-parfum-fr","11":"product_tag-femme","12":"product_tag-fete-des-meres","13":"product_tag-womens-fragrances-fr","14":"product_tag-parfums","15":"product_tag-parfums-pour-la-fete-des-meres","17":"first","18":"instock","19":"sale","20":"taxable","21":"shipping-taxable","22":"purchasable","23":"product-type-variable","24":"has-default-attributes"},"brands":[{"id":373,"name":"Jean Paul Gaultier","slug":"jean-paul-gaultier"}],"_links":{"self":[{"href":"https:\/\/www.freeshopfrontiera.ch\/fr\/wp-json\/wp\/v2\/product\/41705","targetHints":{"allow":["GET"]}}],"collection":[{"href":"https:\/\/www.freeshopfrontiera.ch\/fr\/wp-json\/wp\/v2\/product"}],"about":[{"href":"https:\/\/www.freeshopfrontiera.ch\/fr\/wp-json\/wp\/v2\/types\/product"}],"replies":[{"embeddable":true,"href":"https:\/\/www.freeshopfrontiera.ch\/fr\/wp-json\/wp\/v2\/comments?post=41705"}],"version-history":[{"count":1,"href":"https:\/\/www.freeshopfrontiera.ch\/fr\/wp-json\/wp\/v2\/product\/41705\/revisions"}],"predecessor-version":[{"id":41713,"href":"https:\/\/www.freeshopfrontiera.ch\/fr\/wp-json\/wp\/v2\/product\/41705\/revisions\/41713"}],"wp:featuredmedia":[{"embeddable":true,"href":"https:\/\/www.freeshopfrontiera.ch\/fr\/wp-json\/wp\/v2\/media\/41691"}],"wp:attachment":[{"href":"https:\/\/www.freeshopfrontiera.ch\/fr\/wp-json\/wp\/v2\/media?parent=41705"}],"wp:term":[{"taxonomy":"pwb-brand","embeddable":true,"href":"https:\/\/www.freeshopfrontiera.ch\/fr\/wp-json\/wp\/v2\/pwb-brand?post=41705"},{"taxonomy":"product_brand","embeddable":true,"href":"https:\/\/www.freeshopfrontiera.ch\/fr\/wp-json\/wp\/v2\/product_brand?post=41705"},{"taxonomy":"product_cat","embeddable":true,"href":"https:\/\/www.freeshopfrontiera.ch\/fr\/wp-json\/wp\/v2\/product_cat?post=41705"},{"taxonomy":"product_tag","embeddable":true,"href":"https:\/\/www.freeshopfrontiera.ch\/fr\/wp-json\/wp\/v2\/product_tag?post=41705"}],"curies":[{"name":"wp","href":"https:\/\/api.w.org\/{rel}","templated":true}]}}