{"id":41743,"date":"2026-01-10T11:22:42","date_gmt":"2026-01-10T11:22:42","guid":{"rendered":"https:\/\/www.freeshopfrontiera.ch\/shop\/kenzo-leau-par-kenzo-pour-homme-30ml\/"},"modified":"2026-03-30T11:36:03","modified_gmt":"2026-03-30T11:36:03","slug":"kenzo-leau-par-kenzo-pour-homme-30ml","status":"publish","type":"product","link":"https:\/\/www.freeshopfrontiera.ch\/fr\/shop\/kenzo-leau-par-kenzo-pour-homme-30ml\/","title":{"rendered":"KENZO L&rsquo;Eau par Kenzo pour Homme 30ml"},"content":{"rendered":"<p data-start=\"2459\" data-end=\"2555\"><strong data-start=\"2459\" data-end=\"2555\">KENZO L\u2019Eau par Kenzo pour Homme Eau de Toilette 30ml \u2013 Fra\u00eecheur Marine et Style Intemporel<\/strong><\/p>\n<p data-start=\"2557\" data-end=\"2846\">KENZO L\u2019Eau par Kenzo pour Homme est une fragrance masculine iconique qui incarne la puret\u00e9 de l\u2019eau et la libert\u00e9 de la nature. Ce parfum frais et raffin\u00e9 s\u2019adresse \u00e0 l\u2019homme moderne qui appr\u00e9cie un style essentiel mais distinctif, capable de transmettre \u00e9nergie et s\u00e9r\u00e9nit\u00e9 au quotidien.<\/p>\n<p data-start=\"2848\" data-end=\"3273\">Les notes de t\u00eate s\u2019ouvrent sur un m\u00e9lange d\u2019agrumes vif, o\u00f9 le yuzu, le citron et le poivre vert apportent une fra\u00eecheur imm\u00e9diate et tonifiante. Le c\u0153ur r\u00e9v\u00e8le un accord marin et aromatique enrichi de lotus et de menthe, \u00e9voquant la l\u00e9g\u00e8ret\u00e9 de l\u2019eau et la puret\u00e9 des \u00e9l\u00e9ments naturels. Les notes de fond, chaleureuses et d\u00e9licates, associent des bois clairs et du musc blanc, offrant un sillage propre, \u00e9l\u00e9gant et durable.<\/p>\n<p data-start=\"3275\" data-end=\"3519\">Parfait pour un usage quotidien, \u043e\u0441\u043e\u0431\u0435\u043d\u043d\u043e pendant les saisons chaudes, ce format 30ml est id\u00e9al pour ceux qui recherchent un parfum discret mais reconnaissable. Sa composition \u00e9quilibr\u00e9e convient aussi bien au travail qu\u2019aux moments de d\u00e9tente.<\/p>\n<p data-start=\"3521\" data-end=\"3598\" data-is-last-node=\"\" data-is-only-node=\"\">Une fragrance intemporelle qui c\u00e9l\u00e8bre l\u2019harmonie entre l\u2019homme et la nature.<\/p>\n<p>&nbsp;<\/p>\n<p>Follow us! <a href=\"https:\/\/www.instagram.com\/freeshopswiss\/\" target=\"_blank\" rel=\"noopener\">@freeshopswiss\u00a0<\/a><\/p>\n","protected":false},"excerpt":{"rendered":"<p>KENZO L\u2019Eau par Kenzo pour Homme est une fragrance masculine iconique qui incarne la puret\u00e9 de l\u2019eau et la libert\u00e9 de la nature.<\/p>\n","protected":false},"featured_media":41738,"comment_status":"open","ping_status":"closed","template":"","meta":[],"pwb-brand":[287],"product_brand":[],"product_cat":[87,89],"product_tag":[141,1629,143,97],"class_list":{"0":"post-41743","1":"product","2":"type-product","3":"status-publish","4":"has-post-thumbnail","6":"pwb-brand-kenzo","7":"product_cat-parfums","8":"product_cat-pour-lui","9":"product_tag-eau-de-toilette-fr","10":"product_tag-mens-fragrances-fr","11":"product_tag-homme","12":"product_tag-parfums","14":"first","15":"instock","16":"sale","17":"taxable","18":"shipping-taxable","19":"purchasable","20":"product-type-simple"},"brands":[{"id":287,"name":"Kenzo","slug":"kenzo"}],"_links":{"self":[{"href":"https:\/\/www.freeshopfrontiera.ch\/fr\/wp-json\/wp\/v2\/product\/41743","targetHints":{"allow":["GET"]}}],"collection":[{"href":"https:\/\/www.freeshopfrontiera.ch\/fr\/wp-json\/wp\/v2\/product"}],"about":[{"href":"https:\/\/www.freeshopfrontiera.ch\/fr\/wp-json\/wp\/v2\/types\/product"}],"replies":[{"embeddable":true,"href":"https:\/\/www.freeshopfrontiera.ch\/fr\/wp-json\/wp\/v2\/comments?post=41743"}],"version-history":[{"count":1,"href":"https:\/\/www.freeshopfrontiera.ch\/fr\/wp-json\/wp\/v2\/product\/41743\/revisions"}],"predecessor-version":[{"id":41747,"href":"https:\/\/www.freeshopfrontiera.ch\/fr\/wp-json\/wp\/v2\/product\/41743\/revisions\/41747"}],"wp:featuredmedia":[{"embeddable":true,"href":"https:\/\/www.freeshopfrontiera.ch\/fr\/wp-json\/wp\/v2\/media\/41738"}],"wp:attachment":[{"href":"https:\/\/www.freeshopfrontiera.ch\/fr\/wp-json\/wp\/v2\/media?parent=41743"}],"wp:term":[{"taxonomy":"pwb-brand","embeddable":true,"href":"https:\/\/www.freeshopfrontiera.ch\/fr\/wp-json\/wp\/v2\/pwb-brand?post=41743"},{"taxonomy":"product_brand","embeddable":true,"href":"https:\/\/www.freeshopfrontiera.ch\/fr\/wp-json\/wp\/v2\/product_brand?post=41743"},{"taxonomy":"product_cat","embeddable":true,"href":"https:\/\/www.freeshopfrontiera.ch\/fr\/wp-json\/wp\/v2\/product_cat?post=41743"},{"taxonomy":"product_tag","embeddable":true,"href":"https:\/\/www.freeshopfrontiera.ch\/fr\/wp-json\/wp\/v2\/product_tag?post=41743"}],"curies":[{"name":"wp","href":"https:\/\/api.w.org\/{rel}","templated":true}]}}