{"id":41803,"date":"2026-01-10T13:41:30","date_gmt":"2026-01-10T13:41:30","guid":{"rendered":"https:\/\/www.freeshopfrontiera.ch\/shop\/spada-rabiha-eau-de-parfum-100ml\/"},"modified":"2026-03-30T13:46:18","modified_gmt":"2026-03-30T13:46:18","slug":"spada-rabiha-eau-de-parfum-100ml","status":"publish","type":"product","link":"https:\/\/www.freeshopfrontiera.ch\/fr\/shop\/spada-rabiha-eau-de-parfum-100ml\/","title":{"rendered":"SPADA Rabiha Eau de Parfum 100ml"},"content":{"rendered":"<div class=\"flex flex-col text-sm pb-25\">\n<section class=\"text-token-text-primary w-full focus:outline-none [--shadow-height:45px] has-data-writing-block:pointer-events-none has-data-writing-block:-mt-(--shadow-height) has-data-writing-block:pt-(--shadow-height) [&amp;:has([data-writing-block])&gt;*]:pointer-events-auto scroll-mt-[calc(var(--header-height)+min(200px,max(70px,20svh)))]\" dir=\"auto\" data-turn-id=\"request-WEB:c13564c9-a613-4912-91b0-4ae7685487f7-2\" data-testid=\"conversation-turn-6\" data-scroll-anchor=\"true\" data-turn=\"assistant\">\n<div class=\"text-base my-auto mx-auto pb-10 [--thread-content-margin:var(--thread-content-margin-xs,calc(var(--spacing)*4))] @w-sm\/main:[--thread-content-margin:var(--thread-content-margin-sm,calc(var(--spacing)*6))] @w-lg\/main:[--thread-content-margin:var(--thread-content-margin-lg,calc(var(--spacing)*16))] px-(--thread-content-margin)\">\n<div class=\"[--thread-content-max-width:40rem] @w-lg\/main:[--thread-content-max-width:48rem] mx-auto max-w-(--thread-content-max-width) flex-1 group\/turn-messages focus-visible:outline-hidden relative flex w-full min-w-0 flex-col agent-turn\">\n<div class=\"flex max-w-full flex-col gap-4 grow\">\n<div class=\"min-h-8 text-message relative flex w-full flex-col items-end gap-2 text-start break-words whitespace-normal outline-none keyboard-focused:focus-ring [.text-message+&amp;]:mt-1\" dir=\"auto\" tabindex=\"0\" data-message-author-role=\"assistant\" data-message-id=\"411bdd22-2a42-43f9-8685-c6f5dc161c65\" data-message-model-slug=\"gpt-5-3\" data-turn-start-message=\"true\">\n<div class=\"flex w-full flex-col gap-1 empty:hidden\">\n<div class=\"markdown prose dark:prose-invert w-full wrap-break-word light markdown-new-styling\">\n<div class=\"flex flex-col text-sm pb-25\">\n<section class=\"text-token-text-primary w-full focus:outline-none [--shadow-height:45px] has-data-writing-block:pointer-events-none has-data-writing-block:-mt-(--shadow-height) has-data-writing-block:pt-(--shadow-height) [&amp;:has([data-writing-block])&gt;*]:pointer-events-auto scroll-mt-[calc(var(--header-height)+min(200px,max(70px,20svh)))]\" dir=\"auto\" data-turn-id=\"request-WEB:c13564c9-a613-4912-91b0-4ae7685487f7-3\" data-testid=\"conversation-turn-8\" data-scroll-anchor=\"true\" data-turn=\"assistant\">\n<div class=\"text-base my-auto mx-auto pb-10 [--thread-content-margin:var(--thread-content-margin-xs,calc(var(--spacing)*4))] @w-sm\/main:[--thread-content-margin:var(--thread-content-margin-sm,calc(var(--spacing)*6))] @w-lg\/main:[--thread-content-margin:var(--thread-content-margin-lg,calc(var(--spacing)*16))] px-(--thread-content-margin)\">\n<div class=\"[--thread-content-max-width:40rem] @w-lg\/main:[--thread-content-max-width:48rem] mx-auto max-w-(--thread-content-max-width) flex-1 group\/turn-messages focus-visible:outline-hidden relative flex w-full min-w-0 flex-col agent-turn\">\n<div class=\"flex max-w-full flex-col gap-4 grow\">\n<div class=\"min-h-8 text-message relative flex w-full flex-col items-end gap-2 text-start break-words whitespace-normal outline-none keyboard-focused:focus-ring [.text-message+&amp;]:mt-1\" dir=\"auto\" tabindex=\"0\" data-message-author-role=\"assistant\" data-message-id=\"dce4f73d-eac7-435b-ade2-8b47446f5131\" data-message-model-slug=\"gpt-5-3\" data-turn-start-message=\"true\">\n<div class=\"flex w-full flex-col gap-1 empty:hidden\">\n<div class=\"markdown prose dark:prose-invert w-full wrap-break-word light markdown-new-styling\">\n<p data-start=\"2287\" data-end=\"2359\"><strong data-start=\"2287\" data-end=\"2359\">SPADA Rabiha Eau de Parfum 100ml \u2013 Parfum f\u00e9minin \u00e9l\u00e9gant et sensuel<\/strong><\/p>\n<p data-start=\"2361\" data-end=\"2658\">SPADA Rabiha Eau de Parfum est une fragrance raffin\u00e9e et enveloppante, con\u00e7ue pour la femme qui souhaite exprimer \u00e9l\u00e9gance, f\u00e9minit\u00e9 et charme irr\u00e9sistible. Ce parfum se distingue par son caract\u00e8re sophistiqu\u00e9 et moderne, id\u00e9al pour sublimer chaque moment de la journ\u00e9e avec style et personnalit\u00e9.<\/p>\n<p data-start=\"2660\" data-end=\"3045\">L\u2019ouverture est lumineuse et d\u00e9licatement fruit\u00e9e, avec des notes de t\u00eate fra\u00eeches et s\u00e9duisantes qui captivent imm\u00e9diatement les sens. Le c\u0153ur d\u00e9voile un bouquet floral \u00e9l\u00e9gant et harmonieux, mettant en valeur la gr\u00e2ce et la douceur f\u00e9minine. Les notes de fond, chaudes et sensuelles, reposent sur des accords ambr\u00e9s et musqu\u00e9s, apportant profondeur et tenue longue dur\u00e9e sur la peau.<\/p>\n<p data-start=\"3047\" data-end=\"3355\" data-is-last-node=\"\" data-is-only-node=\"\">SPADA Rabiha est le choix parfait pour celles qui aiment se distinguer avec discr\u00e9tion et classe. Polyvalent et s\u00e9duisant, il convient aussi bien \u00e0 un usage quotidien qu\u2019aux occasions sp\u00e9ciales, laissant un sillage d\u00e9licat mais inoubliable. Son style sophistiqu\u00e9 en fait \u00e9galement une excellente id\u00e9e cadeau.<\/p>\n<\/div>\n<\/div>\n<\/div>\n<\/div>\n<\/div>\n<\/div>\n<\/section>\n<\/div>\n<\/div>\n<\/div>\n<\/div>\n<\/div>\n<div class=\"z-0 flex min-h-[46px] justify-start\"><\/div>\n<div class=\"mt-3 w-full empty:hidden\">\n<div class=\"text-center\"><\/div>\n<\/div>\n<\/div>\n<\/div>\n<\/section>\n<\/div>\n<div class=\"pointer-events-none h-px w-px absolute bottom-0\" aria-hidden=\"true\" data-edge=\"true\">Follow us! <a href=\"https:\/\/www.instagram.com\/freeshopswiss\/\" target=\"_blank\" rel=\"noopener\">@freeshopswiss\u00a0<\/a><\/div>\n","protected":false},"excerpt":{"rendered":"<p data-start=\"80\" data-end=\"389\">SPADA Rabiha Eau de Parfum est une fragrance raffin\u00e9e et enveloppante, con\u00e7ue pour la femme qui souhaite exprimer \u00e9l\u00e9gance, f\u00e9minit\u00e9 et charme irr\u00e9sistible.<\/p>\n","protected":false},"featured_media":41798,"comment_status":"open","ping_status":"closed","template":"","meta":[],"pwb-brand":[914],"product_brand":[],"product_cat":[138,87,109,4195],"product_tag":[252,296,789,97],"class_list":{"0":"post-41803","1":"product","2":"type-product","3":"status-publish","4":"has-post-thumbnail","6":"pwb-brand-spada","7":"product_cat-offre","8":"product_cat-parfums","9":"product_cat-pour-elle","10":"product_cat-parfums-offer","11":"product_tag-eau-de-parfum-fr","12":"product_tag-femme","13":"product_tag-womens-fragrances-fr","14":"product_tag-parfums","16":"first","17":"instock","18":"sale","19":"taxable","20":"shipping-taxable","21":"purchasable","22":"product-type-simple"},"brands":[{"id":914,"name":"Spada","slug":"spada"}],"_links":{"self":[{"href":"https:\/\/www.freeshopfrontiera.ch\/fr\/wp-json\/wp\/v2\/product\/41803","targetHints":{"allow":["GET"]}}],"collection":[{"href":"https:\/\/www.freeshopfrontiera.ch\/fr\/wp-json\/wp\/v2\/product"}],"about":[{"href":"https:\/\/www.freeshopfrontiera.ch\/fr\/wp-json\/wp\/v2\/types\/product"}],"replies":[{"embeddable":true,"href":"https:\/\/www.freeshopfrontiera.ch\/fr\/wp-json\/wp\/v2\/comments?post=41803"}],"version-history":[{"count":1,"href":"https:\/\/www.freeshopfrontiera.ch\/fr\/wp-json\/wp\/v2\/product\/41803\/revisions"}],"predecessor-version":[{"id":41807,"href":"https:\/\/www.freeshopfrontiera.ch\/fr\/wp-json\/wp\/v2\/product\/41803\/revisions\/41807"}],"wp:featuredmedia":[{"embeddable":true,"href":"https:\/\/www.freeshopfrontiera.ch\/fr\/wp-json\/wp\/v2\/media\/41798"}],"wp:attachment":[{"href":"https:\/\/www.freeshopfrontiera.ch\/fr\/wp-json\/wp\/v2\/media?parent=41803"}],"wp:term":[{"taxonomy":"pwb-brand","embeddable":true,"href":"https:\/\/www.freeshopfrontiera.ch\/fr\/wp-json\/wp\/v2\/pwb-brand?post=41803"},{"taxonomy":"product_brand","embeddable":true,"href":"https:\/\/www.freeshopfrontiera.ch\/fr\/wp-json\/wp\/v2\/product_brand?post=41803"},{"taxonomy":"product_cat","embeddable":true,"href":"https:\/\/www.freeshopfrontiera.ch\/fr\/wp-json\/wp\/v2\/product_cat?post=41803"},{"taxonomy":"product_tag","embeddable":true,"href":"https:\/\/www.freeshopfrontiera.ch\/fr\/wp-json\/wp\/v2\/product_tag?post=41803"}],"curies":[{"name":"wp","href":"https:\/\/api.w.org\/{rel}","templated":true}]}}