{"id":41817,"date":"2026-01-10T13:55:04","date_gmt":"2026-01-10T13:55:04","guid":{"rendered":"https:\/\/www.freeshopfrontiera.ch\/shop\/spada-hush-eau-de-parfum-100ml\/"},"modified":"2026-03-30T14:06:49","modified_gmt":"2026-03-30T14:06:49","slug":"spada-hush-eau-de-parfum-100ml","status":"publish","type":"product","link":"https:\/\/www.freeshopfrontiera.ch\/fr\/shop\/spada-hush-eau-de-parfum-100ml\/","title":{"rendered":"SPADA Hush Eau de Parfum 100ml"},"content":{"rendered":"<div class=\"flex flex-col text-sm pb-25\">\n<section class=\"text-token-text-primary w-full focus:outline-none [--shadow-height:45px] has-data-writing-block:pointer-events-none has-data-writing-block:-mt-(--shadow-height) has-data-writing-block:pt-(--shadow-height) [&amp;:has([data-writing-block])&gt;*]:pointer-events-auto scroll-mt-[calc(var(--header-height)+min(200px,max(70px,20svh)))]\" dir=\"auto\" data-turn-id=\"request-WEB:c13564c9-a613-4912-91b0-4ae7685487f7-5\" data-testid=\"conversation-turn-12\" data-scroll-anchor=\"true\" data-turn=\"assistant\">\n<div class=\"text-base my-auto mx-auto pb-10 [--thread-content-margin:var(--thread-content-margin-xs,calc(var(--spacing)*4))] @w-sm\/main:[--thread-content-margin:var(--thread-content-margin-sm,calc(var(--spacing)*6))] @w-lg\/main:[--thread-content-margin:var(--thread-content-margin-lg,calc(var(--spacing)*16))] px-(--thread-content-margin)\">\n<div class=\"[--thread-content-max-width:40rem] @w-lg\/main:[--thread-content-max-width:48rem] mx-auto max-w-(--thread-content-max-width) flex-1 group\/turn-messages focus-visible:outline-hidden relative flex w-full min-w-0 flex-col agent-turn\">\n<div class=\"flex max-w-full flex-col gap-4 grow\">\n<div class=\"min-h-8 text-message relative flex w-full flex-col items-end gap-2 text-start break-words whitespace-normal outline-none keyboard-focused:focus-ring [.text-message+&amp;]:mt-1\" dir=\"auto\" tabindex=\"0\" data-message-author-role=\"assistant\" data-message-id=\"ed8c3948-39ae-43cd-8a6f-610f9f49885c\" data-message-model-slug=\"gpt-5-3\" data-turn-start-message=\"true\">\n<div class=\"flex w-full flex-col gap-1 empty:hidden\">\n<div class=\"markdown prose dark:prose-invert w-full wrap-break-word light markdown-new-styling\">\n<p data-start=\"2331\" data-end=\"2406\"><strong data-start=\"2331\" data-end=\"2406\">SPADA Hush Eau de Parfum 100ml \u2013 Parfum f\u00e9minin myst\u00e9rieux et s\u00e9duisant<\/strong><\/p>\n<p data-start=\"2408\" data-end=\"2711\">SPADA Hush Eau de Parfum est une fragrance sophistiqu\u00e9e et enveloppante, con\u00e7ue pour la femme qui aime le charme discret et l\u2019\u00e9l\u00e9gance intemporelle. Ce parfum exprime une sensualit\u00e9 d\u00e9licate mais intense, id\u00e9ale pour celles qui souhaitent laisser une empreinte raffin\u00e9e et myst\u00e9rieuse en toute occasion.<\/p>\n<p data-start=\"2713\" data-end=\"3107\">L\u2019ouverture se distingue par des notes de t\u00eate fra\u00eeches et l\u00e9g\u00e8res, accompagn\u00e9es d\u2019accents fruit\u00e9s et lumineux qui caressent d\u00e9licatement les sens. Le c\u0153ur r\u00e9v\u00e8le un bouquet floral \u00e9l\u00e9gant et velout\u00e9, symbole de f\u00e9minit\u00e9 et d\u2019harmonie. Les notes de fond d\u00e9voilent une base chaude et persistante, compos\u00e9e de musc, de vanille et de bois pr\u00e9cieux, apportant profondeur et un sillage irr\u00e9sistible.<\/p>\n<p data-start=\"3109\" data-end=\"3493\" data-is-last-node=\"\" data-is-only-node=\"\">SPADA Hush est le parfum id\u00e9al pour la femme moderne qui souhaite se distinguer avec classe et discr\u00e9tion. Parfait pour le jour comme pour le soir, il s\u2019adapte \u00e0 toutes les saisons et occasions, sublimant chaque instant avec \u00e9l\u00e9gance. Son style raffin\u00e9 en fait \u00e9galement une excellente id\u00e9e cadeau, s\u00e9duisant d\u00e8s la premi\u00e8re utilisation gr\u00e2ce \u00e0 son caract\u00e8re enveloppant et captivant.<\/p>\n<\/div>\n<\/div>\n<\/div>\n<\/div>\n<div class=\"z-0 flex min-h-[46px] justify-start\"><\/div>\n<\/div>\n<\/div>\n<\/section>\n<\/div>\n<p data-start=\"797\" data-end=\"1209\" data-is-last-node=\"\" data-is-only-node=\"\">Follow us! <a href=\"https:\/\/www.instagram.com\/freeshopswiss\/\" target=\"_blank\" rel=\"noopener\">@freeshopswiss\u00a0<\/a><\/p>\n","protected":false},"excerpt":{"rendered":"<p>SPADA Hush Eau de Parfum est une fragrance sophistiqu\u00e9e et enveloppante, con\u00e7ue pour la femme qui aime le charme discret et l\u2019\u00e9l\u00e9gance intemporelle.<\/p>\n","protected":false},"featured_media":41811,"comment_status":"open","ping_status":"closed","template":"","meta":[],"pwb-brand":[914],"product_brand":[],"product_cat":[87,109,4195],"product_tag":[252,296,789,97],"class_list":{"0":"post-41817","1":"product","2":"type-product","3":"status-publish","4":"has-post-thumbnail","6":"pwb-brand-spada","7":"product_cat-parfums","8":"product_cat-pour-elle","9":"product_cat-parfums-offer","10":"product_tag-eau-de-parfum-fr","11":"product_tag-femme","12":"product_tag-womens-fragrances-fr","13":"product_tag-parfums","15":"first","16":"instock","17":"sale","18":"taxable","19":"shipping-taxable","20":"purchasable","21":"product-type-simple"},"brands":[{"id":914,"name":"Spada","slug":"spada"}],"_links":{"self":[{"href":"https:\/\/www.freeshopfrontiera.ch\/fr\/wp-json\/wp\/v2\/product\/41817","targetHints":{"allow":["GET"]}}],"collection":[{"href":"https:\/\/www.freeshopfrontiera.ch\/fr\/wp-json\/wp\/v2\/product"}],"about":[{"href":"https:\/\/www.freeshopfrontiera.ch\/fr\/wp-json\/wp\/v2\/types\/product"}],"replies":[{"embeddable":true,"href":"https:\/\/www.freeshopfrontiera.ch\/fr\/wp-json\/wp\/v2\/comments?post=41817"}],"version-history":[{"count":1,"href":"https:\/\/www.freeshopfrontiera.ch\/fr\/wp-json\/wp\/v2\/product\/41817\/revisions"}],"predecessor-version":[{"id":41821,"href":"https:\/\/www.freeshopfrontiera.ch\/fr\/wp-json\/wp\/v2\/product\/41817\/revisions\/41821"}],"wp:featuredmedia":[{"embeddable":true,"href":"https:\/\/www.freeshopfrontiera.ch\/fr\/wp-json\/wp\/v2\/media\/41811"}],"wp:attachment":[{"href":"https:\/\/www.freeshopfrontiera.ch\/fr\/wp-json\/wp\/v2\/media?parent=41817"}],"wp:term":[{"taxonomy":"pwb-brand","embeddable":true,"href":"https:\/\/www.freeshopfrontiera.ch\/fr\/wp-json\/wp\/v2\/pwb-brand?post=41817"},{"taxonomy":"product_brand","embeddable":true,"href":"https:\/\/www.freeshopfrontiera.ch\/fr\/wp-json\/wp\/v2\/product_brand?post=41817"},{"taxonomy":"product_cat","embeddable":true,"href":"https:\/\/www.freeshopfrontiera.ch\/fr\/wp-json\/wp\/v2\/product_cat?post=41817"},{"taxonomy":"product_tag","embeddable":true,"href":"https:\/\/www.freeshopfrontiera.ch\/fr\/wp-json\/wp\/v2\/product_tag?post=41817"}],"curies":[{"name":"wp","href":"https:\/\/api.w.org\/{rel}","templated":true}]}}