{"id":41831,"date":"2026-01-10T14:17:42","date_gmt":"2026-01-10T14:17:42","guid":{"rendered":"https:\/\/www.freeshopfrontiera.ch\/shop\/spada-defy-eau-de-parfum-100ml\/"},"modified":"2026-03-30T14:28:43","modified_gmt":"2026-03-30T14:28:43","slug":"spada-defy-eau-de-parfum-100ml","status":"publish","type":"product","link":"https:\/\/www.freeshopfrontiera.ch\/fr\/shop\/spada-defy-eau-de-parfum-100ml\/","title":{"rendered":"SPADA Defy Eau de Parfum 100ml"},"content":{"rendered":"<div class=\"flex flex-col text-sm\">\n<section class=\"text-token-text-primary w-full focus:outline-none [--shadow-height:45px] has-data-writing-block:pointer-events-none has-data-writing-block:-mt-(--shadow-height) has-data-writing-block:pt-(--shadow-height) [&amp;:has([data-writing-block])&gt;*]:pointer-events-auto scroll-mt-[calc(var(--header-height)+min(200px,max(70px,20svh)))]\" dir=\"auto\" data-turn-id=\"request-WEB:c13564c9-a613-4912-91b0-4ae7685487f7-7\" data-testid=\"conversation-turn-16\" data-scroll-anchor=\"true\" data-turn=\"assistant\">\n<div class=\"text-base my-auto mx-auto pb-10 [--thread-content-margin:var(--thread-content-margin-xs,calc(var(--spacing)*4))] @w-sm\/main:[--thread-content-margin:var(--thread-content-margin-sm,calc(var(--spacing)*6))] @w-lg\/main:[--thread-content-margin:var(--thread-content-margin-lg,calc(var(--spacing)*16))] px-(--thread-content-margin)\">\n<div class=\"[--thread-content-max-width:40rem] @w-lg\/main:[--thread-content-max-width:48rem] mx-auto max-w-(--thread-content-max-width) flex-1 group\/turn-messages focus-visible:outline-hidden relative flex w-full min-w-0 flex-col agent-turn\">\n<div class=\"flex max-w-full flex-col gap-4 grow\">\n<div class=\"min-h-8 text-message relative flex w-full flex-col items-end gap-2 text-start break-words whitespace-normal outline-none keyboard-focused:focus-ring [.text-message+&amp;]:mt-1\" dir=\"auto\" tabindex=\"0\" data-message-author-role=\"assistant\" data-message-id=\"d47e2d20-0adf-413b-926e-51bedbbc1612\" data-message-model-slug=\"gpt-5-3\" data-turn-start-message=\"true\">\n<div class=\"flex w-full flex-col gap-1 empty:hidden\">\n<div class=\"markdown prose dark:prose-invert w-full wrap-break-word light markdown-new-styling\">\n<p data-start=\"2410\" data-end=\"2480\"><strong data-start=\"2410\" data-end=\"2480\">SPADA Defy Eau de Parfum 100ml \u2013 Parfum homme intense et d\u00e9termin\u00e9<\/strong><\/p>\n<p data-start=\"2482\" data-end=\"2799\">SPADA Defy Eau de Parfum est une fragrance masculine audacieuse et contemporaine, con\u00e7ue pour l\u2019homme qui aime repousser les limites et affirmer sa personnalit\u00e9 avec assurance. Ce parfum incarne la force, l\u2019\u00e9nergie et l\u2019esprit ind\u00e9pendant, id\u00e9al pour ceux qui souhaitent se d\u00e9marquer avec un style affirm\u00e9 et moderne.<\/p>\n<p data-start=\"2801\" data-end=\"3204\">L\u2019ouverture est fra\u00eeche et dynamique, avec des notes de t\u00eate hesp\u00e9rid\u00e9es et \u00e9pic\u00e9es qui apportent une sensation \u00e9nergisante et vibrante. Le c\u0153ur \u00e9volue vers un accord aromatique \u00e9l\u00e9gant, enrichi de nuances herbac\u00e9es et bois\u00e9es, exprimant \u00e9quilibre et raffinement. Les notes de fond offrent un sillage intense et durable gr\u00e2ce \u00e0 des bois chauds, de l\u2019ambre et du musc, apportant profondeur et sensualit\u00e9.<\/p>\n<p data-start=\"3206\" data-end=\"3546\" data-is-last-node=\"\" data-is-only-node=\"\">SPADA Defy est le choix id\u00e9al pour l\u2019homme confiant, d\u00e9termin\u00e9 et charismatique, qui affronte chaque journ\u00e9e avec assurance. Polyvalent et moderne, il convient aussi bien \u00e0 un usage quotidien qu\u2019aux occasions sp\u00e9ciales, laissant toujours une impression forte et m\u00e9morable. Son caract\u00e8re affirm\u00e9 en fait \u00e9galement une excellente id\u00e9e cadeau.<\/p>\n<\/div>\n<\/div>\n<\/div>\n<\/div>\n<div class=\"z-0 flex min-h-[46px] justify-start\"><\/div>\n<\/div>\n<\/div>\n<\/section>\n<\/div>\n<p data-start=\"830\" data-end=\"1241\" data-is-last-node=\"\" data-is-only-node=\"\">Follow us! <a href=\"https:\/\/www.instagram.com\/freeshopswiss\/\" target=\"_blank\" rel=\"noopener\">@freeshopswiss\u00a0<\/a><\/p>\n","protected":false},"excerpt":{"rendered":"<p>SPADA Defy Eau de Parfum est une fragrance masculine audacieuse et contemporaine, con\u00e7ue pour l\u2019homme qui aime repousser les limites et affirmer sa personnalit\u00e9 avec assurance.<\/p>\n","protected":false},"featured_media":41826,"comment_status":"open","ping_status":"closed","template":"","meta":[],"pwb-brand":[914],"product_brand":[],"product_cat":[87,89,4195],"product_tag":[252,296,789,97],"class_list":{"0":"post-41831","1":"product","2":"type-product","3":"status-publish","4":"has-post-thumbnail","6":"pwb-brand-spada","7":"product_cat-parfums","8":"product_cat-pour-lui","9":"product_cat-parfums-offer","10":"product_tag-eau-de-parfum-fr","11":"product_tag-femme","12":"product_tag-womens-fragrances-fr","13":"product_tag-parfums","15":"first","16":"instock","17":"sale","18":"taxable","19":"shipping-taxable","20":"purchasable","21":"product-type-simple"},"brands":[{"id":914,"name":"Spada","slug":"spada"}],"_links":{"self":[{"href":"https:\/\/www.freeshopfrontiera.ch\/fr\/wp-json\/wp\/v2\/product\/41831","targetHints":{"allow":["GET"]}}],"collection":[{"href":"https:\/\/www.freeshopfrontiera.ch\/fr\/wp-json\/wp\/v2\/product"}],"about":[{"href":"https:\/\/www.freeshopfrontiera.ch\/fr\/wp-json\/wp\/v2\/types\/product"}],"replies":[{"embeddable":true,"href":"https:\/\/www.freeshopfrontiera.ch\/fr\/wp-json\/wp\/v2\/comments?post=41831"}],"version-history":[{"count":1,"href":"https:\/\/www.freeshopfrontiera.ch\/fr\/wp-json\/wp\/v2\/product\/41831\/revisions"}],"predecessor-version":[{"id":41836,"href":"https:\/\/www.freeshopfrontiera.ch\/fr\/wp-json\/wp\/v2\/product\/41831\/revisions\/41836"}],"wp:featuredmedia":[{"embeddable":true,"href":"https:\/\/www.freeshopfrontiera.ch\/fr\/wp-json\/wp\/v2\/media\/41826"}],"wp:attachment":[{"href":"https:\/\/www.freeshopfrontiera.ch\/fr\/wp-json\/wp\/v2\/media?parent=41831"}],"wp:term":[{"taxonomy":"pwb-brand","embeddable":true,"href":"https:\/\/www.freeshopfrontiera.ch\/fr\/wp-json\/wp\/v2\/pwb-brand?post=41831"},{"taxonomy":"product_brand","embeddable":true,"href":"https:\/\/www.freeshopfrontiera.ch\/fr\/wp-json\/wp\/v2\/product_brand?post=41831"},{"taxonomy":"product_cat","embeddable":true,"href":"https:\/\/www.freeshopfrontiera.ch\/fr\/wp-json\/wp\/v2\/product_cat?post=41831"},{"taxonomy":"product_tag","embeddable":true,"href":"https:\/\/www.freeshopfrontiera.ch\/fr\/wp-json\/wp\/v2\/product_tag?post=41831"}],"curies":[{"name":"wp","href":"https:\/\/api.w.org\/{rel}","templated":true}]}}