{"id":41845,"date":"2026-01-10T07:24:59","date_gmt":"2026-01-10T07:24:59","guid":{"rendered":"https:\/\/www.freeshopfrontiera.ch\/shop\/spada-green-epic-eau-de-parfum-100ml\/"},"modified":"2026-03-31T07:29:18","modified_gmt":"2026-03-31T07:29:18","slug":"spada-green-epic-eau-de-parfum-100ml","status":"publish","type":"product","link":"https:\/\/www.freeshopfrontiera.ch\/fr\/shop\/spada-green-epic-eau-de-parfum-100ml\/","title":{"rendered":"SPADA Green Epic Eau de Parfum 100ml"},"content":{"rendered":"<p data-start=\"2521\" data-end=\"2598\"><strong data-start=\"2521\" data-end=\"2598\">SPADA Green Epic Eau de Parfum 100ml \u2013 Parfum intense, \u00e9l\u00e9gant et naturel<\/strong><\/p>\n<p data-start=\"2600\" data-end=\"2930\">SPADA Green Epic Eau de Parfum 100ml est une fragrance sophistiqu\u00e9e et enveloppante, con\u00e7ue pour ceux qui souhaitent se d\u00e9marquer avec un style authentique et raffin\u00e9. Ce parfum associe fra\u00eecheur et profondeur dans une composition olfactive harmonieuse, id\u00e9ale pour sublimer chaque moment de la journ\u00e9e avec caract\u00e8re et \u00e9l\u00e9gance.<\/p>\n<p data-start=\"2932\" data-end=\"3342\">L\u2019ouverture est lumineuse et vibrante, gr\u00e2ce \u00e0 des notes de t\u00eate agrum\u00e9es et vertes qui procurent imm\u00e9diatement une sensation d\u2019\u00e9nergie et de fra\u00eecheur naturelle. Le c\u0153ur r\u00e9v\u00e8le des accords aromatiques et \u00e9pic\u00e9s, apportant structure et personnalit\u00e9, pour un parfum moderne et captivant. Le fond est chaud et persistant, avec des notes bois\u00e9es et ambr\u00e9es qui enveloppent la peau d\u2019un sillage intense et sensuel.<\/p>\n<p data-start=\"3344\" data-end=\"3659\">Green Epic se distingue par son \u00e9quilibre parfait entre fra\u00eecheur et profondeur, ce qui le rend id\u00e9al aussi bien pour un usage quotidien que pour des occasions sp\u00e9ciales. Sa tenue longue dur\u00e9e et sa projection \u00e9l\u00e9gante en font un choix parfait pour ceux qui recherchent un parfum \u00e0 la fois polyvalent et distinctif.<\/p>\n<p data-start=\"3661\" data-end=\"3817\" data-is-last-node=\"\" data-is-only-node=\"\">Parfait pour les hommes dynamiques et confiants, SPADA Green Epic offre une exp\u00e9rience olfactive unique, symbole de force, de style et d\u2019\u00e9l\u00e9gance naturelle.<\/p>\n<p data-start=\"1099\" data-end=\"1257\" data-is-last-node=\"\" data-is-only-node=\"\">Follow us! <a href=\"https:\/\/www.instagram.com\/freeshopswiss\/\" target=\"_blank\" rel=\"noopener\">@freeshopswiss\u00a0<\/a><\/p>\n","protected":false},"excerpt":{"rendered":"<p>SPADA Green Epic Eau de Parfum 100ml est une fragrance sophistiqu\u00e9e et enveloppante, con\u00e7ue pour ceux qui souhaitent se d\u00e9marquer avec un style authentique et raffin\u00e9.<\/p>\n","protected":false},"featured_media":41840,"comment_status":"open","ping_status":"closed","template":"","meta":[],"pwb-brand":[914],"product_brand":[],"product_cat":[87,89],"product_tag":[252,1629,143,97],"class_list":{"0":"post-41845","1":"product","2":"type-product","3":"status-publish","4":"has-post-thumbnail","6":"pwb-brand-spada","7":"product_cat-parfums","8":"product_cat-pour-lui","9":"product_tag-eau-de-parfum-fr","10":"product_tag-mens-fragrances-fr","11":"product_tag-homme","12":"product_tag-parfums","14":"first","15":"instock","16":"sale","17":"taxable","18":"shipping-taxable","19":"purchasable","20":"product-type-simple"},"brands":[{"id":914,"name":"Spada","slug":"spada"}],"_links":{"self":[{"href":"https:\/\/www.freeshopfrontiera.ch\/fr\/wp-json\/wp\/v2\/product\/41845","targetHints":{"allow":["GET"]}}],"collection":[{"href":"https:\/\/www.freeshopfrontiera.ch\/fr\/wp-json\/wp\/v2\/product"}],"about":[{"href":"https:\/\/www.freeshopfrontiera.ch\/fr\/wp-json\/wp\/v2\/types\/product"}],"replies":[{"embeddable":true,"href":"https:\/\/www.freeshopfrontiera.ch\/fr\/wp-json\/wp\/v2\/comments?post=41845"}],"version-history":[{"count":1,"href":"https:\/\/www.freeshopfrontiera.ch\/fr\/wp-json\/wp\/v2\/product\/41845\/revisions"}],"predecessor-version":[{"id":41850,"href":"https:\/\/www.freeshopfrontiera.ch\/fr\/wp-json\/wp\/v2\/product\/41845\/revisions\/41850"}],"wp:featuredmedia":[{"embeddable":true,"href":"https:\/\/www.freeshopfrontiera.ch\/fr\/wp-json\/wp\/v2\/media\/41840"}],"wp:attachment":[{"href":"https:\/\/www.freeshopfrontiera.ch\/fr\/wp-json\/wp\/v2\/media?parent=41845"}],"wp:term":[{"taxonomy":"pwb-brand","embeddable":true,"href":"https:\/\/www.freeshopfrontiera.ch\/fr\/wp-json\/wp\/v2\/pwb-brand?post=41845"},{"taxonomy":"product_brand","embeddable":true,"href":"https:\/\/www.freeshopfrontiera.ch\/fr\/wp-json\/wp\/v2\/product_brand?post=41845"},{"taxonomy":"product_cat","embeddable":true,"href":"https:\/\/www.freeshopfrontiera.ch\/fr\/wp-json\/wp\/v2\/product_cat?post=41845"},{"taxonomy":"product_tag","embeddable":true,"href":"https:\/\/www.freeshopfrontiera.ch\/fr\/wp-json\/wp\/v2\/product_tag?post=41845"}],"curies":[{"name":"wp","href":"https:\/\/api.w.org\/{rel}","templated":true}]}}