{"id":41896,"date":"2026-01-10T08:37:59","date_gmt":"2026-01-10T08:37:59","guid":{"rendered":"https:\/\/www.freeshopfrontiera.ch\/shop\/lattafa-mayar-cherry-intense-eau-de-parfum-100ml\/"},"modified":"2026-03-31T08:43:34","modified_gmt":"2026-03-31T08:43:34","slug":"lattafa-mayar-cherry-intense-eau-de-parfum-100ml","status":"publish","type":"product","link":"https:\/\/www.freeshopfrontiera.ch\/fr\/shop\/lattafa-mayar-cherry-intense-eau-de-parfum-100ml\/","title":{"rendered":"LATTAFA Mayar Cherry Intense  Eau de Parfum 100ml"},"content":{"rendered":"<p data-start=\"2633\" data-end=\"2719\"><strong data-start=\"2633\" data-end=\"2719\">Lattafa Mayar Cherry Intense Eau de Parfum 100ml \u2013 Parfum sucr\u00e9, fruit\u00e9 et sensuel<\/strong><\/p>\n<p data-start=\"2721\" data-end=\"3033\">Lattafa Mayar Cherry Intense Eau de Parfum 100ml est une fragrance s\u00e9duisante et irr\u00e9sistible, con\u00e7ue pour ceux qui appr\u00e9cient les parfums fruit\u00e9s et intenses avec une touche gourmande. Cette composition moderne et captivante allie douceur et caract\u00e8re, parfaite pour laisser un sillage m\u00e9morable et sophistiqu\u00e9.<\/p>\n<p data-start=\"3035\" data-end=\"3448\">L\u2019ouverture est vive et juteuse, domin\u00e9e par des notes de cerise m\u00fbre qui offrent imm\u00e9diatement une sensation sucr\u00e9e et enveloppante. Le c\u0153ur r\u00e9v\u00e8le des nuances florales et l\u00e9g\u00e8rement \u00e9pic\u00e9es, apportant \u00e9l\u00e9gance et profondeur tout en \u00e9quilibrant parfaitement la douceur initiale. Le fond est chaud et sensuel, avec des notes de vanille, d\u2019ambre et des accords bois\u00e9s qui cr\u00e9ent un sillage durable et irr\u00e9sistible.<\/p>\n<p data-start=\"3450\" data-end=\"3760\">Mayar Cherry Intense se distingue par son caract\u00e8re intense et f\u00e9minin, id\u00e9al pour les saisons plus fra\u00eeches, les soir\u00e9es sp\u00e9ciales ou pour ceux qui souhaitent un parfum qui attire l\u2019attention. Sa longue tenue et sa projection enveloppante en font un choix parfait pour les amateurs de fragrances distinctives.<\/p>\n<p data-start=\"3762\" data-end=\"3949\" data-is-last-node=\"\" data-is-only-node=\"\">Adapt\u00e9 aux amateurs de parfums sucr\u00e9s et fruit\u00e9s, Lattafa Mayar Cherry Intense offre une exp\u00e9rience olfactive audacieuse et raffin\u00e9e, symbole de sensualit\u00e9, d\u2019\u00e9l\u00e9gance et de personnalit\u00e9.<\/p>\n<p data-start=\"1109\" data-end=\"1297\" data-is-last-node=\"\" data-is-only-node=\"\">Follow us! <a href=\"https:\/\/www.instagram.com\/freeshopswiss\/\" target=\"_blank\" rel=\"noopener\">@freeshopswiss\u00a0<\/a><\/p>\n","protected":false},"excerpt":{"rendered":"<p>Lattafa Mayar Cherry Intense Eau de Parfum 100ml est une fragrance s\u00e9duisante et irr\u00e9sistible, con\u00e7ue pour ceux qui appr\u00e9cient les parfums fruit\u00e9s et intenses avec une touche gourmande.<\/p>\n","protected":false},"featured_media":41891,"comment_status":"open","ping_status":"closed","template":"","meta":[],"pwb-brand":[772],"product_brand":[],"product_cat":[87,109],"product_tag":[252,296,789,97],"class_list":{"0":"post-41896","1":"product","2":"type-product","3":"status-publish","4":"has-post-thumbnail","6":"pwb-brand-lattafa","7":"product_cat-parfums","8":"product_cat-pour-elle","9":"product_tag-eau-de-parfum-fr","10":"product_tag-femme","11":"product_tag-womens-fragrances-fr","12":"product_tag-parfums","14":"first","15":"instock","16":"sale","17":"taxable","18":"shipping-taxable","19":"purchasable","20":"product-type-simple"},"brands":[{"id":772,"name":"Lattafa","slug":"lattafa"}],"_links":{"self":[{"href":"https:\/\/www.freeshopfrontiera.ch\/fr\/wp-json\/wp\/v2\/product\/41896","targetHints":{"allow":["GET"]}}],"collection":[{"href":"https:\/\/www.freeshopfrontiera.ch\/fr\/wp-json\/wp\/v2\/product"}],"about":[{"href":"https:\/\/www.freeshopfrontiera.ch\/fr\/wp-json\/wp\/v2\/types\/product"}],"replies":[{"embeddable":true,"href":"https:\/\/www.freeshopfrontiera.ch\/fr\/wp-json\/wp\/v2\/comments?post=41896"}],"version-history":[{"count":2,"href":"https:\/\/www.freeshopfrontiera.ch\/fr\/wp-json\/wp\/v2\/product\/41896\/revisions"}],"predecessor-version":[{"id":41902,"href":"https:\/\/www.freeshopfrontiera.ch\/fr\/wp-json\/wp\/v2\/product\/41896\/revisions\/41902"}],"wp:featuredmedia":[{"embeddable":true,"href":"https:\/\/www.freeshopfrontiera.ch\/fr\/wp-json\/wp\/v2\/media\/41891"}],"wp:attachment":[{"href":"https:\/\/www.freeshopfrontiera.ch\/fr\/wp-json\/wp\/v2\/media?parent=41896"}],"wp:term":[{"taxonomy":"pwb-brand","embeddable":true,"href":"https:\/\/www.freeshopfrontiera.ch\/fr\/wp-json\/wp\/v2\/pwb-brand?post=41896"},{"taxonomy":"product_brand","embeddable":true,"href":"https:\/\/www.freeshopfrontiera.ch\/fr\/wp-json\/wp\/v2\/product_brand?post=41896"},{"taxonomy":"product_cat","embeddable":true,"href":"https:\/\/www.freeshopfrontiera.ch\/fr\/wp-json\/wp\/v2\/product_cat?post=41896"},{"taxonomy":"product_tag","embeddable":true,"href":"https:\/\/www.freeshopfrontiera.ch\/fr\/wp-json\/wp\/v2\/product_tag?post=41896"}],"curies":[{"name":"wp","href":"https:\/\/api.w.org\/{rel}","templated":true}]}}