{"id":41911,"date":"2026-01-10T08:51:37","date_gmt":"2026-01-10T08:51:37","guid":{"rendered":"https:\/\/www.freeshopfrontiera.ch\/shop\/lattafa-mayar-natural-intense-eau-de-parfum-100ml\/"},"modified":"2026-03-31T08:56:26","modified_gmt":"2026-03-31T08:56:26","slug":"lattafa-mayar-natural-intense-eau-de-parfum-100ml","status":"publish","type":"product","link":"https:\/\/www.freeshopfrontiera.ch\/fr\/shop\/lattafa-mayar-natural-intense-eau-de-parfum-100ml\/","title":{"rendered":"LATTAFA Mayar Natural Intense Eau de Parfum 100ml"},"content":{"rendered":"<p data-start=\"3913\" data-end=\"4000\"><strong data-start=\"3913\" data-end=\"4000\">Lattafa Mayar Natural Intense Eau de Parfum 100ml \u2013 Parfum frais, fruit\u00e9 et \u00e9l\u00e9gant<\/strong><\/p>\n<p data-start=\"4002\" data-end=\"4370\">Lattafa Mayar Natural Intense Eau de Parfum 100ml est une fragrance lumineuse et raffin\u00e9e, con\u00e7ue pour ceux qui souhaitent exprimer une fra\u00eecheur naturelle avec une touche moderne et \u00e9l\u00e9gante. Cette composition harmonieuse associe des notes fruit\u00e9es et florales parfaitement \u00e9quilibr\u00e9es, offrant une sensation de l\u00e9g\u00e8ret\u00e9 sophistiqu\u00e9e pour chaque moment de la journ\u00e9e.<\/p>\n<p data-start=\"4372\" data-end=\"4763\">L\u2019ouverture est vive et p\u00e9tillante, avec des notes de t\u00eate fruit\u00e9es et agrum\u00e9es qui apportent \u00e9nergie et fra\u00eecheur imm\u00e9diate. Le c\u0153ur d\u00e9voile un bouquet floral d\u00e9licat, doux et f\u00e9minin, ajoutant \u00e9l\u00e9gance et profondeur \u00e0 la fragrance. Le fond est propre et enveloppant, avec des notes musqu\u00e9es et de l\u00e9g\u00e8res nuances bois\u00e9es qui assurent une tenue raffin\u00e9e et un sillage subtil mais s\u00e9duisant.<\/p>\n<p data-start=\"4765\" data-end=\"5046\">Mayar Natural Intense se distingue par sa polyvalence et sa fra\u00eecheur, le rendant parfait pour un usage quotidien, notamment pendant les saisons chaudes. Sa tenue et son caract\u00e8re lumineux en font un choix id\u00e9al pour ceux qui recherchent un parfum naturel, \u00e9l\u00e9gant et contemporain.<\/p>\n<p data-start=\"5048\" data-end=\"5245\" data-is-last-node=\"\" data-is-only-node=\"\">Parfait pour les amateurs de parfums frais, fruit\u00e9s et floraux, Lattafa Mayar Natural Intense offre une exp\u00e9rience olfactive harmonieuse et moderne, symbole de f\u00e9minit\u00e9, de fra\u00eecheur et d\u2019\u00e9l\u00e9gance.<\/p>\n<p data-start=\"1137\" data-end=\"1340\">Follow us! <a href=\"https:\/\/www.instagram.com\/freeshopswiss\/\" target=\"_blank\" rel=\"noopener\">@freeshopswiss\u00a0<\/a><\/p>\n","protected":false},"excerpt":{"rendered":"<p>Lattafa Mayar Natural Intense Eau de Parfum 100ml est une fragrance lumineuse et raffin\u00e9e, con\u00e7ue pour ceux qui souhaitent exprimer une fra\u00eecheur naturelle avec une touche moderne et \u00e9l\u00e9gante.<\/p>\n","protected":false},"featured_media":41906,"comment_status":"open","ping_status":"closed","template":"","meta":[],"pwb-brand":[772],"product_brand":[],"product_cat":[87,109],"product_tag":[252,296,789,97],"class_list":{"0":"post-41911","1":"product","2":"type-product","3":"status-publish","4":"has-post-thumbnail","6":"pwb-brand-lattafa","7":"product_cat-parfums","8":"product_cat-pour-elle","9":"product_tag-eau-de-parfum-fr","10":"product_tag-femme","11":"product_tag-womens-fragrances-fr","12":"product_tag-parfums","14":"first","15":"instock","16":"sale","17":"taxable","18":"shipping-taxable","19":"purchasable","20":"product-type-simple"},"brands":[{"id":772,"name":"Lattafa","slug":"lattafa"}],"_links":{"self":[{"href":"https:\/\/www.freeshopfrontiera.ch\/fr\/wp-json\/wp\/v2\/product\/41911","targetHints":{"allow":["GET"]}}],"collection":[{"href":"https:\/\/www.freeshopfrontiera.ch\/fr\/wp-json\/wp\/v2\/product"}],"about":[{"href":"https:\/\/www.freeshopfrontiera.ch\/fr\/wp-json\/wp\/v2\/types\/product"}],"replies":[{"embeddable":true,"href":"https:\/\/www.freeshopfrontiera.ch\/fr\/wp-json\/wp\/v2\/comments?post=41911"}],"version-history":[{"count":1,"href":"https:\/\/www.freeshopfrontiera.ch\/fr\/wp-json\/wp\/v2\/product\/41911\/revisions"}],"predecessor-version":[{"id":41915,"href":"https:\/\/www.freeshopfrontiera.ch\/fr\/wp-json\/wp\/v2\/product\/41911\/revisions\/41915"}],"wp:featuredmedia":[{"embeddable":true,"href":"https:\/\/www.freeshopfrontiera.ch\/fr\/wp-json\/wp\/v2\/media\/41906"}],"wp:attachment":[{"href":"https:\/\/www.freeshopfrontiera.ch\/fr\/wp-json\/wp\/v2\/media?parent=41911"}],"wp:term":[{"taxonomy":"pwb-brand","embeddable":true,"href":"https:\/\/www.freeshopfrontiera.ch\/fr\/wp-json\/wp\/v2\/pwb-brand?post=41911"},{"taxonomy":"product_brand","embeddable":true,"href":"https:\/\/www.freeshopfrontiera.ch\/fr\/wp-json\/wp\/v2\/product_brand?post=41911"},{"taxonomy":"product_cat","embeddable":true,"href":"https:\/\/www.freeshopfrontiera.ch\/fr\/wp-json\/wp\/v2\/product_cat?post=41911"},{"taxonomy":"product_tag","embeddable":true,"href":"https:\/\/www.freeshopfrontiera.ch\/fr\/wp-json\/wp\/v2\/product_tag?post=41911"}],"curies":[{"name":"wp","href":"https:\/\/api.w.org\/{rel}","templated":true}]}}