{"id":42049,"date":"2026-01-10T07:27:47","date_gmt":"2026-01-10T07:27:47","guid":{"rendered":"https:\/\/www.freeshopfrontiera.ch\/shop\/roberto-cavalli-paradiso-eau-de-parfum-100ml\/"},"modified":"2026-04-09T07:31:37","modified_gmt":"2026-04-09T07:31:37","slug":"roberto-cavalli-paradiso-eau-de-parfum-100ml","status":"publish","type":"product","link":"https:\/\/www.freeshopfrontiera.ch\/fr\/shop\/roberto-cavalli-paradiso-eau-de-parfum-100ml\/","title":{"rendered":"ROBERTO CAVALLI Paradiso Eau de Parfum 100ml"},"content":{"rendered":"<p data-start=\"19\" data-end=\"104\"><strong data-start=\"19\" data-end=\"104\">Roberto Cavalli Paradiso Eau de Parfum 100ml \u2013 Parfum F\u00e9minin Lumineux et Sensuel<\/strong><\/p>\n<p data-start=\"106\" data-end=\"611\">Roberto Cavalli Paradiso Eau de Parfum 100ml est une c\u00e9l\u00e9bration de la beaut\u00e9 naturelle, du soleil et de la libert\u00e9, enferm\u00e9e dans une fragrance raffin\u00e9e et s\u00e9duisante. Inspir\u00e9 des paysages m\u00e9diterran\u00e9ens et du luxe d\u00e9contract\u00e9 des vacances italiennes, ce parfum incarne l\u2019essence d\u2019une f\u00e9minit\u00e9 radieuse, \u00e9l\u00e9gante et irr\u00e9sistiblement sensuelle. Parfait pour la femme qui aime se d\u00e9marquer avec un style sophistiqu\u00e9 et solaire, Paradiso est une v\u00e9ritable escapade sensorielle vers un lieu d\u2019harmonie pure.<\/p>\n<p data-start=\"613\" data-end=\"1106\">L\u2019ouverture est fra\u00eeche et lumineuse, gr\u00e2ce aux notes de t\u00eate d\u2019agrumes de bergamote et de mandarine, qui offrent une sensation imm\u00e9diate de vitalit\u00e9 et de l\u00e9g\u00e8ret\u00e9. Au c\u0153ur de la fragrance, un \u00e9l\u00e9gant bouquet floral domin\u00e9 par le jasmin sauvage, symbole de f\u00e9minit\u00e9 et de raffinement, enveloppe les sens avec sa d\u00e9licatesse envo\u00fbtante. Le fond devient chaud et sensuel, avec des notes de cypr\u00e8s, de pin et de laurier rose, apportant profondeur, caract\u00e8re et un sillage sophistiqu\u00e9 et durable.<\/p>\n<p data-start=\"1108\" data-end=\"1530\">Caract\u00e9ris\u00e9 par un style lumineux et s\u00e9duisant, Roberto Cavalli Paradiso est id\u00e9al pour un usage quotidien, surtout pendant les saisons chaudes, mais il convient \u00e9galement parfaitement aux occasions sp\u00e9ciales o\u00f9 l\u2019on souhaite laisser une impression inoubliable. Son \u00e9quilibre entre fra\u00eecheur et sensualit\u00e9 en fait un parfum polyvalent, capable de sublimer la personnalit\u00e9 de celle qui le porte avec une \u00e9l\u00e9gance naturelle.<\/p>\n<p data-start=\"1532\" data-end=\"1752\">Parfait pour celles qui recherchent un parfum f\u00e9minin raffin\u00e9, moderne et solaire, Paradiso Eau de Parfum 100ml est une invitation \u00e0 vivre chaque jour comme une escapade dans un paradis de luxe et de beaut\u00e9 intemporelle.<\/p>\n<p data-start=\"1513\" data-end=\"1709\" data-is-last-node=\"\" data-is-only-node=\"\">Follow us! <a href=\"https:\/\/www.instagram.com\/freeshopswiss\/\" target=\"_blank\" rel=\"noopener\">@freeshopswiss\u00a0<\/a><\/p>\n","protected":false},"excerpt":{"rendered":"<p>Roberto Cavalli Paradiso Eau de Parfum 100ml est une c\u00e9l\u00e9bration de la beaut\u00e9 naturelle, du soleil et de la libert\u00e9, enferm\u00e9e dans une fragrance raffin\u00e9e et s\u00e9duisante.<\/p>\n","protected":false},"featured_media":42043,"comment_status":"open","ping_status":"closed","template":"","meta":[],"pwb-brand":[269],"product_brand":[],"product_cat":[87,109,4195],"product_tag":[252,296,789,278,97],"class_list":{"0":"post-42049","1":"product","2":"type-product","3":"status-publish","4":"has-post-thumbnail","6":"pwb-brand-roberto-cavalli","7":"product_cat-parfums","8":"product_cat-pour-elle","9":"product_cat-parfums-offer","10":"product_tag-eau-de-parfum-fr","11":"product_tag-femme","12":"product_tag-womens-fragrances-fr","13":"product_tag-offre","14":"product_tag-parfums","16":"first","17":"instock","18":"sale","19":"taxable","20":"shipping-taxable","21":"purchasable","22":"product-type-simple"},"brands":[{"id":269,"name":"Roberto Cavalli","slug":"roberto-cavalli"}],"_links":{"self":[{"href":"https:\/\/www.freeshopfrontiera.ch\/fr\/wp-json\/wp\/v2\/product\/42049","targetHints":{"allow":["GET"]}}],"collection":[{"href":"https:\/\/www.freeshopfrontiera.ch\/fr\/wp-json\/wp\/v2\/product"}],"about":[{"href":"https:\/\/www.freeshopfrontiera.ch\/fr\/wp-json\/wp\/v2\/types\/product"}],"replies":[{"embeddable":true,"href":"https:\/\/www.freeshopfrontiera.ch\/fr\/wp-json\/wp\/v2\/comments?post=42049"}],"version-history":[{"count":1,"href":"https:\/\/www.freeshopfrontiera.ch\/fr\/wp-json\/wp\/v2\/product\/42049\/revisions"}],"predecessor-version":[{"id":42053,"href":"https:\/\/www.freeshopfrontiera.ch\/fr\/wp-json\/wp\/v2\/product\/42049\/revisions\/42053"}],"wp:featuredmedia":[{"embeddable":true,"href":"https:\/\/www.freeshopfrontiera.ch\/fr\/wp-json\/wp\/v2\/media\/42043"}],"wp:attachment":[{"href":"https:\/\/www.freeshopfrontiera.ch\/fr\/wp-json\/wp\/v2\/media?parent=42049"}],"wp:term":[{"taxonomy":"pwb-brand","embeddable":true,"href":"https:\/\/www.freeshopfrontiera.ch\/fr\/wp-json\/wp\/v2\/pwb-brand?post=42049"},{"taxonomy":"product_brand","embeddable":true,"href":"https:\/\/www.freeshopfrontiera.ch\/fr\/wp-json\/wp\/v2\/product_brand?post=42049"},{"taxonomy":"product_cat","embeddable":true,"href":"https:\/\/www.freeshopfrontiera.ch\/fr\/wp-json\/wp\/v2\/product_cat?post=42049"},{"taxonomy":"product_tag","embeddable":true,"href":"https:\/\/www.freeshopfrontiera.ch\/fr\/wp-json\/wp\/v2\/product_tag?post=42049"}],"curies":[{"name":"wp","href":"https:\/\/api.w.org\/{rel}","templated":true}]}}