{"id":42074,"date":"2026-04-09T08:25:09","date_gmt":"2026-04-09T08:25:09","guid":{"rendered":"https:\/\/www.freeshopfrontiera.ch\/shop\/thierry-mugler-angel-nova-25ml\/"},"modified":"2026-04-09T08:36:27","modified_gmt":"2026-04-09T08:36:27","slug":"thierry-mugler-angel-nova-25ml","status":"publish","type":"product","link":"https:\/\/www.freeshopfrontiera.ch\/fr\/shop\/thierry-mugler-angel-nova-25ml\/","title":{"rendered":"THIERRY MUGLER Angel Nova 25ml"},"content":{"rendered":"<div class=\"flex flex-col text-sm\">\n<section class=\"text-token-text-primary w-full focus:outline-none [--shadow-height:45px] has-data-writing-block:pointer-events-none has-data-writing-block:-mt-(--shadow-height) has-data-writing-block:pt-(--shadow-height) [&amp;:has([data-writing-block])&gt;*]:pointer-events-auto scroll-mt-[calc(var(--header-height)+min(200px,max(70px,20svh)))]\" dir=\"auto\" data-turn-id=\"request-WEB:a8282d08-cec8-4de0-9b8a-4eb3cec990f5-6\" data-testid=\"conversation-turn-14\" data-scroll-anchor=\"true\" data-turn=\"assistant\">\n<div class=\"text-base my-auto mx-auto pb-10 [--thread-content-margin:var(--thread-content-margin-xs,calc(var(--spacing)*4))] @w-sm\/main:[--thread-content-margin:var(--thread-content-margin-sm,calc(var(--spacing)*6))] @w-lg\/main:[--thread-content-margin:var(--thread-content-margin-lg,calc(var(--spacing)*16))] px-(--thread-content-margin)\">\n<div class=\"[--thread-content-max-width:40rem] @w-lg\/main:[--thread-content-max-width:48rem] mx-auto max-w-(--thread-content-max-width) flex-1 group\/turn-messages focus-visible:outline-hidden relative flex w-full min-w-0 flex-col agent-turn\">\n<div class=\"flex max-w-full flex-col gap-4 grow\">\n<div class=\"min-h-8 text-message relative flex w-full flex-col items-end gap-2 text-start break-words whitespace-normal outline-none keyboard-focused:focus-ring [.text-message+&amp;]:mt-1\" dir=\"auto\" tabindex=\"0\" data-message-author-role=\"assistant\" data-message-id=\"deee5df1-4ce2-488f-a821-69eba90a009a\" data-message-model-slug=\"gpt-5-3\" data-turn-start-message=\"true\">\n<div class=\"flex w-full flex-col gap-1 empty:hidden\">\n<div class=\"markdown prose dark:prose-invert w-full wrap-break-word light markdown-new-styling\">\n<p data-start=\"2268\" data-end=\"2353\"><strong data-start=\"2268\" data-end=\"2353\">Thierry Mugler Angel Nova Eau de Parfum 25ml \u2013 Parfum F\u00e9minin Fruit\u00e9 et Audacieux<\/strong><\/p>\n<p data-start=\"2355\" data-end=\"2688\">Thierry Mugler Angel Nova Eau de Parfum 25ml est une fragrance moderne et captivante, con\u00e7ue pour une femme audacieuse qui transforme ses r\u00eaves en r\u00e9alit\u00e9. Cette cr\u00e9ation de Mugler incarne une nouvelle vision de la f\u00e9minit\u00e9 : intense, cr\u00e9ative et pleine d\u2019\u00e9nergie, enferm\u00e9e dans l\u2019iconique flacon \u00e9toile d\u2019un rose framboise \u00e9clatant.<\/p>\n<p data-start=\"2690\" data-end=\"3072\">L\u2019ouverture est lumineuse et gourmande, gr\u00e2ce aux <strong data-start=\"2740\" data-end=\"2783\">notes de t\u00eate de framboise et de litchi<\/strong>, offrant une explosion fruit\u00e9e, juteuse et sucr\u00e9e. Au c\u0153ur, une <strong data-start=\"2848\" data-end=\"2873\">rose de Damas moderne<\/strong>, sublim\u00e9e par des techniques innovantes et durables, apporte \u00e9l\u00e9gance et intensit\u00e9. Le fond est chaud et sensuel, avec <strong data-start=\"2993\" data-end=\"3019\">akigalawood et benjoin<\/strong>, cr\u00e9ant un sillage bois\u00e9 distinctif et longue dur\u00e9e.<\/p>\n<p data-start=\"3074\" data-end=\"3362\" data-is-last-node=\"\" data-is-only-node=\"\">Le style est audacieux et contemporain, m\u00ealant douceur fruit\u00e9e, \u00e9l\u00e9gance florale et profondeur bois\u00e9e. Id\u00e9al pour le jour comme pour le soir, surtout pendant les saisons plus fra\u00eeches ou lors d\u2019occasions sp\u00e9ciales. Parfait pour les femmes qui recherchent un parfum affirm\u00e9 et inoubliable.<\/p>\n<\/div>\n<\/div>\n<\/div>\n<\/div>\n<div class=\"z-0 flex min-h-[46px] justify-start\"><\/div>\n<\/div>\n<\/div>\n<\/section>\n<\/div>\n<p data-start=\"1047\" data-end=\"1386\" data-is-last-node=\"\" data-is-only-node=\"\">Follow us! <a href=\"https:\/\/www.instagram.com\/freeshopswiss\/\" target=\"_blank\" rel=\"noopener\">@freeshopswiss<\/a><\/p>\n","protected":false},"excerpt":{"rendered":"<p>Thierry Mugler Angel Nova Eau de Parfum 25ml est une fragrance moderne et captivante, con\u00e7ue pour une femme audacieuse qui transforme ses r\u00eaves en r\u00e9alit\u00e9.<\/p>\n","protected":false},"featured_media":42066,"comment_status":"open","ping_status":"closed","template":"","meta":[],"pwb-brand":[395],"product_brand":[],"product_cat":[87,109],"product_tag":[252,296,789,97],"class_list":{"0":"post-42074","1":"product","2":"type-product","3":"status-publish","4":"has-post-thumbnail","6":"pwb-brand-thierry-mugler","7":"product_cat-parfums","8":"product_cat-pour-elle","9":"product_tag-eau-de-parfum-fr","10":"product_tag-femme","11":"product_tag-womens-fragrances-fr","12":"product_tag-parfums","14":"first","15":"instock","16":"sale","17":"taxable","18":"shipping-taxable","19":"purchasable","20":"product-type-simple"},"brands":[{"id":395,"name":"Thierry Mugler","slug":"thierry-mugler"}],"_links":{"self":[{"href":"https:\/\/www.freeshopfrontiera.ch\/fr\/wp-json\/wp\/v2\/product\/42074","targetHints":{"allow":["GET"]}}],"collection":[{"href":"https:\/\/www.freeshopfrontiera.ch\/fr\/wp-json\/wp\/v2\/product"}],"about":[{"href":"https:\/\/www.freeshopfrontiera.ch\/fr\/wp-json\/wp\/v2\/types\/product"}],"replies":[{"embeddable":true,"href":"https:\/\/www.freeshopfrontiera.ch\/fr\/wp-json\/wp\/v2\/comments?post=42074"}],"version-history":[{"count":1,"href":"https:\/\/www.freeshopfrontiera.ch\/fr\/wp-json\/wp\/v2\/product\/42074\/revisions"}],"predecessor-version":[{"id":42079,"href":"https:\/\/www.freeshopfrontiera.ch\/fr\/wp-json\/wp\/v2\/product\/42074\/revisions\/42079"}],"wp:featuredmedia":[{"embeddable":true,"href":"https:\/\/www.freeshopfrontiera.ch\/fr\/wp-json\/wp\/v2\/media\/42066"}],"wp:attachment":[{"href":"https:\/\/www.freeshopfrontiera.ch\/fr\/wp-json\/wp\/v2\/media?parent=42074"}],"wp:term":[{"taxonomy":"pwb-brand","embeddable":true,"href":"https:\/\/www.freeshopfrontiera.ch\/fr\/wp-json\/wp\/v2\/pwb-brand?post=42074"},{"taxonomy":"product_brand","embeddable":true,"href":"https:\/\/www.freeshopfrontiera.ch\/fr\/wp-json\/wp\/v2\/product_brand?post=42074"},{"taxonomy":"product_cat","embeddable":true,"href":"https:\/\/www.freeshopfrontiera.ch\/fr\/wp-json\/wp\/v2\/product_cat?post=42074"},{"taxonomy":"product_tag","embeddable":true,"href":"https:\/\/www.freeshopfrontiera.ch\/fr\/wp-json\/wp\/v2\/product_tag?post=42074"}],"curies":[{"name":"wp","href":"https:\/\/api.w.org\/{rel}","templated":true}]}}